{"id":4128,"date":"2024-09-10T13:40:38","date_gmt":"2024-09-10T11:40:38","guid":{"rendered":"https:\/\/asurb.com\/asurb3\/?page_id=4128"},"modified":"2024-10-11T17:23:31","modified_gmt":"2024-10-11T15:23:31","slug":"ashkal-10","status":"publish","type":"page","link":"https:\/\/asurb.com\/asurb3\/?page_id=4128","title":{"rendered":"Six pieds sur terre"},"content":{"rendered":"\n<p><img data-recalc-dims=\"1\" loading=\"lazy\" decoding=\"async\" data-attachment-id=\"4218\" data-permalink=\"https:\/\/asurb.com\/asurb3\/?attachment_id=4218\" data-orig-file=\"https:\/\/i0.wp.com\/asurb.com\/asurb3\/wp-content\/uploads\/2024\/10\/SIX-PIEDS-SUR-TERRE.jpg?fit=1370%2C1866&amp;ssl=1\" data-orig-size=\"1370,1866\" data-comments-opened=\"1\" data-image-meta=\"{&quot;aperture&quot;:&quot;0&quot;,&quot;credit&quot;:&quot;&quot;,&quot;camera&quot;:&quot;&quot;,&quot;caption&quot;:&quot;&quot;,&quot;created_timestamp&quot;:&quot;0&quot;,&quot;copyright&quot;:&quot;&quot;,&quot;focal_length&quot;:&quot;0&quot;,&quot;iso&quot;:&quot;0&quot;,&quot;shutter_speed&quot;:&quot;0&quot;,&quot;title&quot;:&quot;&quot;,&quot;orientation&quot;:&quot;0&quot;}\" data-image-title=\"SIX-PIEDS-SUR-TERRE\" data-image-description=\"\" data-image-caption=\"\" data-large-file=\"https:\/\/i0.wp.com\/asurb.com\/asurb3\/wp-content\/uploads\/2024\/10\/SIX-PIEDS-SUR-TERRE.jpg?fit=752%2C1024&amp;ssl=1\" class=\" wp-image-4218 alignright\" src=\"https:\/\/i0.wp.com\/asurb.com\/asurb3\/wp-content\/uploads\/2024\/10\/SIX-PIEDS-SUR-TERRE.jpg?resize=170%2C232&#038;ssl=1\" alt=\"\" width=\"170\" height=\"232\" srcset=\"https:\/\/i0.wp.com\/asurb.com\/asurb3\/wp-content\/uploads\/2024\/10\/SIX-PIEDS-SUR-TERRE.jpg?resize=220%2C300&amp;ssl=1 220w, https:\/\/i0.wp.com\/asurb.com\/asurb3\/wp-content\/uploads\/2024\/10\/SIX-PIEDS-SUR-TERRE.jpg?resize=752%2C1024&amp;ssl=1 752w, https:\/\/i0.wp.com\/asurb.com\/asurb3\/wp-content\/uploads\/2024\/10\/SIX-PIEDS-SUR-TERRE.jpg?resize=100%2C136&amp;ssl=1 100w, https:\/\/i0.wp.com\/asurb.com\/asurb3\/wp-content\/uploads\/2024\/10\/SIX-PIEDS-SUR-TERRE.jpg?resize=600%2C817&amp;ssl=1 600w, https:\/\/i0.wp.com\/asurb.com\/asurb3\/wp-content\/uploads\/2024\/10\/SIX-PIEDS-SUR-TERRE.jpg?resize=1128%2C1536&amp;ssl=1 1128w, https:\/\/i0.wp.com\/asurb.com\/asurb3\/wp-content\/uploads\/2024\/10\/SIX-PIEDS-SUR-TERRE.jpg?resize=1320%2C1798&amp;ssl=1 1320w, https:\/\/i0.wp.com\/asurb.com\/asurb3\/wp-content\/uploads\/2024\/10\/SIX-PIEDS-SUR-TERRE.jpg?w=1370&amp;ssl=1 1370w\" sizes=\"auto, (max-width: 170px) 100vw, 170px\" \/>De Karim BENSALAH \u2013 France, Alg\u00e9rie \u2013 2023 \u2013 100 min \u2013 fiction \u2013 VO arabe fran\u00e7ais STF<\/p>\n<p>S\u00e9lectionn\u00e9 en comp\u00e9tition au Festival du cin\u00e9ma m\u00e9diterran\u00e9en de Montpellier 2023 et au Festival premiers plans d\u2019Angers \u00a0<\/p>\n<p>Sc\u00e9nario : Karim Bensalah, Jamal Belmahi \u00a0&#8211; Image : Pierre-Hubert Martin \u2013 Son : Romain Cadilhac \u2013 Montage : B\u00e9n\u00e9dicte Cazauran \u2013 D\u00e9cors : Gabrielle Desjean \u2013 Costumes : Charlotte Lebourgeois \u2013 Interpr\u00e9tation : Hamza Meziani, Kader Affak, Souad Arsane, Mostefa Djadjam, Magdalena Laubish, Abbes Zahmani, Karina Testa, Mehdi Djaadi\u2013 Production \u00a0: Oualid Baha, Eug\u00e9nie Michel-Villette &#8211; Distribution : Jour2F\u00eate<\/p>\n<p><strong><span style=\"color: #ff0000;\">Synopsis<\/span> <br \/><\/strong><\/p>\n<p>Sofiane, fils d\u2019un ex-diplomate alg\u00e9rien, a beaucoup voyag\u00e9. Tr\u00e8s insouciant, install\u00e9 \u00e0 Lyon pour ses \u00e9tudes, culturellement partag\u00e9, il ne trouve sa place nulle part, rien ne le motive vraiment, sinon faire la f\u00eate. Sous le coup d\u2019une menace administrative, il se voit dans l\u2019obligation de travailler dans les pompes fun\u00e8bres musulmanes pour \u00e9viter son expulsion du territoire fran\u00e7ais. C\u2019est un choc ! Initi\u00e9 par un vieil Alg\u00e9rien aux rites fun\u00e9raires et au respect des morts, il va finir par se d\u00e9couvrir dans un parcours initiatique qui le conduira \u00e0 construire sa propre identit\u00e9 et \u00e0 passer peu \u00e0 peu vers l\u2019\u00e2ge adulte.<strong>\u00a0 <br \/><\/strong>Karim Bensalah s&rsquo;inspire de son histoire familiale pour d\u00e9fendre ses racines en pr\u00e9cisant : \u00ab\u00a0Mon arabit\u00e9 s&rsquo;est r\u00e9veill\u00e9e en France. Avant d&rsquo;y vivre, j&rsquo;\u00e9tais, ou plus exactement je me sentais \u00a0\u00bb comme tout le monde\u00a0\u00bb. Arriv\u00e9 en France, tout \u00e0 coup on me confronte \u00e0 mon identit\u00e9 arabe, on ne me laisse plus choisir qui je suis, et on me demande si je me sens plus alg\u00e9rien ou br\u00e9silien.\u00a0\u00bb<\/p>\n<p>\u00ab\u00a0Ce beau film initiatique qui fait le choix audacieux de s&rsquo;inscrire dans l&rsquo;univers des pompes fun\u00e8bres musulmanes arrive \u00e0 aborder les sujets de l&rsquo;identit\u00e9, de la double culture, de la foi, du rapport au corps, des sujets complexes, avec une humanit\u00e9 et une finesse non d\u00e9pourvue d\u2019humour. Peu d\u2019acteurs et actrices tr\u00e8s connus en France mais de nombreux personnages secondaires qui apportent beaucoup au sc\u00e9nario, et un acteur principal (Karim Meziani) qui arrive, malgr\u00e9 un personnage tr\u00e8s aga\u00e7ant au d\u00e9marrage de l&rsquo;histoire, \u00e0 nous \u00e9mouvoir au fur et \u00e0 mesure de son parcours.\u00a0\u00bb Jacques Mandelbaum (Le Monde)<\/p>\n<p><span style=\"color: #ff0000;\"><strong>\u00a0<\/strong><strong>Le r\u00e9alisateur <\/strong><\/span><\/p>\n<p>N\u00e9 \u00e0 Alger d\u2019un p\u00e8re alg\u00e9rien et d\u2019une m\u00e8re br\u00e9silienne, Karim Bensallah grandit \u00e0 Ha\u00efti et au S\u00e9n\u00e9gal avant de faire ses \u00e9tudes universitaires \u00e0 Paris. Il r\u00e9alise des courts m\u00e9trages, notamment avec le Collectif Tribudom dans les quartiers populaires de Paris et de sa banlieue, et travaille dans l\u2019\u00e9ducation \u00e0 l\u2019image. <em>Six pieds sur terre<\/em>, son premier long m\u00e9trage sort le 19 juin 2024 dans les salles fran\u00e7aises. Son titre d\u00e9tourne celui de Six Feet Under, s\u00e9rie HBO irr\u00e9v\u00e9rencieuse sur la quotidiennet\u00e9 de la mort.<\/p>\n\n\n","protected":false},"excerpt":{"rendered":"<p>De Karim BENSALAH \u2013 France, Alg\u00e9rie \u2013 2023 \u2013 100 min \u2013 fiction \u2013 VO arabe fran\u00e7ais STF S\u00e9lectionn\u00e9 en comp\u00e9tition au Festival du cin\u00e9ma m\u00e9diterran\u00e9en de Montpellier 2023 et [&hellip;]<\/p>\n","protected":false},"author":1,"featured_media":0,"parent":0,"menu_order":0,"comment_status":"closed","ping_status":"closed","template":"","meta":{"footnotes":""},"class_list":["post-4128","page","type-page","status-publish","hentry"],"jetpack_sharing_enabled":true,"jetpack_shortlink":"https:\/\/wp.me\/P7C6tF-14A","jetpack-related-posts":[{"id":2519,"url":"https:\/\/asurb.com\/asurb3\/?page_id=2519","url_meta":{"origin":4128,"position":0},"title":"En attendant les hirondelles","author":"webmaster","date":"22 septembre 2019","format":false,"excerpt":"\u00a0De Karim MOUSSAOUI \u2013 Alg\u00e9rie\/France \u2013 2017 -113 min \u2013 Fiction - VOSTF Film s\u00e9lectionn\u00e9 dans de nombreux festivals Sc\u00e9nario\u00a0: Karim Moussaoui, Maud Ameline \u2013 Image\u00a0: David Chambille \u2013 Montage\u00a0: Thomas Marchand - Son\u00a0: Arnaud Marten\u2013 D\u00e9cor\u00a0: Hamid Boughrara \u2013Costumes\u00a0: Maya Benchikh - Chor\u00e9graphie\u00a0: Georgia Ives - Interpr\u00e9tation\u00a0:Mohamed Djouhri, \u00a0Sonia\u2026","rel":"","context":"Article similaire","block_context":{"text":"Article similaire","link":""},"img":{"alt_text":"","src":"","width":0,"height":0},"classes":[]},{"id":454,"url":"https:\/\/asurb.com\/asurb3\/?page_id=454","url_meta":{"origin":4128,"position":1},"title":"The curse ( La mal\u00e9diction )","author":"webmaster","date":"5 juin 2016","format":false,"excerpt":"Maroc - 2012 - 16 min - drame - fiction - couleur - VO arabe STF R\u00e9alisation : Fyzal Boulifa ; Sc\u00e9nario : Fyzal Boulifa ; Image : Taina Galis ; Son : Sebastian Dale ; Montage : Taina Galis, Fyzal Boulifa ; Interpr\u00e9tation : Ibtissam Zabara, Mohammed Hanouchi, Sabrine\u2026","rel":"","context":"Article similaire","block_context":{"text":"Article similaire","link":""},"img":{"alt_text":"The-Curse_fiche","src":"https:\/\/i0.wp.com\/asurb.com\/asurb3\/wp-content\/uploads\/2016\/06\/The-Curse_fiche.jpg?resize=350%2C200&ssl=1","width":350,"height":200},"classes":[]},{"id":772,"url":"https:\/\/asurb.com\/asurb3\/?page_id=772","url_meta":{"origin":4128,"position":2},"title":"Quand ils dorment","author":"webmaster","date":"19 juin 2016","format":false,"excerpt":"De\u00a0 Maryam Touzani -\u00a0 17 min - Maroc -\u00a0 2011\u00a0 fiction -\u00a0 couleur - VO arabe STF -\u00a0 DVD Sc\u00e9nario : Myriam Touzani ;\u00a0 Image : Eric Devin ; Montage : Adil Mawadyi ; Son : Karim Ronda ; Interpr\u00e9tation : Nouhaila Ben Moumou, Mohamed Achab, Fatima Ezzahra El Jouhari,\u2026","rel":"","context":"Article similaire","block_context":{"text":"Article similaire","link":""},"img":{"alt_text":"","src":"","width":0,"height":0},"classes":[]},{"id":270,"url":"https:\/\/asurb.com\/asurb3\/?page_id=270","url_meta":{"origin":4128,"position":3},"title":"L&rsquo;op\u00e9ra du bout du monde","author":"webmaster","date":"4 juin 2016","format":false,"excerpt":"Madagascar - 2012 - documentaire - 96 min - couleur - VO malgache\/fran\u00e7ais, STFR R\u00e9alisation : Marie Cl\u00e9mence & C\u00e9sar Paes Sc\u00e9nario : Marie Cl\u00e9mence & C\u00e9sar Paes Interpr\u00e9tation : Aurore Ugolin, Landy Andriamboavonjy, Karim Bouzra, Steeve Heimanu Mai, Arnaud Dormeuil Montage : Marie Cl\u00e9mence et C\u00e9sar Paes, Agn\u00e8s Contensou\u2026","rel":"","context":"Article similaire","block_context":{"text":"Article similaire","link":""},"img":{"alt_text":"LOPERA_Fiche","src":"https:\/\/i0.wp.com\/asurb.com\/asurb3\/wp-content\/uploads\/2016\/06\/LOPERA_Fiche.jpg?resize=350%2C200&ssl=1","width":350,"height":200},"classes":[]},{"id":385,"url":"https:\/\/asurb.com\/asurb3\/?page_id=385","url_meta":{"origin":4128,"position":4},"title":"Mouja ( La vague )","author":"webmaster","date":"5 juin 2016","format":false,"excerpt":"Tunisie - 2012 - fiction - couleur - 12 min - VO en arabe tunisien STFR Pr\u00e9sent\u00e9 pour la premi\u00e8re fois aux JCC (Carthage) en 2010, le film a \u00e9t\u00e9 s\u00e9lectionn\u00e9 en 2012 dans plusieurs festivals : Festival de Courts-M\u00e9trages de Vaux-en-Velin, Festival international du Film d\u2019Amour de Mons, Festival\u2026","rel":"","context":"Article similaire","block_context":{"text":"Article similaire","link":""},"img":{"alt_text":"MOUJA_1_Fiche","src":"https:\/\/i0.wp.com\/asurb.com\/asurb3\/wp-content\/uploads\/2016\/06\/MOUJA_1_Fiche.jpg?resize=350%2C200&ssl=1","width":350,"height":200},"classes":[]},{"id":334,"url":"https:\/\/asurb.com\/asurb3\/?page_id=334","url_meta":{"origin":4128,"position":5},"title":"Le poisson noy\u00e9","author":"webmaster","date":"5 juin 2016","format":false,"excerpt":"De Malik AMARA - 18 min - Tunisie - 2008 Fiction - couleur - 35mm - version originale en arabe sous-titr\u00e9e en Fran\u00e7ais Sc\u00e9nario : Malik Amara ; Images : Nabil Saidi ; Montage : Penda Hourgambe ; Son : Karim Guerima ; D\u00e9cor : Axelle Amara ; Interpr\u00e9tation :\u2026","rel":"","context":"Article similaire","block_context":{"text":"Article similaire","link":""},"img":{"alt_text":"Malick_Amara_Fiche","src":"https:\/\/i0.wp.com\/asurb.com\/asurb3\/wp-content\/uploads\/2016\/06\/Malick_Amara_Fiche.jpg?resize=350%2C200&ssl=1","width":350,"height":200},"classes":[]}],"_links":{"self":[{"href":"https:\/\/asurb.com\/asurb3\/index.php?rest_route=\/wp\/v2\/pages\/4128","targetHints":{"allow":["GET"]}}],"collection":[{"href":"https:\/\/asurb.com\/asurb3\/index.php?rest_route=\/wp\/v2\/pages"}],"about":[{"href":"https:\/\/asurb.com\/asurb3\/index.php?rest_route=\/wp\/v2\/types\/page"}],"author":[{"embeddable":true,"href":"https:\/\/asurb.com\/asurb3\/index.php?rest_route=\/wp\/v2\/users\/1"}],"replies":[{"embeddable":true,"href":"https:\/\/asurb.com\/asurb3\/index.php?rest_route=%2Fwp%2Fv2%2Fcomments&post=4128"}],"version-history":[{"count":3,"href":"https:\/\/asurb.com\/asurb3\/index.php?rest_route=\/wp\/v2\/pages\/4128\/revisions"}],"predecessor-version":[{"id":4219,"href":"https:\/\/asurb.com\/asurb3\/index.php?rest_route=\/wp\/v2\/pages\/4128\/revisions\/4219"}],"wp:attachment":[{"href":"https:\/\/asurb.com\/asurb3\/index.php?rest_route=%2Fwp%2Fv2%2Fmedia&parent=4128"}],"curies":[{"name":"wp","href":"https:\/\/api.w.org\/{rel}","templated":true}]}}