{"id":4197,"date":"2024-10-09T15:02:50","date_gmt":"2024-10-09T13:02:50","guid":{"rendered":"https:\/\/asurb.com\/asurb3\/?page_id=4197"},"modified":"2024-10-11T17:25:52","modified_gmt":"2024-10-11T15:25:52","slug":"mica","status":"publish","type":"page","link":"https:\/\/asurb.com\/asurb3\/?page_id=4197","title":{"rendered":"Mica"},"content":{"rendered":"\n<p><img data-recalc-dims=\"1\" loading=\"lazy\" decoding=\"async\" data-attachment-id=\"4220\" data-permalink=\"https:\/\/asurb.com\/asurb3\/?attachment_id=4220\" data-orig-file=\"https:\/\/i0.wp.com\/asurb.com\/asurb3\/wp-content\/uploads\/2024\/10\/Mica.jpg?fit=185%2C273&amp;ssl=1\" data-orig-size=\"185,273\" data-comments-opened=\"1\" data-image-meta=\"{&quot;aperture&quot;:&quot;0&quot;,&quot;credit&quot;:&quot;&quot;,&quot;camera&quot;:&quot;&quot;,&quot;caption&quot;:&quot;&quot;,&quot;created_timestamp&quot;:&quot;0&quot;,&quot;copyright&quot;:&quot;&quot;,&quot;focal_length&quot;:&quot;0&quot;,&quot;iso&quot;:&quot;0&quot;,&quot;shutter_speed&quot;:&quot;0&quot;,&quot;title&quot;:&quot;&quot;,&quot;orientation&quot;:&quot;0&quot;}\" data-image-title=\"Mica\" data-image-description=\"\" data-image-caption=\"\" data-large-file=\"https:\/\/i0.wp.com\/asurb.com\/asurb3\/wp-content\/uploads\/2024\/10\/Mica.jpg?fit=185%2C273&amp;ssl=1\" class=\" wp-image-4220 alignright\" src=\"https:\/\/i0.wp.com\/asurb.com\/asurb3\/wp-content\/uploads\/2024\/10\/Mica.jpg?resize=155%2C229&#038;ssl=1\" alt=\"\" width=\"155\" height=\"229\" srcset=\"https:\/\/i0.wp.com\/asurb.com\/asurb3\/wp-content\/uploads\/2024\/10\/Mica.jpg?w=185&amp;ssl=1 185w, https:\/\/i0.wp.com\/asurb.com\/asurb3\/wp-content\/uploads\/2024\/10\/Mica.jpg?resize=100%2C148&amp;ssl=1 100w\" sizes=\"auto, (max-width: 155px) 100vw, 155px\" \/>De Isma\u00ebl <strong>Ferroukhi \u2013 <\/strong>2019 &#8211; Maroc \u2013 104min \u2013 Fiction \u2013 couleur \u2013 VO fran\u00e7ais\/arabe STF<\/p>\n<p>S\u00e9lectionn\u00e9 dans de nombreux festivals \u2013 Prix du meilleur sc\u00e9nario au Festival international du cin\u00e9ma d\u2019 auteur de Rabat<\/p>\n<p>Sc\u00e9nario : Isma\u00ebl Ferroukhi, Fadette Drouard \u2013 Image : \u00c9va Sehet \u2013 Son : Mohamed Timoumes \u2013 Montage : Elif Uluengin \u2013 D\u00e9cors : Samir Issoum \u2013 Musique : Hang Massive \u2013 Interpr\u00e9tation : Zakaria Inan, Sabrina Ouazani, Azelarab Kaghat \u2013 Production : Lamia Chraibi, Denis Carot , Marie Masmonteil, Ulysse Payet \u2013 Production d\u00e9l\u00e9gu\u00e9e : La Prod (Maroc) \u2013 Elz\u00e9vir Films(France) \u2013 Distribution : JHR Films.<\/p>\n<p><strong><span style=\"color: #ff0000;\">Synopsis<\/span> <br \/><\/strong><\/p>\n<p>Le jeune Sa\u00efd \u00e2g\u00e9 de 10 ans, issu d\u2019un bidonville, vend des sacs en plastique dans un souk, d\u2019o\u00f9 son surnom Mica. Amen\u00e9 un jour \u00e0 travailler pour subvenir aux besoins de sa famille, il est envoy\u00e9 \u00e0 Casablanca, dans un club de tennis hupp\u00e9, o\u00f9 il est employ\u00e9 comme \u00ab homme \u00e0 tout faire \u00bb et log\u00e9 chez Hadj, un vieil homme qui travaille aussi au club. C\u2019est l\u00e0 qu\u2019il commence \u00e0 s\u2019int\u00e9resser au tennis, en observant les autres joueurs, bien que d\u00e9test\u00e9 et harcel\u00e9 par ces derniers. Il fait aussi la connaissance de Sofia, l\u2019entra\u00eeneuse des \u00ab enfants de riches \u00bb. Elle remarque la motivation de Mica et lui propose alors de lui apprendre \u00e0 jouer au tennis\u2026<\/p>\n<p>\u00a0\u00ab Mica, c\u2019est l\u2019histoire d\u2019un enfant pauvre qui veut changer son destin, d\u00e9clare le r\u00e9alisateur. Dans son emploi, il va se heurter brutalement \u00e0 un monde qu\u2019il ne connaissait pas et faire face aux humiliations et au m\u00e9pris sans se rebeller. Alors que son r\u00eave de quitter le pays l\u2019obs\u00e8de de plus en plus, la rencontre d\u2019une \u00ab\u00a0bonne f\u00e9e\u00a0\u00bb lui fera entrevoir la possibilit\u00e9 d\u2019une vie meilleure sans avoir \u00e0 partir du Maroc s\u2019il surmonte les obstacles auxquels il est confront\u00e9.\u00a0Je voulais r\u00e9aliser un film d\u2019espoir. Je ne voulais pas faire un film mis\u00e9rabiliste mais un film humain, positif, ensoleill\u00e9 et po\u00e9tique, tout en \u00e9tant ancr\u00e9 dans la r\u00e9alit\u00e9. Mica est un conte avec tout ce que cela comprend de ce genre, l\u2019alliance de la cruaut\u00e9 avec la possibilit\u00e9 marqu\u00e9e de s\u2019en sortir.\u00a0\u00bb<\/p>\n<p><span style=\"color: #ff0000;\"><strong>\u00a0<\/strong><strong>Le r\u00e9alisateur <\/strong><\/span><\/p>\n<p>Isma\u00ebl Ferroukhi est un r\u00e9alisateur franco-marocain n\u00e9 en 1962 au Maroc. Il se fait connaitre en r\u00e9alisant son premier court-m\u00e9trage en 1992, <em>L\u2019Expos\u00e9<\/em>, qui remporte deux prix (Kodak e tprix SACD du meilleur court-m\u00e9trage) au Festival de Cannes. Ensuite, Isma\u00ebl Ferroukhi co-\u00e9crit le film de C\u00e9dric Kahn <em>Trop de Bonheur<\/em> (1994). Son premier long-m\u00e9trage, <em>Le Grand Voyage<\/em>, remporte le Lion du Future pour un premier film \u00e0 la Mostra de Venise, en 2004. Son deuxi\u00e8me long m\u00e9trage <em>Les Hommes Libres<\/em> (2011), a \u00e9t\u00e9 projet\u00e9 au Festival de Cannes en 2011.<\/p>\n","protected":false},"excerpt":{"rendered":"<p>De Isma\u00ebl Ferroukhi \u2013 2019 &#8211; Maroc \u2013 104min \u2013 Fiction \u2013 couleur \u2013 VO fran\u00e7ais\/arabe STF S\u00e9lectionn\u00e9 dans de nombreux festivals \u2013 Prix du meilleur sc\u00e9nario au Festival international [&hellip;]<\/p>\n","protected":false},"author":1,"featured_media":0,"parent":0,"menu_order":0,"comment_status":"closed","ping_status":"closed","template":"","meta":{"footnotes":""},"class_list":["post-4197","page","type-page","status-publish","hentry"],"jetpack_sharing_enabled":true,"jetpack_shortlink":"https:\/\/wp.me\/P7C6tF-15H","jetpack-related-posts":[{"id":1493,"url":"https:\/\/asurb.com\/asurb3\/?page_id=1493","url_meta":{"origin":4197,"position":0},"title":"L&rsquo;expos\u00e9","author":"webmaster","date":"9 d\u00e9cembre 2016","format":false,"excerpt":"De Isma\u00ebl FERROUKHI - Maroc\/France - 1992 - 23 min - fiction - VO fran\u00e7ais\/arabe ST fran\u00e7ais Sc\u00e9nario\u00a0: Camille Brottes, Isma\u00ebl Ferroukhi \u2013 Image\u00a0: Jean-Philippe Boyer \u2013 Montage\u00a0: C\u00e9dric Kahn \u2013 Musique\u00a0: Fairouz.D.Dekker \u2013 interpr\u00e9tation\u00a0:Akim Lahouiri, Catherine Corsini \u2013 Production\u00a0: Rezo film \u2013 Distribution\u00a0: Agence du Court-m\u00e9trage. Contact\u00a0: e.masson@agencecm.com Prix\u2026","rel":"","context":"Article similaire","block_context":{"text":"Article similaire","link":""},"img":{"alt_text":"ferroukhi_ismael_1992_l_expose_1","src":"https:\/\/i0.wp.com\/asurb.com\/asurb3\/wp-content\/uploads\/2016\/12\/FERROUKHI_Ismael_1992_L_expose_1-300x199.jpg?resize=350%2C200&ssl=1","width":350,"height":200},"classes":[]},{"id":3362,"url":"https:\/\/asurb.com\/asurb3\/?page_id=3362","url_meta":{"origin":4197,"position":1},"title":"Le bleu du caftan","author":"webmaster","date":"20 ao\u00fbt 2022","format":false,"excerpt":"De Maryam TOUZANI- Maroc - 2022 - 124 min - fiction \u2013 couleur- VO arabe STF Prix de la Critique Internationale (FIPRESCI) du Festival de Cannes 2022 dans la section Un Certain Regard. Sc\u00e9nario : Maryam Touzani en collaboration avec Nabil Ayouch \u2013 Image : Virginie Surdej \u2013 Son :\u2026","rel":"","context":"Article similaire","block_context":{"text":"Article similaire","link":""},"img":{"alt_text":"","src":"","width":0,"height":0},"classes":[]},{"id":454,"url":"https:\/\/asurb.com\/asurb3\/?page_id=454","url_meta":{"origin":4197,"position":2},"title":"The curse ( La mal\u00e9diction )","author":"webmaster","date":"5 juin 2016","format":false,"excerpt":"Maroc - 2012 - 16 min - drame - fiction - couleur - VO arabe STF R\u00e9alisation : Fyzal Boulifa ; Sc\u00e9nario : Fyzal Boulifa ; Image : Taina Galis ; Son : Sebastian Dale ; Montage : Taina Galis, Fyzal Boulifa ; Interpr\u00e9tation : Ibtissam Zabara, Mohammed Hanouchi, Sabrine\u2026","rel":"","context":"Article similaire","block_context":{"text":"Article similaire","link":""},"img":{"alt_text":"The-Curse_fiche","src":"https:\/\/i0.wp.com\/asurb.com\/asurb3\/wp-content\/uploads\/2016\/06\/The-Curse_fiche.jpg?resize=350%2C200&ssl=1","width":350,"height":200},"classes":[]},{"id":772,"url":"https:\/\/asurb.com\/asurb3\/?page_id=772","url_meta":{"origin":4197,"position":3},"title":"Quand ils dorment","author":"webmaster","date":"19 juin 2016","format":false,"excerpt":"De\u00a0 Maryam Touzani -\u00a0 17 min - Maroc -\u00a0 2011\u00a0 fiction -\u00a0 couleur - VO arabe STF -\u00a0 DVD Sc\u00e9nario : Myriam Touzani ;\u00a0 Image : Eric Devin ; Montage : Adil Mawadyi ; Son : Karim Ronda ; Interpr\u00e9tation : Nouhaila Ben Moumou, Mohamed Achab, Fatima Ezzahra El Jouhari,\u2026","rel":"","context":"Article similaire","block_context":{"text":"Article similaire","link":""},"img":{"alt_text":"","src":"","width":0,"height":0},"classes":[]},{"id":404,"url":"https:\/\/asurb.com\/asurb3\/?page_id=404","url_meta":{"origin":4197,"position":4},"title":"Ou vas-tu Mosh\u00e9 ?","author":"webmaster","date":"5 juin 2016","format":false,"excerpt":"De Hassan BENJELLOUN - 90 min - Maroc 2007 Fiction - com\u00e9die dramatique - couleur - 35mm - version originale en arabe marocain sous-titr\u00e9e en fran\u00e7ais. Sc\u00e9nario : Hassan Benjelloun ; Dialogues : Abdellah Chakin ; Image : Kamal Derkaoui ; Musique : Ned Bouhalassa ; Montage : Aube Foglia\u2026","rel":"","context":"Article similaire","block_context":{"text":"Article similaire","link":""},"img":{"alt_text":"Moshe_Fiche2010","src":"https:\/\/i0.wp.com\/asurb.com\/asurb3\/wp-content\/uploads\/2016\/06\/Moshe_Fiche2010.jpg?resize=350%2C200&ssl=1","width":350,"height":200},"classes":[]},{"id":1840,"url":"https:\/\/asurb.com\/asurb3\/?page_id=1840","url_meta":{"origin":4197,"position":5},"title":"Aya va \u00e0 la plage (Aya wal bahr)","author":"webmaster","date":"29 novembre 2017","format":false,"excerpt":"De Maryam TOUZANI Maroc -\u00a0 2015 -\u00a0 19 min\u00a0 - fiction \u2013 couleur \u2013 VO ArabeSTF Sc\u00e9nario\u00a0: Maryam Touzani \u2013 Son\u00a0: Sa\u00efd Radi \u2013 Image\u00a0: Amine Messadi \u2013 Montage\u00a0: Safaa Baraka, Hamane Safou \u2013 Interpretation\u00a0: Nouhaila Ben Moumou, Fatima Harrandi (Raouya), Badia Aziz. Producteur\u00a0: Nabil Ayouch\u00a0 (Ali'n Productions, www.alinprod.com), tel\u2026","rel":"","context":"Article similaire","block_context":{"text":"Article similaire","link":""},"img":{"alt_text":"","src":"","width":0,"height":0},"classes":[]}],"_links":{"self":[{"href":"https:\/\/asurb.com\/asurb3\/index.php?rest_route=\/wp\/v2\/pages\/4197","targetHints":{"allow":["GET"]}}],"collection":[{"href":"https:\/\/asurb.com\/asurb3\/index.php?rest_route=\/wp\/v2\/pages"}],"about":[{"href":"https:\/\/asurb.com\/asurb3\/index.php?rest_route=\/wp\/v2\/types\/page"}],"author":[{"embeddable":true,"href":"https:\/\/asurb.com\/asurb3\/index.php?rest_route=\/wp\/v2\/users\/1"}],"replies":[{"embeddable":true,"href":"https:\/\/asurb.com\/asurb3\/index.php?rest_route=%2Fwp%2Fv2%2Fcomments&post=4197"}],"version-history":[{"count":2,"href":"https:\/\/asurb.com\/asurb3\/index.php?rest_route=\/wp\/v2\/pages\/4197\/revisions"}],"predecessor-version":[{"id":4221,"href":"https:\/\/asurb.com\/asurb3\/index.php?rest_route=\/wp\/v2\/pages\/4197\/revisions\/4221"}],"wp:attachment":[{"href":"https:\/\/asurb.com\/asurb3\/index.php?rest_route=%2Fwp%2Fv2%2Fmedia&parent=4197"}],"curies":[{"name":"wp","href":"https:\/\/api.w.org\/{rel}","templated":true}]}}