{"id":424,"date":"2016-06-05T18:42:36","date_gmt":"2016-06-05T16:42:36","guid":{"rendered":"http:\/\/www.test.asurb.com\/?page_id=424"},"modified":"2016-06-05T18:42:36","modified_gmt":"2016-06-05T16:42:36","slug":"ramata","status":"publish","type":"page","link":"https:\/\/asurb.com\/asurb3\/?page_id=424","title":{"rendered":"Ramata"},"content":{"rendered":"<p style=\"text-align: justify;\"><a href=\"https:\/\/i0.wp.com\/asurb.com\/asurb3\/wp-content\/uploads\/2016\/06\/RAMATA_1_Fiche.jpg?ssl=1\"><img data-recalc-dims=\"1\" loading=\"lazy\" decoding=\"async\" data-attachment-id=\"425\" data-permalink=\"https:\/\/asurb.com\/asurb3\/?attachment_id=425\" data-orig-file=\"https:\/\/i0.wp.com\/asurb.com\/asurb3\/wp-content\/uploads\/2016\/06\/RAMATA_1_Fiche.jpg?fit=219%2C138&amp;ssl=1\" data-orig-size=\"219,138\" data-comments-opened=\"1\" data-image-meta=\"{&quot;aperture&quot;:&quot;6.3&quot;,&quot;credit&quot;:&quot;&quot;,&quot;camera&quot;:&quot;E5900&quot;,&quot;caption&quot;:&quot;&quot;,&quot;created_timestamp&quot;:&quot;1197389364&quot;,&quot;copyright&quot;:&quot;&quot;,&quot;focal_length&quot;:&quot;14.9&quot;,&quot;iso&quot;:&quot;64&quot;,&quot;shutter_speed&quot;:&quot;0.017241379310345&quot;,&quot;title&quot;:&quot;&quot;,&quot;orientation&quot;:&quot;1&quot;}\" data-image-title=\"RAMATA_1_Fiche\" data-image-description=\"\" data-image-caption=\"\" data-large-file=\"https:\/\/i0.wp.com\/asurb.com\/asurb3\/wp-content\/uploads\/2016\/06\/RAMATA_1_Fiche.jpg?fit=219%2C138&amp;ssl=1\" class=\"size-full wp-image-425 alignnone\" src=\"https:\/\/i0.wp.com\/asurb.com\/asurb3\/wp-content\/uploads\/2016\/06\/RAMATA_1_Fiche.jpg?resize=219%2C138&#038;ssl=1\" alt=\"RAMATA_1_Fiche\" width=\"219\" height=\"138\" \/><\/a><\/p>\n<p style=\"text-align: justify;\"><strong>R\u00e9publique de Congo &#8211; 2008 &#8211; fiction &#8211; 90 min &#8211; couleur &#8211; VO fran\u00e7ais<\/strong><\/p>\n<p style=\"text-align: justify;\">Prix du long-m\u00e9trage de fiction au Festival international du film d\u2019Afrique et des \u00celes (FIFAI) de La R\u00e9union 2010, Prix de la Jeunesse au Festival Miroirs et Cin\u00e9mas d\u2019Afrique de Marseille 2010<\/p>\n<p style=\"text-align: justify;\">R\u00e9alisation : : L\u00e9andre-Alain Baker<br \/>\nSc\u00e9nario : L\u00e9andre-Alain Baker, Miguel Machalski, Abasse Ndione (adaptation du livre \u00e9ponyme de Abasse Ndione)<br \/>\nInterpr\u00e9tation : Katoucha Niane ; Ibrahima Mbaye ; Isma\u00efla Ciss\u00e9 ; Suzanne Diouf ; Viktor Lazlo ; Hubert Laba Ndao ; Thierno Ndiaye Doss ; Rokhaya Niang ; Omar Seck ;<br \/>\nImage : Makh\u00e8te Diallo, Fran\u00e7ois Khunel ;<br \/>\nMusique : Wasis Diop<br \/>\nSon Alioune Mbow ;<br \/>\nD\u00e9cors : Mustapha Ndyae \u00ab Picasso \u00bb ;<br \/>\nProduction : Huit Production : Moctar Ndiouga Ba<\/p>\n<h4 style=\"text-align: justify;\"><span style=\"color: #ff0000;\">Synopsis<\/span><\/h4>\n<p style=\"text-align: justify;\">Dakar : Ramata, 50 ans, \u00e0 la beaut\u00e9 envo\u00fbtante, croise un voyou de 25 ans, Ngor Ndong, au volant d\u2019un taxi vol\u00e9. Elle d\u00e9couvre alors le plaisir et renoncera \u00e0 tout, \u00e0 la vie dor\u00e9e qu\u2019elle a obtenue en \u00e9pousant le richissime Matar Samb devenu Ministre de la Justice, \u00e0 sa fille, \u00e0 son petit fils. Elle s\u2019enferme au Copacabana, le bar o\u00f9 Ngor Ndong l\u2019avait emmen\u00e9e lors de leur rencontre. L\u00e0, puis \u00e0 Gor\u00e9e, elle attendra l\u2019improbable retour du jeune homme. Jusqu\u2019\u00e0 la folie, jusqu\u2019\u00e0 la mort. Ramata est une femme d\u00e9chir\u00e9e \u00ab comme une terre craquel\u00e9e qui attend la pluie \u00bb, \u00ab elle est \u00e0 l\u2019image d\u2019une Afrique \u00e9cartel\u00e9e, perdue, \u00e9cras\u00e9e par ses deux dimensions de modernit\u00e9 et de tradition \u00bb dit L\u00e9andre-Alain Baker.<br \/>\nLe r\u00f4le titre est tenu par Katoucha Niane, guin\u00e9enne, peuhle, mannequin \u00e9g\u00e9rie des grands couturiers des ann\u00e9es 80 \u00e0 90, qui a d\u00e9nonc\u00e9 la pratique de l\u2019excision dans son autobiographie : \u00ab Dans ma chair \u00bb publi\u00e9e en 2007. Peu apr\u00e8s le tournage du film, elle d\u00e9c\u00e8de tragiquement en f\u00e9vrier 2008. Ramata sera son seul r\u00f4le.<\/p>\n<h4 style=\"text-align: justify;\"><span style=\"color: #ff0000;\">Le r\u00e9alisateur<\/span><\/h4>\n<p style=\"text-align: justify;\">L\u00e9andre-Alain Baker, congolais, est acteur, \u00e9crivain et r\u00e9alisateur. Il a cr\u00e9\u00e9 et anim\u00e9 avec l\u2019\u00e9crivain Emmanuel Dongala le th\u00e9\u00e2tre de l\u2019Eclair de Brazzaville et, avec Caya Makh\u00e9l\u00e9, le Cercle Litt\u00e9raire de Brazzaville. Il est l\u2019auteur de plusieurs romans et recueils de po\u00e9sie. Comme r\u00e9alisateur de cin\u00e9ma, il a d\u00e9but\u00e9 par des courts m\u00e9trages en France (\u00ab Un pygm\u00e9e dans la baignoire \u00bb en 1993) et a sign\u00e9 des portraits d\u2019\u00e9crivains comme Sony Labou Tansi et Tchicaya U Tam\u2019si.<br \/>\n\u00ab Ramata \u00bb est son premier long m\u00e9trage.<\/p>\n","protected":false},"excerpt":{"rendered":"<p>R\u00e9publique de Congo &#8211; 2008 &#8211; fiction &#8211; 90 min &#8211; couleur &#8211; VO fran\u00e7ais Prix du long-m\u00e9trage de fiction au Festival international du film d\u2019Afrique et des \u00celes (FIFAI) [&hellip;]<\/p>\n","protected":false},"author":1,"featured_media":0,"parent":26,"menu_order":0,"comment_status":"closed","ping_status":"closed","template":"","meta":{"footnotes":""},"class_list":["post-424","page","type-page","status-publish","hentry"],"jetpack_sharing_enabled":true,"jetpack_shortlink":"https:\/\/wp.me\/P7C6tF-6Q","jetpack-related-posts":[{"id":513,"url":"https:\/\/asurb.com\/asurb3\/?page_id=513","url_meta":{"origin":424,"position":0},"title":"Programme 2009","author":"webmaster","date":"6 juin 2016","format":false,"excerpt":"Sommaire \u2022 S\u00e9ances ouvertes au public \u2022 S\u00e9ances r\u00e9serv\u00e9es aux scolaires \u2022 Membres du comit\u00e9 de parrainage \u2022 Remerciements \u2022 Pour se rendre sur les lieux \u2022 Les s\u00e9ances ouvertes au public Dimanche 15 novembre Soir\u00e9e Les pionniers du cin\u00e9ma nig\u00e9rien MJC Louise Michel - 94260 Fresnes 18h30 - BON\u2026","rel":"","context":"Article similaire","block_context":{"text":"Article similaire","link":""},"img":{"alt_text":"","src":"https:\/\/i0.wp.com\/asurb.com\/AsurB\/D_Images\/D_Gif_bl\/Blanc120.gif?resize=350%2C200&ssl=1","width":350,"height":200},"classes":[]},{"id":535,"url":"https:\/\/asurb.com\/asurb3\/?page_id=535","url_meta":{"origin":424,"position":1},"title":"Programme 2010","author":"webmaster","date":"6 juin 2016","format":false,"excerpt":"Sommaire \u2022 S\u00e9ances ouvertes au public \u2022 S\u00e9ances scolaires \u2022 Partenaires \u2022 Membres du comit\u00e9 de parrainage \u2022 Remerciements \u2022 Pour se rendre sur les lieux \u2022 Les s\u00e9ances ouvertes au public Samedi 13 novembre Cin\u00e9ma La Pl\u00e9iade - 94230 Cachan 18h00 - L\u2019ABSENCE Long-m\u00e9trage de Mama KE\u00cfTA - 81\u2026","rel":"","context":"Article similaire","block_context":{"text":"Article similaire","link":""},"img":{"alt_text":"","src":"https:\/\/i0.wp.com\/asurb.com\/AsurB\/D_Images\/D_Gif_bl\/Blanc120.gif?resize=350%2C200&ssl=1","width":350,"height":200},"classes":[]},{"id":285,"url":"https:\/\/asurb.com\/asurb3\/?page_id=285","url_meta":{"origin":424,"position":2},"title":"La m\u00e9taphore du manioc","author":"webmaster","date":"4 juin 2016","format":false,"excerpt":"Cameroun - 2010 - fiction - 15 min - couleur - VO en fran\u00e7ais Prix Ci\u00e9court et Prix du public au Festival international du film d\u2019Amiens 2010, Ecran du meilleur court-m\u00e9trage aux Ecrans Noirs de Yaound\u00e9 2010, Grand Prix Fica d\u2019Or \/Meilleure actrice \/ Meilleur acteur au Festival international du\u2026","rel":"","context":"Article similaire","block_context":{"text":"Article similaire","link":""},"img":{"alt_text":"LA-METAPHORE_Fiche","src":"https:\/\/i0.wp.com\/asurb.com\/asurb3\/wp-content\/uploads\/2016\/06\/LA-METAPHORE_Fiche.jpg?resize=350%2C200&ssl=1","width":350,"height":200},"classes":[]},{"id":137,"url":"https:\/\/asurb.com\/asurb3\/?page_id=137","url_meta":{"origin":424,"position":3},"title":"Programme 2008","author":"webmaster","date":"3 juin 2016","format":false,"excerpt":"Sommaire \u2022 Les soir\u00e9es grand public \u2022 S\u00e9ances r\u00e9serv\u00e9es aux scolaires \u2022 Autour du festival \u2022 Membres du comit\u00e9 de parrainage \u2022 Remerciements \u2022 Pour se rendre sur les lieux \u2022 Les soir\u00e9es grand public Samedi 15 novembre Soir\u00e9e d\u2019ouverture Cin\u00e9ma la Pl\u00e9iade - 94230 - Cachan 20h30 - TABATABA\u2026","rel":"","context":"Article similaire","block_context":{"text":"Article similaire","link":""},"img":{"alt_text":"","src":"https:\/\/i0.wp.com\/asurb.com\/AsurB\/D_Images\/D_Gif_bl\/Blanc120.gif?resize=350%2C200&ssl=1","width":350,"height":200},"classes":[]},{"id":486,"url":"https:\/\/asurb.com\/asurb3\/?page_id=486","url_meta":{"origin":424,"position":4},"title":"Waramuts\u00e9ho ! ( Bonjour ! )","author":"webmaster","date":"5 juin 2016","format":false,"excerpt":"De Bernard Auguste KOUEMO YANGHU - 21 min - Cameroun - 2008 Fiction - couleur - 35mm - Version originale en fran\u00e7ais et en kimirwandais, sous-titr\u00e9e en fran\u00e7ais Sc\u00e9nario : Bernard Auguste Kouemo Yanghu ; Images : Bertrand Artaud ; Montage : Jean-Michel Cazenave, Geoffroy Cernaix ; Musique : Philippe\u2026","rel":"","context":"Article similaire","block_context":{"text":"Article similaire","link":""},"img":{"alt_text":"Waramutseho_Fiche","src":"https:\/\/i0.wp.com\/asurb.com\/asurb3\/wp-content\/uploads\/2016\/06\/Waramutseho_Fiche.jpg?resize=350%2C200&ssl=1","width":350,"height":200},"classes":[]},{"id":288,"url":"https:\/\/asurb.com\/asurb3\/?page_id=288","url_meta":{"origin":424,"position":5},"title":"La nuit de la v\u00e9rit\u00e9","author":"webmaster","date":"4 juin 2016","format":false,"excerpt":"De Fanta R\u00e9gina NACRO - 100 min - Burkina Faso - 2004 Fiction - couleur - 35mm - version originale en fran\u00e7ais, moor\u00e9 et dioula sous-titr\u00e9e en fan\u00e7ais Sc\u00e9nario : Marc Gautron, Fanta R\u00e9gina Nacro ; Images : Nara K\u00e9o Kosal ; Montage : Andr\u00e9e Davanture ; Musique : Troupe\u2026","rel":"","context":"Article similaire","block_context":{"text":"Article similaire","link":""},"img":{"alt_text":"Fanta_Regina_Nacro_Fiche","src":"https:\/\/i0.wp.com\/asurb.com\/asurb3\/wp-content\/uploads\/2016\/06\/Fanta_Regina_Nacro_Fiche.jpg?resize=350%2C200&ssl=1","width":350,"height":200},"classes":[]}],"_links":{"self":[{"href":"https:\/\/asurb.com\/asurb3\/index.php?rest_route=\/wp\/v2\/pages\/424","targetHints":{"allow":["GET"]}}],"collection":[{"href":"https:\/\/asurb.com\/asurb3\/index.php?rest_route=\/wp\/v2\/pages"}],"about":[{"href":"https:\/\/asurb.com\/asurb3\/index.php?rest_route=\/wp\/v2\/types\/page"}],"author":[{"embeddable":true,"href":"https:\/\/asurb.com\/asurb3\/index.php?rest_route=\/wp\/v2\/users\/1"}],"replies":[{"embeddable":true,"href":"https:\/\/asurb.com\/asurb3\/index.php?rest_route=%2Fwp%2Fv2%2Fcomments&post=424"}],"version-history":[{"count":1,"href":"https:\/\/asurb.com\/asurb3\/index.php?rest_route=\/wp\/v2\/pages\/424\/revisions"}],"predecessor-version":[{"id":426,"href":"https:\/\/asurb.com\/asurb3\/index.php?rest_route=\/wp\/v2\/pages\/424\/revisions\/426"}],"up":[{"embeddable":true,"href":"https:\/\/asurb.com\/asurb3\/index.php?rest_route=\/wp\/v2\/pages\/26"}],"wp:attachment":[{"href":"https:\/\/asurb.com\/asurb3\/index.php?rest_route=%2Fwp%2Fv2%2Fmedia&parent=424"}],"curies":[{"name":"wp","href":"https:\/\/api.w.org\/{rel}","templated":true}]}}