{"id":4261,"date":"2024-10-28T17:45:33","date_gmt":"2024-10-28T16:45:33","guid":{"rendered":"https:\/\/asurb.com\/asurb3\/?page_id=4261"},"modified":"2024-10-30T18:12:43","modified_gmt":"2024-10-30T17:12:43","slug":"i-promise-you-paradise-paradis","status":"publish","type":"page","link":"https:\/\/asurb.com\/asurb3\/?page_id=4261","title":{"rendered":"I Promise You Paradise (Paradis)"},"content":{"rendered":"\n<p>de Morad Mostafa &#8211; <img data-recalc-dims=\"1\" loading=\"lazy\" decoding=\"async\" data-attachment-id=\"4264\" data-permalink=\"https:\/\/asurb.com\/asurb3\/?attachment_id=4264\" data-orig-file=\"https:\/\/i0.wp.com\/asurb.com\/asurb3\/wp-content\/uploads\/2024\/10\/I-promise-you-paradise.png?fit=691%2C1024&amp;ssl=1\" data-orig-size=\"691,1024\" data-comments-opened=\"1\" data-image-meta=\"{&quot;aperture&quot;:&quot;0&quot;,&quot;credit&quot;:&quot;&quot;,&quot;camera&quot;:&quot;&quot;,&quot;caption&quot;:&quot;&quot;,&quot;created_timestamp&quot;:&quot;0&quot;,&quot;copyright&quot;:&quot;&quot;,&quot;focal_length&quot;:&quot;0&quot;,&quot;iso&quot;:&quot;0&quot;,&quot;shutter_speed&quot;:&quot;0&quot;,&quot;title&quot;:&quot;&quot;,&quot;orientation&quot;:&quot;0&quot;}\" data-image-title=\"I-promise-you-paradise\" data-image-description=\"\" data-image-caption=\"\" data-large-file=\"https:\/\/i0.wp.com\/asurb.com\/asurb3\/wp-content\/uploads\/2024\/10\/I-promise-you-paradise.png?fit=691%2C1024&amp;ssl=1\" class=\" wp-image-4264 alignright\" src=\"https:\/\/i0.wp.com\/asurb.com\/asurb3\/wp-content\/uploads\/2024\/10\/I-promise-you-paradise.png?resize=188%2C279&#038;ssl=1\" alt=\"\" width=\"188\" height=\"279\" srcset=\"https:\/\/i0.wp.com\/asurb.com\/asurb3\/wp-content\/uploads\/2024\/10\/I-promise-you-paradise.png?resize=202%2C300&amp;ssl=1 202w, https:\/\/i0.wp.com\/asurb.com\/asurb3\/wp-content\/uploads\/2024\/10\/I-promise-you-paradise.png?resize=100%2C148&amp;ssl=1 100w, https:\/\/i0.wp.com\/asurb.com\/asurb3\/wp-content\/uploads\/2024\/10\/I-promise-you-paradise.png?resize=600%2C889&amp;ssl=1 600w, https:\/\/i0.wp.com\/asurb.com\/asurb3\/wp-content\/uploads\/2024\/10\/I-promise-you-paradise.png?w=691&amp;ssl=1 691w\" sizes=\"auto, (max-width: 188px) 100vw, 188px\" \/>\u00c9gypte \/ France \/ Qatar &#8211;\u00a0 2023 25\u2032 VO arabe ST fr<\/p>\n<p>R\u00e9alisation : Morad Mostafa &#8211; sc\u00e9nario : Morad Mostafa &amp; Sawsan Yusuf<br \/>Production d\u00e9l\u00e9gu\u00e9e : Sawsan Yusuf (Bonanza Films) <br \/>Production \u00e9trang\u00e8re : Margaux Lorier (Wrong films), Baho Baksh &amp; Safei Eldin Mahmoud (Red Star Films)<br \/>Co-production :\u00a0Ahmed Fahmy (Sea Cinema), Mohamed Hefzy (Film Clinic), Sherif Fathy (Shift Studios), Mostafa El Kashef (Qaa\u2019 23)<br \/>Direction de la photographie : Mostafa El Kashef<br \/>Direction artistique : Eman Elalby<br \/>Conception sonore : Moustafa Shaaban<br \/>Montage : Mohamed Mamdouh<br \/>Acteurs\u00a0: Kenyi Marcellino et Kenzy Mohamed<\/p>\n<p><strong>S\u00e9lection 2023 \u00a0festival de Cannes pour la comp\u00e9tition des courts m\u00e9trages<\/strong><\/p>\n<p><strong><span style=\"color: #ff0000;\">Synopsis<\/span> <\/strong><\/p>\n<p>\u00c0 la suite d&rsquo;un incident violent, Eissa, jeune migrant africain, parcourt les rues bruyantes du Caire sur sa moto, avec la t\u00eate pleine de r\u00eaves d\u2019ailleurs pour lui et ses proches. Peu importe le prix \u00e0 payer<\/p>\n<p><span style=\"color: #ff0000;\"><strong>\u00a0<\/strong><strong>Le r\u00e9alisateur <\/strong><\/span><\/p>\n<p>Morad Mostafa est un cine\u0301aste e\u0301gyptien, ne\u0301 au Caire en 1988, ancien e\u0301le\u0300ve du Berlinale Talents Campus et de l&rsquo;Acade\u0301mie de Locarno.<\/p>\n<p>Il a travaille\u0301 sur plusieurs films inde\u0301pendants et a collabore\u0301 en tant que re\u0301alisateur exe\u0301cutif sur le film <em>Souad<\/em>, qui a fait partie de la se\u0301lection officielle du Festival de Cannes en 2020.\u00a0<br \/>Il a e\u0301crit et re\u0301alise\u0301 trois courts me\u0301trages qui ont tous e\u0301te\u0301 se\u0301lectionne\u0301s au Festival international du court me\u0301trage de Clermont-Ferrand. Ces films ont e\u0301te\u0301 projete\u0301s dans plus de 300 festivals dans le monde entier, en remportant plusieurs prix. Son dernier court me\u0301trage\u00a0 <em>Paradis<\/em> a \u00e9t\u00e9 se\u0301lectionne\u0301 au Festival de Cannes a\u0300 la Semaine de la Critique 2023.<br \/>Morad Mostafa de\u0301veloppe actuellement son premier long me\u0301trage <em>Aisha Can\u2019t Fly Away Anymore<\/em> dans la re\u0301sidence de la Cine\u0301fondation du Festival de Cannes, ainsi qu&rsquo;au Torino Film Lab et au Rotterdam Lab IFFR.<br \/>Morad Mostafa, r\u00e9alisateur \u00e9gyptien, est un ancien du \u201cBerlinale Talents Campus\u201d de Durban, et de la \u201cLocarno Academy\u201d. Il est auteur et r\u00e9alisateur de trois courts m\u00e9trages, tous s\u00e9lectionn\u00e9s \u00e0 Clermont-Ferrand trois ann\u00e9es cons\u00e9cutives et qui ont \u00e9t\u00e9 pr\u00e9sent\u00e9s dans plus de 300 festivals \u00e0 travers le monde. Son dernier film en date, <em>I promise you paradise<\/em> est s\u00e9lectionn\u00e9 pour l\u2019\u00e9dition 2023 de la Semaine de la Critique. Morad d\u00e9veloppe actuellement son premier long m\u00e9trage <em>Aisha can\u2019t fly anymore<\/em>, \u00e0 la Cin\u00e9fondation, r\u00e9sidence cin\u00e9matographique du Festival de Cannes.\u00a0<\/p>\n<p>\u00a0<\/p>\n","protected":false},"excerpt":{"rendered":"<p>de Morad Mostafa &#8211; \u00c9gypte \/ France \/ Qatar &#8211;\u00a0 2023 25\u2032 VO arabe ST fr R\u00e9alisation : Morad Mostafa &#8211; sc\u00e9nario : Morad Mostafa &amp; Sawsan YusufProduction d\u00e9l\u00e9gu\u00e9e : [&hellip;]<\/p>\n","protected":false},"author":1,"featured_media":0,"parent":26,"menu_order":0,"comment_status":"closed","ping_status":"closed","template":"","meta":{"footnotes":""},"class_list":["post-4261","page","type-page","status-publish","hentry"],"jetpack_sharing_enabled":true,"jetpack_shortlink":"https:\/\/wp.me\/P7C6tF-16J","jetpack-related-posts":[{"id":4118,"url":"https:\/\/asurb.com\/asurb3\/?page_id=4118","url_meta":{"origin":4261,"position":0},"title":"Paradis (The Village Next To Paradise)","author":"webmaster","date":"3 septembre 2024","format":false,"excerpt":"De Mo HARAWE - Somalie, Autriche, France, Allemagne - 2024 \u2013 133 min \u2013 Fiction \u2013 VO somali STFS\u00e9lectionn\u00e9 \u00e0 Un Certain Regard Festival de Cannes 2024 Fiche technique Sc\u00e9nario\u00a0: Mo Harawe -Image\u00a0: Mostafa El Kashef- Son\u00a0: Willis Abuto, Anne Gibourg, Guadalupe Cassius, Christophe Vingtrinier \u2013 montage\u00a0: Joana Scrinzi -\u2026","rel":"","context":"Article similaire","block_context":{"text":"Article similaire","link":""},"img":{"alt_text":"","src":"https:\/\/i0.wp.com\/asurb.com\/asurb3\/wp-content\/uploads\/2024\/10\/the-village-next-to-paradise-213x300.jpg?resize=350%2C200&ssl=1","width":350,"height":200},"classes":[]},{"id":4093,"url":"https:\/\/asurb.com\/asurb3\/?page_id=4093","url_meta":{"origin":4261,"position":1},"title":"Good bye Julia","author":"webmaster","date":"26 ao\u00fbt 2024","format":false,"excerpt":"De Mohamed KORDOFANI - Soudan \u2013 2022 ou 2023 - 120 min - fiction -VO STF Prix de la libert\u00e9 au Festival de Cannes 2023 (s\u00e9lection officielle Un Certain Regard) Fiche technique Sc\u00e9nario\u00a0: Mohamed Kordofani \u2013 Image\u00a0: Pierre De Villiers \u2013 Son\u00a0: Rana Eid - Montage : Heba Othman -\u2026","rel":"","context":"Article similaire","block_context":{"text":"Article similaire","link":""},"img":{"alt_text":"","src":"https:\/\/i0.wp.com\/asurb.com\/asurb3\/wp-content\/uploads\/2024\/10\/Good-by-Julia-242x300.jpg?resize=350%2C200&ssl=1","width":350,"height":200},"classes":[]},{"id":684,"url":"https:\/\/asurb.com\/asurb3\/?page_id=684","url_meta":{"origin":4261,"position":2},"title":"Heremakono (En attendant le bonheur)","author":"webmaster","date":"15 juin 2016","format":false,"excerpt":"De Abderrahmane SISSAKO - 95 minutes - Mauritanie - 2002\u00a0 fiction - couleur Sc\u00e9nario : Abderrahmane Sissako ; Image : Jacques Besse ;\u00a0 Montage : Nadia Ben Rachid ; Musique : Anouar Brahem, Oumou Sangar\u00e9 ; Son : Antoine Ouvrier, Alioune Mbow ;\u00a0 D\u00e9cors : Joseph Kpobly, Laurent Cavero ;\u2026","rel":"","context":"Article similaire","block_context":{"text":"Article similaire","link":""},"img":{"alt_text":"","src":"","width":0,"height":0},"classes":[]},{"id":3023,"url":"https:\/\/asurb.com\/asurb3\/?page_id=3023","url_meta":{"origin":4261,"position":3},"title":"Tuk-tuk","author":"webmaster","date":"2 septembre 2021","format":false,"excerpt":"De Mohamed Kheidr\u00a0 -Egypte \u2013 2021- 25 min \u2013 fiction \u2013 couleur \u00a0S\u00e9lectionn\u00e9 pour le Festival international du court-m\u00e9trage de Clermont-Ferrand 2021 dans la cat\u00e9gorie \u00ab Regards d\u2019Afrique \u00bb Sc\u00e9nario : Mohamed Kheidr et Sh\u00e9rif Abdel Hady \u2013 Image\u00a0: Mohamed Kheidr - Montage : Mohamed Kheidr -Son : Hosni Aly\u2026","rel":"","context":"Article similaire","block_context":{"text":"Article similaire","link":""},"img":{"alt_text":"","src":"","width":0,"height":0},"classes":[]},{"id":1007,"url":"https:\/\/asurb.com\/asurb3\/?page_id=1007","url_meta":{"origin":4261,"position":4},"title":"Selma","author":"webmaster","date":"12 octobre 2016","format":false,"excerpt":"\u00a0De Mohamed BEN ATTIA - Tunisie \u2013 2013 De Mohamed BEN ATTIA - Tunisie \u2013 2013 -20 min \u2013 fiction \u2013 couleur - VO arabe STF Sc\u00e9nario\u00a0: Mohamed Ben Attia \u2013 Image\u00a0: Hazem Berrebah \u2013 Son\u00a0: Walid Ouerghi \u2013 Montage\u00a0: Selma Zeghidi \u2013 Interpr\u00e9tation\u00a0: Nejma Zeghidi , Rafiaa Boutekkine Belhoute,\u2026","rel":"","context":"Article similaire","block_context":{"text":"Article similaire","link":""},"img":{"alt_text":"","src":"","width":0,"height":0},"classes":[]},{"id":1922,"url":"https:\/\/asurb.com\/asurb3\/?page_id=1922","url_meta":{"origin":4261,"position":5},"title":"Un ticket de cin\u00e9ma (Tikitat-A-Soulima )","author":"webmaster","date":"29 novembre 2017","format":false,"excerpt":"De Ayoub LAYOUSSIFI\u00a0 Maroc \u2013 2016 \u2013 29 min \u2013 fiction \u2013 couleur \u2013 DCP \u2013 Vo arabe STF Sc\u00e9nario\u00a0: Hadrien Krasker, Ayoub Layoussifi \u2013 Image\u00a0: Christophe Persoz \u2013 Montage\u00a0:\u00a0\u00a0 Matthieu Desport \u2013 Musique\u00a0: Hamid El Hadri, Mazagan Chaabi Groove (Groupe), Reda Tajamoute \u2013 Son\u00a0: Nassim El Mounabbih - Interpr\u00e9tation\u00a0:\u2026","rel":"","context":"Article similaire","block_context":{"text":"Article similaire","link":""},"img":{"alt_text":"","src":"","width":0,"height":0},"classes":[]}],"_links":{"self":[{"href":"https:\/\/asurb.com\/asurb3\/index.php?rest_route=\/wp\/v2\/pages\/4261","targetHints":{"allow":["GET"]}}],"collection":[{"href":"https:\/\/asurb.com\/asurb3\/index.php?rest_route=\/wp\/v2\/pages"}],"about":[{"href":"https:\/\/asurb.com\/asurb3\/index.php?rest_route=\/wp\/v2\/types\/page"}],"author":[{"embeddable":true,"href":"https:\/\/asurb.com\/asurb3\/index.php?rest_route=\/wp\/v2\/users\/1"}],"replies":[{"embeddable":true,"href":"https:\/\/asurb.com\/asurb3\/index.php?rest_route=%2Fwp%2Fv2%2Fcomments&post=4261"}],"version-history":[{"count":3,"href":"https:\/\/asurb.com\/asurb3\/index.php?rest_route=\/wp\/v2\/pages\/4261\/revisions"}],"predecessor-version":[{"id":4292,"href":"https:\/\/asurb.com\/asurb3\/index.php?rest_route=\/wp\/v2\/pages\/4261\/revisions\/4292"}],"up":[{"embeddable":true,"href":"https:\/\/asurb.com\/asurb3\/index.php?rest_route=\/wp\/v2\/pages\/26"}],"wp:attachment":[{"href":"https:\/\/asurb.com\/asurb3\/index.php?rest_route=%2Fwp%2Fv2%2Fmedia&parent=4261"}],"curies":[{"name":"wp","href":"https:\/\/api.w.org\/{rel}","templated":true}]}}