{"id":4271,"date":"2024-10-30T17:10:16","date_gmt":"2024-10-30T16:10:16","guid":{"rendered":"https:\/\/asurb.com\/asurb3\/?page_id=4271"},"modified":"2024-10-30T17:10:16","modified_gmt":"2024-10-30T16:10:16","slug":"nous-les-griots","status":"publish","type":"page","link":"https:\/\/asurb.com\/asurb3\/?page_id=4271","title":{"rendered":"Nous les griots"},"content":{"rendered":"<p style=\"text-align: left;\">De Demba KONATE &#8211; S\u00e9n\u00e9gal &#8211; 2022 &#8211; 17 min &#8211; fiction &#8211; VO fran\u00e7ais<img data-recalc-dims=\"1\" loading=\"lazy\" decoding=\"async\" data-attachment-id=\"4272\" data-permalink=\"https:\/\/asurb.com\/asurb3\/?attachment_id=4272\" data-orig-file=\"https:\/\/i0.wp.com\/asurb.com\/asurb3\/wp-content\/uploads\/2024\/10\/nous-les-griots.png?fit=723%2C1023&amp;ssl=1\" data-orig-size=\"723,1023\" data-comments-opened=\"1\" data-image-meta=\"{&quot;aperture&quot;:&quot;0&quot;,&quot;credit&quot;:&quot;&quot;,&quot;camera&quot;:&quot;&quot;,&quot;caption&quot;:&quot;&quot;,&quot;created_timestamp&quot;:&quot;0&quot;,&quot;copyright&quot;:&quot;&quot;,&quot;focal_length&quot;:&quot;0&quot;,&quot;iso&quot;:&quot;0&quot;,&quot;shutter_speed&quot;:&quot;0&quot;,&quot;title&quot;:&quot;&quot;,&quot;orientation&quot;:&quot;0&quot;}\" data-image-title=\"nous-les-griots\" data-image-description=\"\" data-image-caption=\"\" data-large-file=\"https:\/\/i0.wp.com\/asurb.com\/asurb3\/wp-content\/uploads\/2024\/10\/nous-les-griots.png?fit=723%2C1023&amp;ssl=1\" class=\" wp-image-4272 alignright\" src=\"https:\/\/i0.wp.com\/asurb.com\/asurb3\/wp-content\/uploads\/2024\/10\/nous-les-griots.png?resize=178%2C252&#038;ssl=1\" alt=\"\" width=\"178\" height=\"252\" srcset=\"https:\/\/i0.wp.com\/asurb.com\/asurb3\/wp-content\/uploads\/2024\/10\/nous-les-griots.png?resize=212%2C300&amp;ssl=1 212w, https:\/\/i0.wp.com\/asurb.com\/asurb3\/wp-content\/uploads\/2024\/10\/nous-les-griots.png?resize=100%2C141&amp;ssl=1 100w, https:\/\/i0.wp.com\/asurb.com\/asurb3\/wp-content\/uploads\/2024\/10\/nous-les-griots.png?resize=600%2C849&amp;ssl=1 600w, https:\/\/i0.wp.com\/asurb.com\/asurb3\/wp-content\/uploads\/2024\/10\/nous-les-griots.png?w=723&amp;ssl=1 723w\" sizes=\"auto, (max-width: 178px) 100vw, 178px\" \/><\/p>\n<p>Sc\u00e9nario : Demba Konate &#8211; Image : Alain Guichaoua &#8211; Montage : Ana Agnello &#8211; Interpr\u00e9tation Medhy Timera, Ismael Sally Kebe, Aissata Ba Thiam &#8211;<br \/>\nProduction : Nouvelle Toile<\/p>\n<h4 style=\"text-align: justify;\"><span style=\"color: #ff0000;\">Synopsis\u00a0<\/span><\/h4>\n<p>Daouda est un p\u00e8re de famille originaire du S\u00e9n\u00e9gal. Son fils ain\u00e9, Malik, souhaite \u00e9pouser Mariama. Une rencontre s\u2019organise autour d\u2019un repas. Daouda y d\u00e9couvre que les familles sont de deux castes sociales diff\u00e9rentes : lui est griot, l\u2019autre famille est noble. Daouda est fier de son h\u00e9ritage, le titre de griot se transmet de g\u00e9n\u00e9ration en g\u00e9n\u00e9ration. Mais peut-\u00eatre n\u2019est-ce plus celui de ses enfants.<\/p>\n<h4 style=\"text-align: justify;\"><span style=\"color: #ff0000;\">Le r\u00e9alisateur<\/span><\/h4>\n<p>Demba Konate est n\u00e9 au S\u00e9n\u00e9gal. Il vit en r\u00e9gion parisienne et a la double nationalit\u00e9 fran\u00e7aise et s\u00e9n\u00e9galaise.<br \/>\nAutodidacte, il s\u2019initie \u00e0 la r\u00e9alisation en 2015 lors du Festival G\u00e9n\u00e9ration court de l\u2019association OMJA, situ\u00e9e \u00e0 Aubervilliers.<br \/>\nDipl\u00f4m\u00e9 d\u2019un Master social en Sciences Politiques, travailleur social durant de nombreuses ann\u00e9es, il intervient notamment pour le compte de p\u00f4le emploi en maison d\u2019arr\u00eat aupr\u00e8s des personnes incarc\u00e9r\u00e9es afin de faciliter leur r\u00e9insertion.<br \/>\nEn 2016, il est s\u00e9lectionn\u00e9 \u00e0 l\u2019Atelier R\u00e9sidence de cin\u00e9astes en Seine-Saint-Denis avec Cin\u00e9mas 93 et Cot\u00e9 Court. Cet atelier lui permet de se perfectionner et de d\u00e9buter l\u2019\u00e9criture de son futur court m\u00e9trage, <em>Ali<\/em>.<br \/>\nEn 2022, il r\u00e9alise son premier court m\u00e9trage professionnel <em>Nous les Griots<\/em> produit par Nouvelle Toile. Le film est s\u00e9lectionn\u00e9 et prim\u00e9 dans de nombreux festivals.<br \/>\nIl d\u00e9veloppe actuellement son second court m\u00e9trage <em>Maria<\/em> sur la r\u00e9insertion professionnelle d\u2019une femme apr\u00e8s une peine de prison.<\/p>\n","protected":false},"excerpt":{"rendered":"<p>De Demba KONATE &#8211; S\u00e9n\u00e9gal &#8211; 2022 &#8211; 17 min &#8211; fiction &#8211; VO fran\u00e7ais Sc\u00e9nario : Demba Konate &#8211; Image : Alain Guichaoua &#8211; Montage : Ana Agnello &#8211; [&hellip;]<\/p>\n","protected":false},"author":1,"featured_media":0,"parent":26,"menu_order":0,"comment_status":"closed","ping_status":"closed","template":"","meta":{"footnotes":""},"class_list":["post-4271","page","type-page","status-publish","hentry"],"jetpack_sharing_enabled":true,"jetpack_shortlink":"https:\/\/wp.me\/P7C6tF-16T","jetpack-related-posts":[{"id":2462,"url":"https:\/\/asurb.com\/asurb3\/?page_id=2462","url_meta":{"origin":4271,"position":0},"title":"Wulu","author":"webmaster","date":"5 juin 2019","format":false,"excerpt":"De Daouda Coulibaly- S\u00e9n\u00e9gal\/France \u2013 2016- 95 mn- fiction- couleur-VO Bambara, fran\u00e7ais. Prix Ousmane-Sembene au FESPACO en 2017. Sc\u00e9nario : Daouda Coulibaly ; Image : Pierre Milo, ; Musique : \u00c9ric Neveux ; Montage : Julien Leloup ; Interpr\u00e9tation : Ibrahim Koma, Inna Modja, Mariame Ndiaye : Olivier Rabourdin, Quim\u2026","rel":"","context":"Article similaire","block_context":{"text":"Article similaire","link":""},"img":{"alt_text":"","src":"https:\/\/i0.wp.com\/asurb.com\/asurb3\/wp-content\/uploads\/2018\/10\/Wulu.jpg?resize=350%2C200&ssl=1","width":350,"height":200},"classes":[]},{"id":325,"url":"https:\/\/asurb.com\/asurb3\/?page_id=325","url_meta":{"origin":4271,"position":1},"title":"Le franc","author":"webmaster","date":"5 juin 2016","format":false,"excerpt":"De Djibril DIOP MAMB\u00c9TY \u2013 46 min \u2013 S\u00e9n\u00e9gal \u2013 1994 \u2013 VOSTF Fiction \u2013 couleur - 35 mm \u2013 Version originale en wolof, sous titr\u00e9e en fran\u00e7ais Poulain d\u2019or de Yennenga au FESPACO* 1995 Sc\u00e9nario : Djibril Diop Mamb\u00e9ty ; Images, Stephan Oriach ; Musique : Dieye Ma Dieye,\u2026","rel":"","context":"Article similaire","block_context":{"text":"Article similaire","link":""},"img":{"alt_text":"LeBlanc_Fiche","src":"https:\/\/i0.wp.com\/asurb.com\/asurb3\/wp-content\/uploads\/2016\/06\/LeBlanc_Fiche.jpg?resize=350%2C200&ssl=1","width":350,"height":200},"classes":[]},{"id":251,"url":"https:\/\/asurb.com\/asurb3\/?page_id=251","url_meta":{"origin":4271,"position":2},"title":"Ke\u00efta, l&rsquo;h\u00e9ritage du griot","author":"webmaster","date":"4 juin 2016","format":false,"excerpt":"De Dani KOUYAT\u00c9 - 94 min - Burkina Faso - 1995 Fiction - couleur - 35mm - version originale en bambara (sous-titr\u00e9e en fran\u00e7ais) et fran\u00e7ais Sc\u00e9nario : Dani Kouyat\u00e9; Images : Robert Milli\u00e9 ; Montage : Zo\u00e9 Durouchoux ; Musique : Sotigui Kouyat\u00e9 ; Son : Pierre Mertens ;\u2026","rel":"","context":"Article similaire","block_context":{"text":"Article similaire","link":""},"img":{"alt_text":"Keita_Fiche","src":"https:\/\/i0.wp.com\/asurb.com\/asurb3\/wp-content\/uploads\/2016\/06\/Keita_Fiche.jpg?resize=350%2C200&ssl=1","width":350,"height":200},"classes":[]},{"id":678,"url":"https:\/\/asurb.com\/asurb3\/?page_id=678","url_meta":{"origin":4271,"position":3},"title":"Des \u00e9toiles","author":"webmaster","date":"15 juin 2016","format":false,"excerpt":"De Dyana GAYE - 88 min\u00a0 - S\u00e9n\u00e9gal\/France - 2013 - fiction - couleur - VO\u00a0 anglais,italien, wolof, fran\u00e7ais STF - DCP R\u00e9alisation Dyana GAYE. Sc\u00e9nario : C\u00e9cile Vargaftig et Dyana Gaye ; Image : Irina Lubtchansky ; Musique : Baptiste Bouquin ; Montage : Gwen Mallauran ; Interpr\u00e9tation :\u2026","rel":"","context":"Article similaire","block_context":{"text":"Article similaire","link":""},"img":{"alt_text":"","src":"","width":0,"height":0},"classes":[]},{"id":2569,"url":"https:\/\/asurb.com\/asurb3\/?page_id=2569","url_meta":{"origin":4271,"position":4},"title":"Sega","author":"webmaster","date":"8 octobre 2019","format":false,"excerpt":"d\u2019Idil IBRAHIM -S\u00e9n\u00e9gal \u2013 2018 - 24 min- fiction \u2013 couleur- VF Prix jeune public \u00e0 Angers Synopsis\u00a0 Apr\u00e8s avoir tent\u00e9 \u00e0 maintes reprises de gagner le continent europ\u00e9en, Sega est renvoy\u00e9 \u00e0 Dakar o\u00f9 il doit \u00e0 pr\u00e9sent affronter sa famille, ses amis et dig\u00e9rer sa grande d\u00e9ception. Quel\u2026","rel":"","context":"Article similaire","block_context":{"text":"Article similaire","link":""},"img":{"alt_text":"","src":"","width":0,"height":0},"classes":[]},{"id":1751,"url":"https:\/\/asurb.com\/asurb3\/?page_id=1751","url_meta":{"origin":4271,"position":5},"title":"Programme 2017","author":"webmaster","date":"9 octobre 2017","format":false,"excerpt":"Sommaire \u2022 S\u00e9ances ouvertes au public \u2022 S\u00e9ances scolaires \u2022 Partenaires \u2022 Membres du comit\u00e9 de parrainage \u2022 Remerciements \u2022 Pour se rendre sur les lieux MPT\u00a0G\u00e9rard Philipe \u2013\u00a0Villejuif \u00a0vendredi 24 novembre 20h30 : WALLAY de Berni Goldblat\u00a0\u2013\u00a0France\/Burkina Faso\/Qatar \u2013 2017 \u2013\u00a085 min Ady a 13 ans et n\u2019\u00e9coute plus\u2026","rel":"","context":"Article similaire","block_context":{"text":"Article similaire","link":""},"img":{"alt_text":"","src":"https:\/\/i1.wp.com\/www.asurb.com\/AsurB\/D_Images\/D_Gif_bl\/Blanc120.gif?resize=350%2C200","width":350,"height":200},"classes":[]}],"_links":{"self":[{"href":"https:\/\/asurb.com\/asurb3\/index.php?rest_route=\/wp\/v2\/pages\/4271","targetHints":{"allow":["GET"]}}],"collection":[{"href":"https:\/\/asurb.com\/asurb3\/index.php?rest_route=\/wp\/v2\/pages"}],"about":[{"href":"https:\/\/asurb.com\/asurb3\/index.php?rest_route=\/wp\/v2\/types\/page"}],"author":[{"embeddable":true,"href":"https:\/\/asurb.com\/asurb3\/index.php?rest_route=\/wp\/v2\/users\/1"}],"replies":[{"embeddable":true,"href":"https:\/\/asurb.com\/asurb3\/index.php?rest_route=%2Fwp%2Fv2%2Fcomments&post=4271"}],"version-history":[{"count":1,"href":"https:\/\/asurb.com\/asurb3\/index.php?rest_route=\/wp\/v2\/pages\/4271\/revisions"}],"predecessor-version":[{"id":4273,"href":"https:\/\/asurb.com\/asurb3\/index.php?rest_route=\/wp\/v2\/pages\/4271\/revisions\/4273"}],"up":[{"embeddable":true,"href":"https:\/\/asurb.com\/asurb3\/index.php?rest_route=\/wp\/v2\/pages\/26"}],"wp:attachment":[{"href":"https:\/\/asurb.com\/asurb3\/index.php?rest_route=%2Fwp%2Fv2%2Fmedia&parent=4271"}],"curies":[{"name":"wp","href":"https:\/\/api.w.org\/{rel}","templated":true}]}}