{"id":4275,"date":"2024-10-30T17:26:57","date_gmt":"2024-10-30T16:26:57","guid":{"rendered":"https:\/\/asurb.com\/asurb3\/?page_id=4275"},"modified":"2025-09-23T18:29:33","modified_gmt":"2025-09-23T16:29:33","slug":"boussa-le-bisou","status":"publish","type":"page","link":"https:\/\/asurb.com\/asurb3\/?page_id=4275","title":{"rendered":"Boussa (Le bisou)"},"content":{"rendered":"<p>De Azedine Kasri \u2013 Alg\u00e9rie, France \u2013 2023 &#8211; fiction \u2013 19 mn . &#8211; .<img data-recalc-dims=\"1\" loading=\"lazy\" decoding=\"async\" data-attachment-id=\"4276\" data-permalink=\"https:\/\/asurb.com\/asurb3\/?attachment_id=4276\" data-orig-file=\"https:\/\/i0.wp.com\/asurb.com\/asurb3\/wp-content\/uploads\/2024\/10\/boussa.jpg?fit=723%2C1023&amp;ssl=1\" data-orig-size=\"723,1023\" data-comments-opened=\"1\" data-image-meta=\"{&quot;aperture&quot;:&quot;0&quot;,&quot;credit&quot;:&quot;&quot;,&quot;camera&quot;:&quot;&quot;,&quot;caption&quot;:&quot;&quot;,&quot;created_timestamp&quot;:&quot;0&quot;,&quot;copyright&quot;:&quot;&quot;,&quot;focal_length&quot;:&quot;0&quot;,&quot;iso&quot;:&quot;0&quot;,&quot;shutter_speed&quot;:&quot;0&quot;,&quot;title&quot;:&quot;&quot;,&quot;orientation&quot;:&quot;0&quot;}\" data-image-title=\"boussa\" data-image-description=\"\" data-image-caption=\"\" data-large-file=\"https:\/\/i0.wp.com\/asurb.com\/asurb3\/wp-content\/uploads\/2024\/10\/boussa.jpg?fit=723%2C1023&amp;ssl=1\" class=\" wp-image-4276 alignright\" src=\"https:\/\/i0.wp.com\/asurb.com\/asurb3\/wp-content\/uploads\/2024\/10\/boussa.jpg?resize=192%2C272&#038;ssl=1\" alt=\"\" width=\"192\" height=\"272\" srcset=\"https:\/\/i0.wp.com\/asurb.com\/asurb3\/wp-content\/uploads\/2024\/10\/boussa.jpg?resize=212%2C300&amp;ssl=1 212w, https:\/\/i0.wp.com\/asurb.com\/asurb3\/wp-content\/uploads\/2024\/10\/boussa.jpg?resize=100%2C141&amp;ssl=1 100w, https:\/\/i0.wp.com\/asurb.com\/asurb3\/wp-content\/uploads\/2024\/10\/boussa.jpg?resize=600%2C849&amp;ssl=1 600w, https:\/\/i0.wp.com\/asurb.com\/asurb3\/wp-content\/uploads\/2024\/10\/boussa.jpg?w=723&amp;ssl=1 723w\" sizes=\"auto, (max-width: 192px) 100vw, 192px\" \/>VO fr Kabyle ST fr<br \/>\nProduction : Bien ou Bien Productions<br \/>\nSc\u00e9nario : Azedine Kasri, M\u00e9d\u00e9ric de Watteville, Simon Serna &#8211;<br \/>\nPhotographie : \u00a0Fran\u00e7ois Ray &#8211; Montage : Camille Reysset &#8211; Musique : \u00a0Francisco Neglia &#8211; Son : \u00a0Hocine Melal.<br \/>\nInterpr\u00e9tation : Mourad Boudaoud, Ana\u00efs Lazizi &#8211;<br \/>\nProduction : Zangro (Bien ou Bien Productions), Hugo Legrand-Nathan et Yacine Medjour (Birth 2 Horloges) &#8211;<br \/>\nDistribution : Audrey Clinet Ero\u00efn Films<\/p>\n<h4 style=\"text-align: justify;\"><span style=\"color: #ff0000;\">Synopsis\u00a0<\/span><\/h4>\n<p>Meriem et Reda sont deux jeunes alg\u00e9riens amoureux. Comme ils ne sont pas mari\u00e9s, ils n\u2019ont pas le droit de s\u2019embrasser publiquement et aucun endroit o\u00f9 se retrouver dans l\u2019intimit\u00e9. \u00c9changer leur premier baiser va se transformer en un v\u00e9ritable parcours du combattant\u00a0! Mais les deux jeunes gens sont tenaces, Meriem perd patience et Reda ne manque pas d\u2019imagination ni d\u2019\u00e0 propos.<\/p>\n<p>Un monde o\u00f9 un simple baiser demande une v\u00e9ritable strat\u00e9gie\u00a0!Une d\u00e9licieuse com\u00e9die cocasse et malicieuse qui, au-del\u00e0 du sentiment amoureux trait\u00e9 avec fraicheur et humour, est aussi un br\u00fblot politique en\u00a0 ridiculisant dans des sc\u00e8nes burlesques l\u2019absurdit\u00e9 rigoriste d\u2019une soci\u00e9t\u00e9 hypocrite qui \u00e9touffe la libert\u00e9.<\/p>\n<h4 style=\"text-align: justify;\"><span style=\"color: #ff0000;\">Le r\u00e9alisateur<\/span><\/h4>\n<p>Azedine Kasri, n\u00e9 dans les Ardennes, est un acteur, r\u00e9alisateur et sc\u00e9nariste franco-alg\u00e9rien. Ses parents sont originaires de Beja\u00efa. Il r\u00e9alise son premier court m\u00e9trage en 2017 puis int\u00e8gre la F\u00e9mis. Pour son deuxi\u00e8me court m\u00e9trage, Timoura, il obtient en 2019 le Grand Prix du Nil au Luxor African Film Festival\u00a0.<br \/>\nEn 2023 et 2024, Boussa est s\u00e9lectionn\u00e9 dans de nombreux grands festivals et obtient plus de trente prix dont le Poulain de Bronze au Fespaco et en 2024 le Prix du Public \u00e0 Cin\u00e9 Regards Africains \u00e0 Cachan.<\/p>\n","protected":false},"excerpt":{"rendered":"<p>De Azedine Kasri \u2013 Alg\u00e9rie, France \u2013 2023 &#8211; fiction \u2013 19 mn . &#8211; .VO fr Kabyle ST fr Production : Bien ou Bien Productions Sc\u00e9nario : Azedine Kasri, [&hellip;]<\/p>\n","protected":false},"author":1,"featured_media":0,"parent":26,"menu_order":0,"comment_status":"closed","ping_status":"closed","template":"","meta":{"footnotes":""},"class_list":["post-4275","page","type-page","status-publish","hentry"],"jetpack_sharing_enabled":true,"jetpack_shortlink":"https:\/\/wp.me\/P7C6tF-16X","jetpack-related-posts":[{"id":682,"url":"https:\/\/asurb.com\/asurb3\/?page_id=682","url_meta":{"origin":4275,"position":0},"title":"Examen d&rsquo;\u00e9tat","author":"webmaster","date":"15 juin 2016","format":false,"excerpt":"De Dieudo HAMADI\u00a0 - 92 min - RDC\/France - 2014 - documentaire - couleur - DCP - VO lingala et fran\u00e7ais STF Sc\u00e9nario \/Image \/Son : Dieudo Hamadi - Montage : Rodolphe Molla - Production\/Distribution : AGAT films, 52 rue Jean-Pierre Timbaud, 75011 Paris, France - tel. 33 (0)1 53\u2026","rel":"","context":"Article similaire","block_context":{"text":"Article similaire","link":""},"img":{"alt_text":"","src":"","width":0,"height":0},"classes":[]},{"id":2841,"url":"https:\/\/asurb.com\/asurb3\/?page_id=2841","url_meta":{"origin":4275,"position":1},"title":"Le figuier","author":"webmaster","date":"11 ao\u00fbt 2020","format":false,"excerpt":"LE FIGUIER\u00a0 -\u00a0 De A\u00e4l\u00e4m-W\u00e4rqe DAVIDIAN \u2013 Ethiopie\/Isra\u00ebl \u2013 2018 -93 min \u2013 Fiction - \u00a0couleur -VOSTF Sc\u00e9nario\u00a0: A\u00e4l\u00e4m-W\u00e4rqe Davidian - Directeur de la photo\u00a0: Daniel Miller - Montage\u00a0: Arik Lahav-Leibovich - Musique\u00a0: John G\u00fcrtler, Jan Miserre - D\u00e9cors\u00a0: Danny Avshalom - Costumes\u00a0: Marine Galliano \u2013Interpr\u00e9tation\u00a0: Betalehem Asmamawe, Yohanes Muse,\u2026","rel":"","context":"Article similaire","block_context":{"text":"Article similaire","link":""},"img":{"alt_text":"","src":"","width":0,"height":0},"classes":[]},{"id":3379,"url":"https:\/\/asurb.com\/asurb3\/?page_id=3379","url_meta":{"origin":4275,"position":2},"title":"Haut et fort","author":"webmaster","date":"21 ao\u00fbt 2022","format":false,"excerpt":"De Nabil AYOUCH \u2013 Maroc \u2013 2022 -101min- fiction - couleur - VO arabe STF -\u00a0 N\u00b0 de visa : 149.491\u00a0 - S\u00e9lection officielle au Festival de Cannes 2021 Sc\u00e9nario\u00a0: Nabil Ayouch avec la collaboration de Maryam Touzani\u2013 Image\u00a0: Virginie Surdeij, Amine Messadi \u2013 Son\u00a0: Samuel A\u00efchoun, Nassim El Mounabbih,\u2026","rel":"","context":"Article similaire","block_context":{"text":"Article similaire","link":""},"img":{"alt_text":"","src":"","width":0,"height":0},"classes":[]},{"id":2823,"url":"https:\/\/asurb.com\/asurb3\/?page_id=2823","url_meta":{"origin":4275,"position":3},"title":"Adam","author":"webmaster","date":"10 ao\u00fbt 2020","format":false,"excerpt":"ADAM\u00a0 de Maryam Touzani , Maroc - 2019 - 98 min - fiction - couleur - VO arabe - STF. Sce\u0301nario\u00a0: Maryam Touzani, avec la collaboration de Nabil Ayouch\u00a0 - Assistant r\u00e9alisateur\u00a0: Ali Tahiri - Image\u00a0: Virginie Surdej \u2013 Cadre Adil Ayoub - Montage\u00a0:Julie Naas - Son\u00a0: Nassim Mounabbih -\u2026","rel":"","context":"Article similaire","block_context":{"text":"Article similaire","link":""},"img":{"alt_text":"","src":"","width":0,"height":0},"classes":[]},{"id":531,"url":"https:\/\/asurb.com\/asurb3\/?page_id=531","url_meta":{"origin":4275,"position":4},"title":"Journal de bord 2009","author":"webmaster","date":"6 juin 2016","format":false,"excerpt":"Notre association Afrique sur Bi\u00e8vre porte particuli\u00e8rement bien son nom cette ann\u00e9e puisque la troisi\u00e8me \u00e9dition de Cin\u00e9 Regards africains a \u00e9largi son aire de diffusion en se promenant dans quatre villes sur sept de l\u2019agglom\u00e9ration du Val de Bi\u00e8vre, suivant en somme le trajet de la navette locale, \u00ab\u2026","rel":"","context":"Article similaire","block_context":{"text":"Article similaire","link":""},"img":{"alt_text":"","src":"https:\/\/i0.wp.com\/asurb.com\/AsurB\/D_Medias\/Affiche_Sim.jpg?resize=350%2C200&ssl=1","width":350,"height":200},"classes":[]},{"id":238,"url":"https:\/\/asurb.com\/asurb3\/?page_id=238","url_meta":{"origin":4275,"position":5},"title":"Il va pleuvoir sur Conakry","author":"webmaster","date":"4 juin 2016","format":false,"excerpt":"De Cheick Fantamady CAMARA \u2013 110 min \u2013 Guin\u00e9e \u2013 2006 \u2013 VOSTF Fiction \u2013 couleur \u2013 35 mm \u2013 Version originale fran\u00e7ais et malink\u00e9 sous-titr\u00e9. Prix RFI cin\u00e9ma du public et Prix Rurart jeune public lyc\u00e9en au FESPACO* 2007 Sc\u00e9nario : Cheick Fantamady Camara ; Images : Robert Milli\u00e9\u2026","rel":"","context":"Article similaire","block_context":{"text":"Article similaire","link":""},"img":{"alt_text":"Conakry_Fiche","src":"https:\/\/i0.wp.com\/asurb.com\/asurb3\/wp-content\/uploads\/2016\/06\/Conakry_Fiche.jpg?resize=350%2C200&ssl=1","width":350,"height":200},"classes":[]}],"_links":{"self":[{"href":"https:\/\/asurb.com\/asurb3\/index.php?rest_route=\/wp\/v2\/pages\/4275","targetHints":{"allow":["GET"]}}],"collection":[{"href":"https:\/\/asurb.com\/asurb3\/index.php?rest_route=\/wp\/v2\/pages"}],"about":[{"href":"https:\/\/asurb.com\/asurb3\/index.php?rest_route=\/wp\/v2\/types\/page"}],"author":[{"embeddable":true,"href":"https:\/\/asurb.com\/asurb3\/index.php?rest_route=\/wp\/v2\/users\/1"}],"replies":[{"embeddable":true,"href":"https:\/\/asurb.com\/asurb3\/index.php?rest_route=%2Fwp%2Fv2%2Fcomments&post=4275"}],"version-history":[{"count":2,"href":"https:\/\/asurb.com\/asurb3\/index.php?rest_route=\/wp\/v2\/pages\/4275\/revisions"}],"predecessor-version":[{"id":4576,"href":"https:\/\/asurb.com\/asurb3\/index.php?rest_route=\/wp\/v2\/pages\/4275\/revisions\/4576"}],"up":[{"embeddable":true,"href":"https:\/\/asurb.com\/asurb3\/index.php?rest_route=\/wp\/v2\/pages\/26"}],"wp:attachment":[{"href":"https:\/\/asurb.com\/asurb3\/index.php?rest_route=%2Fwp%2Fv2%2Fmedia&parent=4275"}],"curies":[{"name":"wp","href":"https:\/\/api.w.org\/{rel}","templated":true}]}}