{"id":4279,"date":"2024-10-30T17:34:14","date_gmt":"2024-10-30T16:34:14","guid":{"rendered":"https:\/\/asurb.com\/asurb3\/?page_id=4279"},"modified":"2024-10-30T17:34:14","modified_gmt":"2024-10-30T16:34:14","slug":"rentrons","status":"publish","type":"page","link":"https:\/\/asurb.com\/asurb3\/?page_id=4279","title":{"rendered":"Rentrons"},"content":{"rendered":"<p>De <strong>Nasser BESSALAH<\/strong> &#8211; Alg\u00e9rie\/France &#8211; 2023 &#8211; 25 min &#8211; fiction &#8211; VO fran\u00e7ais\/arabe STF<img data-recalc-dims=\"1\" loading=\"lazy\" decoding=\"async\" data-attachment-id=\"4280\" data-permalink=\"https:\/\/asurb.com\/asurb3\/?attachment_id=4280\" data-orig-file=\"https:\/\/i0.wp.com\/asurb.com\/asurb3\/wp-content\/uploads\/2024\/10\/rentrons.jpg?fit=723%2C1023&amp;ssl=1\" data-orig-size=\"723,1023\" data-comments-opened=\"1\" data-image-meta=\"{&quot;aperture&quot;:&quot;0&quot;,&quot;credit&quot;:&quot;&quot;,&quot;camera&quot;:&quot;&quot;,&quot;caption&quot;:&quot;&quot;,&quot;created_timestamp&quot;:&quot;0&quot;,&quot;copyright&quot;:&quot;&quot;,&quot;focal_length&quot;:&quot;0&quot;,&quot;iso&quot;:&quot;0&quot;,&quot;shutter_speed&quot;:&quot;0&quot;,&quot;title&quot;:&quot;&quot;,&quot;orientation&quot;:&quot;0&quot;}\" data-image-title=\"rentrons\" data-image-description=\"\" data-image-caption=\"\" data-large-file=\"https:\/\/i0.wp.com\/asurb.com\/asurb3\/wp-content\/uploads\/2024\/10\/rentrons.jpg?fit=723%2C1023&amp;ssl=1\" class=\" wp-image-4280 alignright\" src=\"https:\/\/i0.wp.com\/asurb.com\/asurb3\/wp-content\/uploads\/2024\/10\/rentrons.jpg?resize=204%2C289&#038;ssl=1\" alt=\"\" width=\"204\" height=\"289\" srcset=\"https:\/\/i0.wp.com\/asurb.com\/asurb3\/wp-content\/uploads\/2024\/10\/rentrons.jpg?resize=212%2C300&amp;ssl=1 212w, https:\/\/i0.wp.com\/asurb.com\/asurb3\/wp-content\/uploads\/2024\/10\/rentrons.jpg?resize=100%2C141&amp;ssl=1 100w, https:\/\/i0.wp.com\/asurb.com\/asurb3\/wp-content\/uploads\/2024\/10\/rentrons.jpg?resize=600%2C849&amp;ssl=1 600w, https:\/\/i0.wp.com\/asurb.com\/asurb3\/wp-content\/uploads\/2024\/10\/rentrons.jpg?w=723&amp;ssl=1 723w\" sizes=\"auto, (max-width: 204px) 100vw, 204px\" \/><\/p>\n<p>R\u00e9alisation : Nasser Bessalah &#8211; Sc\u00e9nario : Nasser Bessalah, &amp; Latigone N&rsquo;Goma &#8211; Chef op\u00e9rateur : Matthieu Kauffman &#8211; Montage : Alexis No\u00ebl &#8211; Interpr\u00e9tation : Melha Bedia, Zine-Eddine Benyache &#8211; Production : Damien Megherbi &amp; Justin Pechberty &#8211; Les Valseurs &amp; Tavma Nasser BESSALAH<\/p>\n<h4 style=\"text-align: justify;\"><span style=\"color: #ff0000;\">Synopsis\u00a0<\/span><\/h4>\n<p>Dans un village des montagnes B\u00e9jaou\u00ef, au nord de l&rsquo;Alg\u00e9rie, Nouria rencontre Abdel, un Fran\u00e7ais qui vit et travaille dans ce pays. \u00c0 la suite d&rsquo;un pari perdu, les deux jeunes gens prennent la route \u00e0 mobylette le long de la c\u00f4te m\u00e9diterran\u00e9enne. Leur but : embarquer sur un bateau qui les ram\u00e8nera en France.<\/p>\n<h4 style=\"text-align: justify;\"><span style=\"color: #ff0000;\">Le r\u00e9alisateur<\/span><\/h4>\n<p>Nasser Bessallah est n\u00e9 en Alg\u00e9rie en 1990.<\/p>\n<p>Sa famille vient s\u2019installer en France dans le Val de Marne alors qu\u2019il est encore tr\u00e8s jeune.<br \/>\n\u00c0 24 ans, il passe un dipl\u00f4me d\u2019acc\u00e8s aux \u00e9tudes universitaires (DAEU) en litt\u00e9rature, puis d\u00e9bute une licence d\u2019histoire.<br \/>\nSur le tournage d\u2019un clip de rap, il rencontre Julien Courbey et Paco Boublard, deux com\u00e9diens, qui lui proposent de rejoindre une agence artistique. Nasser se d\u00e9couvre alors une passion pour le cin\u00e9ma.<br \/>\nIl r\u00e9alise un mini-documentaire et des courts m\u00e9trages en mode \u00ab cin\u00e9ma gu\u00e9rilla \u00bb, avant de r\u00e9aliser son premier court m\u00e9trage de fiction, Rentrons, avec Melha Bedia dans le r\u00f4le principal.<\/p>\n","protected":false},"excerpt":{"rendered":"<p>De Nasser BESSALAH &#8211; Alg\u00e9rie\/France &#8211; 2023 &#8211; 25 min &#8211; fiction &#8211; VO fran\u00e7ais\/arabe STF R\u00e9alisation : Nasser Bessalah &#8211; Sc\u00e9nario : Nasser Bessalah, &amp; Latigone N&rsquo;Goma &#8211; Chef [&hellip;]<\/p>\n","protected":false},"author":1,"featured_media":0,"parent":26,"menu_order":0,"comment_status":"closed","ping_status":"closed","template":"","meta":{"footnotes":""},"class_list":["post-4279","page","type-page","status-publish","hentry"],"jetpack_sharing_enabled":true,"jetpack_shortlink":"https:\/\/wp.me\/P7C6tF-171","jetpack-related-posts":[{"id":2519,"url":"https:\/\/asurb.com\/asurb3\/?page_id=2519","url_meta":{"origin":4279,"position":0},"title":"En attendant les hirondelles","author":"webmaster","date":"22 septembre 2019","format":false,"excerpt":"\u00a0De Karim MOUSSAOUI \u2013 Alg\u00e9rie\/France \u2013 2017 -113 min \u2013 Fiction - VOSTF Film s\u00e9lectionn\u00e9 dans de nombreux festivals Sc\u00e9nario\u00a0: Karim Moussaoui, Maud Ameline \u2013 Image\u00a0: David Chambille \u2013 Montage\u00a0: Thomas Marchand - Son\u00a0: Arnaud Marten\u2013 D\u00e9cor\u00a0: Hamid Boughrara \u2013Costumes\u00a0: Maya Benchikh - Chor\u00e9graphie\u00a0: Georgia Ives - Interpr\u00e9tation\u00a0:Mohamed Djouhri, \u00a0Sonia\u2026","rel":"","context":"Article similaire","block_context":{"text":"Article similaire","link":""},"img":{"alt_text":"","src":"","width":0,"height":0},"classes":[]},{"id":241,"url":"https:\/\/asurb.com\/asurb3\/?page_id=241","url_meta":{"origin":4279,"position":1},"title":"Ils se sont tus","author":"webmaster","date":"4 juin 2016","format":false,"excerpt":"De Khaled BENA\u00cfSSA - 17 min - Alg\u00e9rie - 2009 Fiction - couleur - 35mm - version arabe sous-titr\u00e9e en fran\u00e7ais Sc\u00e9nario : Khaled Bena\u00efssa ; Image : Mohammed Soudani ; Montage : Malik Benyounes ; Musique : Mourad Guechoud ; Son : Hamid Osmani ; D\u00e9cor : Adel Kasser\u2026","rel":"","context":"Article similaire","block_context":{"text":"Article similaire","link":""},"img":{"alt_text":"Ilssesonttus_Fiche2010","src":"https:\/\/i0.wp.com\/asurb.com\/asurb3\/wp-content\/uploads\/2016\/06\/Ilssesonttus_Fiche2010.jpg?resize=350%2C200&ssl=1","width":350,"height":200},"classes":[]},{"id":279,"url":"https:\/\/asurb.com\/asurb3\/?page_id=279","url_meta":{"origin":4279,"position":2},"title":"La maison jaune","author":"webmaster","date":"4 juin 2016","format":false,"excerpt":"De Amor HAKKAR - 80 min - Alg\u00e9rie - 2007 Fiction - couleur - 35mm - version originale en chaoui sous-titr\u00e9e en fran\u00e7ais Sc\u00e9nario : Amor Hakkar ; Image : Nicolas Roche ; Montage : Amor Hakkar, Lyonnel Garnier, Jean Dubreuil ; Musique : Fay\u00e7al Salhi, Joseph Macera ; Son\u2026","rel":"","context":"Article similaire","block_context":{"text":"Article similaire","link":""},"img":{"alt_text":"Maison_jaune_Fiche","src":"https:\/\/i0.wp.com\/asurb.com\/asurb3\/wp-content\/uploads\/2016\/06\/Maison_jaune_Fiche.jpg?resize=350%2C200&ssl=1","width":350,"height":200},"classes":[]},{"id":4128,"url":"https:\/\/asurb.com\/asurb3\/?page_id=4128","url_meta":{"origin":4279,"position":3},"title":"Six pieds sur terre","author":"webmaster","date":"10 septembre 2024","format":false,"excerpt":"De Karim BENSALAH \u2013 France, Alg\u00e9rie \u2013 2023 \u2013 100 min \u2013 fiction \u2013 VO arabe fran\u00e7ais STF S\u00e9lectionn\u00e9 en comp\u00e9tition au Festival du cin\u00e9ma m\u00e9diterran\u00e9en de Montpellier 2023 et au Festival premiers plans d\u2019Angers \u00a0 Sc\u00e9nario : Karim Bensalah, Jamal Belmahi \u00a0- Image : Pierre-Hubert Martin \u2013 Son :\u2026","rel":"","context":"Article similaire","block_context":{"text":"Article similaire","link":""},"img":{"alt_text":"","src":"https:\/\/i0.wp.com\/asurb.com\/asurb3\/wp-content\/uploads\/2024\/10\/SIX-PIEDS-SUR-TERRE-220x300.jpg?resize=350%2C200&ssl=1","width":350,"height":200},"classes":[]},{"id":175,"url":"https:\/\/asurb.com\/asurb3\/?page_id=175","url_meta":{"origin":4279,"position":4},"title":"Beur Blanc Rouge","author":"webmaster","date":"3 juin 2016","format":false,"excerpt":"Alg\u00e9rie - 2006 - 88 min - fiction - couleur - version fran\u00e7aise R\u00e9alisation : Mahmoud Zemmouri ; Sc\u00e9nario : Mahmoud Zemmouri, Marie-Laurence Attias ; Image : Fran\u00e7ois Lartigue ; Montage : Youcef Tobni ; Son : Fran\u00e7ois Semp\u00e9 ; Musique : Franck Lebon, Ahmed Hamadi, Kada Mustapha ; Interpr\u00e9tation\u2026","rel":"","context":"Article similaire","block_context":{"text":"Article similaire","link":""},"img":{"alt_text":"beur-blanc-rouge2_fiche","src":"https:\/\/i0.wp.com\/asurb.com\/asurb3\/wp-content\/uploads\/2016\/06\/beur-blanc-rouge2_fiche.jpg?resize=350%2C200&ssl=1","width":350,"height":200},"classes":[]},{"id":376,"url":"https:\/\/asurb.com\/asurb3\/?page_id=376","url_meta":{"origin":4279,"position":5},"title":"Mascarades","author":"webmaster","date":"5 juin 2016","format":false,"excerpt":"De Ly\u00e8s SALEM - 92 min - Alg\u00e9rie \/ France - 2008 Fiction - couleur - 35mm - version originale en arabe sous-titr\u00e9e en fran\u00e7ais Sc\u00e9nario : Ly\u00e8s Salem, Nathalie Saugeon ; Image : Pierre Cottereau ; Montage : Florence Ricard ; Musique : Mathias Duplessy ; Son : Marc\u2026","rel":"","context":"Article similaire","block_context":{"text":"Article similaire","link":""},"img":{"alt_text":"Mascarades_Fiche2010","src":"https:\/\/i0.wp.com\/asurb.com\/asurb3\/wp-content\/uploads\/2016\/06\/Mascarades_Fiche2010.jpg?resize=350%2C200&ssl=1","width":350,"height":200},"classes":[]}],"_links":{"self":[{"href":"https:\/\/asurb.com\/asurb3\/index.php?rest_route=\/wp\/v2\/pages\/4279","targetHints":{"allow":["GET"]}}],"collection":[{"href":"https:\/\/asurb.com\/asurb3\/index.php?rest_route=\/wp\/v2\/pages"}],"about":[{"href":"https:\/\/asurb.com\/asurb3\/index.php?rest_route=\/wp\/v2\/types\/page"}],"author":[{"embeddable":true,"href":"https:\/\/asurb.com\/asurb3\/index.php?rest_route=\/wp\/v2\/users\/1"}],"replies":[{"embeddable":true,"href":"https:\/\/asurb.com\/asurb3\/index.php?rest_route=%2Fwp%2Fv2%2Fcomments&post=4279"}],"version-history":[{"count":1,"href":"https:\/\/asurb.com\/asurb3\/index.php?rest_route=\/wp\/v2\/pages\/4279\/revisions"}],"predecessor-version":[{"id":4281,"href":"https:\/\/asurb.com\/asurb3\/index.php?rest_route=\/wp\/v2\/pages\/4279\/revisions\/4281"}],"up":[{"embeddable":true,"href":"https:\/\/asurb.com\/asurb3\/index.php?rest_route=\/wp\/v2\/pages\/26"}],"wp:attachment":[{"href":"https:\/\/asurb.com\/asurb3\/index.php?rest_route=%2Fwp%2Fv2%2Fmedia&parent=4279"}],"curies":[{"name":"wp","href":"https:\/\/api.w.org\/{rel}","templated":true}]}}