{"id":4282,"date":"2024-10-30T17:55:51","date_gmt":"2024-10-30T16:55:51","guid":{"rendered":"https:\/\/asurb.com\/asurb3\/?page_id=4282"},"modified":"2024-10-30T17:59:43","modified_gmt":"2024-10-30T16:59:43","slug":"katope","status":"publish","type":"page","link":"https:\/\/asurb.com\/asurb3\/?page_id=4282","title":{"rendered":"Katope"},"content":{"rendered":"<p>de <strong>Walt Mzengi Corey<\/strong> &#8211; Tanzanie &#8211; 2024 &#8211; 14 min &#8211; fiction -VO STF.<br \/>\nSc\u00e9nario: Walt Mzengi Corey &#8211; Direction photo : Konstantinos Koukoulios &#8211; Musique : Nyati Mchoia Choir,Evan Roth &#8211; D\u00e9cors : Val\u00e9rie A Amani &#8211; Production et montage : Petrus Von Staden &#8211; Interpr\u00e9tation : Rahele Matete, Jene Mahenyela Mwalimu, Robert Duadi Chirimu &#8211; Production d\u00e9l\u00e9gu\u00e9e : Rebecca Mzengi Corey<br \/>\n<strong>S\u00e9lection : Festival international du court-m\u00e9trage de Clermont-Ferrand 2024<\/strong><\/p>\n<h4 style=\"text-align: justify;\"><span style=\"color: #ff0000;\">Synopsis\u00a0<\/span><\/h4>\n<p><em>Katope<\/em> nous raconte le parcours d\u2019un jeune enfant sculpt\u00e9 dans l\u2019argile par sa m\u00e8re et qui va entreprendre, au p\u00e9ril de sa vie, de mettre fin \u00e0 la s\u00e9cheresse qui d\u00e9vaste son village. Nous sommes ici dans une exploration autour du conte et de la mythologie tanzanienne, avec un r\u00e9el respect et connaissance envers cette derni\u00e8re. Originaire de Tanzanie, mais ayant v\u00e9cu une grande partie de sa vie aux \u00c9tats-Unis, Walt Mzengi Corey, se r\u00e9approprie la culture de ses parents \u00e0 travers le fantastique. Cela transpara\u00eet notamment \u00e0 travers le climax du film, une danse de la pluie, comme sacrifice de cette enfant aux origines mystiques.<\/p>\n<h4 style=\"text-align: justify;\"><span style=\"color: #ff0000;\">Le r\u00e9alisateur<\/span><\/h4>\n<p>N\u00e9 en Tanzanie, il vit entre Dar es Salaam et New York.<\/p>\n<p>Premi\u00e8re formation \u00e0 l\u2019\u00e9criture et \u00e0 la r\u00e9alisation en Afrique du Sud \u00e0 l\u2019AFDA (African Film and Drama Academy) de 2017 \u00e0 2019, suivie d\u2019une ma\u00eetrise en Beaux-Arts \u00e0 l\u2019Universit\u00e9 de New York, sp\u00e9cialit\u00e9 cin\u00e9ma et video, obtenue en 2022.<br \/>\nAssistant r\u00e9alisateur sur Mthunzi (2019), prix du meilleur court m\u00e9trage aux JCC (Tunisie), il r\u00e9alise ensuite deux courts m\u00e9trages Gulf (2019) et Timela (2020).<br \/>\nEn 2022 il fait partie des six r\u00e9alisateurs de court m\u00e9trage s\u00e9lectionn\u00e9s pour la s\u00e9rie des \u2018\u2019Contes populaires africains r\u00e9invent\u00e9s\u2019\u2019, financ\u00e9e par Netflix et l\u2019UNESCO, ce qui l\u2019a incit\u00e9 \u00e0 cr\u00e9er Katope . Ce film s\u2019est vu d\u00e9cerner en 2023 le Prix Semb\u00e8ne Ousmane au Festival International de Films de Zanzibar.<br \/>\nIl continue d\u2019\u00e9crire des histoires sur les v\u00e9rit\u00e9s plus d\u00e9licates et souvent non dites de l\u2019humanit\u00e9 et de la soci\u00e9t\u00e9.<\/p>\n","protected":false},"excerpt":{"rendered":"<p>de Walt Mzengi Corey &#8211; Tanzanie &#8211; 2024 &#8211; 14 min &#8211; fiction -VO STF. Sc\u00e9nario: Walt Mzengi Corey &#8211; Direction photo : Konstantinos Koukoulios &#8211; Musique : Nyati Mchoia [&hellip;]<\/p>\n","protected":false},"author":1,"featured_media":0,"parent":26,"menu_order":0,"comment_status":"closed","ping_status":"closed","template":"","meta":{"footnotes":""},"class_list":["post-4282","page","type-page","status-publish","hentry"],"jetpack_sharing_enabled":true,"jetpack_shortlink":"https:\/\/wp.me\/P7C6tF-174","jetpack-related-posts":[{"id":209,"url":"https:\/\/asurb.com\/asurb3\/?page_id=209","url_meta":{"origin":4282,"position":0},"title":"Drum","author":"webmaster","date":"4 juin 2016","format":false,"excerpt":"De Zola MASEKO - 104 min - Afrique du Sud - 2004 Fiction - couleur - DVD - version originale en anglais et afrikaan sous-titr\u00e9e en fran\u00e7ais Sc\u00e9nario : Jason Filardi ; Images : Lisa Rinzler ; Montage : Troy Takaki ; Musique : C\u00e9dric Gradus Samson ; Son :\u2026","rel":"","context":"Article similaire","block_context":{"text":"Article similaire","link":""},"img":{"alt_text":"Drum_Fiche","src":"https:\/\/i0.wp.com\/asurb.com\/asurb3\/wp-content\/uploads\/2016\/06\/Drum_Fiche.jpg?resize=350%2C200&ssl=1","width":350,"height":200},"classes":[]},{"id":276,"url":"https:\/\/asurb.com\/asurb3\/?page_id=276","url_meta":{"origin":4282,"position":1},"title":"La femme porte l&rsquo;Afrique","author":"webmaster","date":"4 juin 2016","format":false,"excerpt":"De Idrissa DIABAT\u00c9 - 52 min - C\u00f4te d\u2019Ivoire - 2009 Documentaire - couleur - 35 mm - version originale sous-titr\u00e9e en fran\u00e7ais. Sc\u00e9nario : Idrissa Diabat\u00e9 ; Image : Tony Barraud ; Montage : Constance Ryder ; Musique : Toumani Diabat\u00e9 ; Production\/Distribution : DJA-COM (106 rue Ordener, 75018\u2026","rel":"","context":"Article similaire","block_context":{"text":"Article similaire","link":""},"img":{"alt_text":"Femme_Afrique_Fiche2010","src":"https:\/\/i0.wp.com\/asurb.com\/asurb3\/wp-content\/uploads\/2016\/06\/Femme_Afrique_Fiche2010.jpg?resize=350%2C200&ssl=1","width":350,"height":200},"classes":[]},{"id":2591,"url":"https:\/\/asurb.com\/asurb3\/?page_id=2591","url_meta":{"origin":4282,"position":2},"title":"Le loup d&rsquo;or de Balol\u00e9","author":"webmaster","date":"9 octobre 2019","format":false,"excerpt":"De A\u00efcha BORO LETERRIER - Burkina Faso \u2013 2018 \u2013 75 min \u2013 documentaire \u2013 couleur \u2013 DCP \u2013 VO STF Etalon d\u2019or du documentaire au FESPACO (Festival Panafricain du cin\u00e9ma et de la t\u00e9l\u00e9vision de Ouagadougou) 2019 Image : Nathan Guillaumey, Sero\u00e9 Billa \u2013 Montage\u00a0: H\u00e9lo\u00efse Pawolida - Musique\u2026","rel":"","context":"Article similaire","block_context":{"text":"Article similaire","link":""},"img":{"alt_text":"","src":"","width":0,"height":0},"classes":[]},{"id":305,"url":"https:\/\/asurb.com\/asurb3\/?page_id=305","url_meta":{"origin":4282,"position":3},"title":"La vie n&rsquo;est pas immobile","author":"webmaster","date":"4 juin 2016","format":false,"excerpt":"S\u00e9n\u00e9gal - 2011 - 54 min - documentaire - couleur - VOSTF R\u00e9alisation : Alassane Diago ; Image : Alassane Diago, Fabacary Coly ; Montage : Annie Waks ; Son : Alassane Diago, Adama Diarra ; Production : Corto Pacific, Inzo Ya Bizizi, Quizas Productions ; Distribution : Corto Pacific\u2026","rel":"","context":"Article similaire","block_context":{"text":"Article similaire","link":""},"img":{"alt_text":"la-vie-nest-pas_fiche","src":"https:\/\/i0.wp.com\/asurb.com\/asurb3\/wp-content\/uploads\/2016\/06\/la-vie-nest-pas_fiche.jpg?resize=350%2C200&ssl=1","width":350,"height":200},"classes":[]},{"id":1860,"url":"https:\/\/asurb.com\/asurb3\/?page_id=1860","url_meta":{"origin":4282,"position":4},"title":"Zaineb n&rsquo;aime pas la neige","author":"webmaster","date":"29 novembre 2017","format":false,"excerpt":"De Kaouther BEN HANIA Tunisie \u2013 2016 -94 min \u2013 documentaire \u2013 couleur \u2013 VO arabe ST fran\u00e7ais \u2013 DCP R\u00e9alisation \u2013 Sc\u00e9nario -Image \u2013 Son\u00a0: Kaouther Ben Hania \u2013 Montage : Samuel Lajus- Interpr\u00e9tation :\u00a0Zaineb Khelifi, Wijdene Hamdi -\u00a0 Production\u00a0:\u00a0Cin\u00e9t\u00e9lfilms. Distribution \u00e0 l\u2019\u00e9tranger\u00a0:\u00a0AUTLOOK\u00a0Filmsales GmbH (Youn Ji) \u2013 Tanit d\u2019Or\u2026","rel":"","context":"Article similaire","block_context":{"text":"Article similaire","link":""},"img":{"alt_text":"","src":"","width":0,"height":0},"classes":[]},{"id":989,"url":"https:\/\/asurb.com\/asurb3\/?page_id=989","url_meta":{"origin":4282,"position":5},"title":"Dans ma t\u00eate un rond-point","author":"webmaster","date":"12 octobre 2016","format":false,"excerpt":"De Hassen FERHANI \u00a0-\u00a0Alg\u00e9rie \u2013 2015 De Hassen FERHANI -\u00a0Alg\u00e9rie \u2013 2015 \u2013 100 min \u2013 documentaire - couleur \u2013 DCP - VOSTF. Image : Hassen Ferhani \u2013 Son\u00a0: Djamel Kerkar \u2013 Montage\u00a0: Narimane Mari, Hassen Ferhani, Corentin Doucet, Myriam Ay\u00e7aguer \u2013 Production\u00a0: Allers Retours Films, Centrale \u00c9lectrique \u2013 Distribution\u00a0:\u2026","rel":"","context":"Article similaire","block_context":{"text":"Article similaire","link":""},"img":{"alt_text":"rond-point","src":"https:\/\/i0.wp.com\/asurb.com\/asurb3\/wp-content\/uploads\/2016\/10\/rond-point-300x169.jpg?resize=350%2C200&ssl=1","width":350,"height":200},"classes":[]}],"_links":{"self":[{"href":"https:\/\/asurb.com\/asurb3\/index.php?rest_route=\/wp\/v2\/pages\/4282","targetHints":{"allow":["GET"]}}],"collection":[{"href":"https:\/\/asurb.com\/asurb3\/index.php?rest_route=\/wp\/v2\/pages"}],"about":[{"href":"https:\/\/asurb.com\/asurb3\/index.php?rest_route=\/wp\/v2\/types\/page"}],"author":[{"embeddable":true,"href":"https:\/\/asurb.com\/asurb3\/index.php?rest_route=\/wp\/v2\/users\/1"}],"replies":[{"embeddable":true,"href":"https:\/\/asurb.com\/asurb3\/index.php?rest_route=%2Fwp%2Fv2%2Fcomments&post=4282"}],"version-history":[{"count":3,"href":"https:\/\/asurb.com\/asurb3\/index.php?rest_route=\/wp\/v2\/pages\/4282\/revisions"}],"predecessor-version":[{"id":4295,"href":"https:\/\/asurb.com\/asurb3\/index.php?rest_route=\/wp\/v2\/pages\/4282\/revisions\/4295"}],"up":[{"embeddable":true,"href":"https:\/\/asurb.com\/asurb3\/index.php?rest_route=\/wp\/v2\/pages\/26"}],"wp:attachment":[{"href":"https:\/\/asurb.com\/asurb3\/index.php?rest_route=%2Fwp%2Fv2%2Fmedia&parent=4282"}],"curies":[{"name":"wp","href":"https:\/\/api.w.org\/{rel}","templated":true}]}}