{"id":4338,"date":"2024-11-19T18:33:16","date_gmt":"2024-11-19T17:33:16","guid":{"rendered":"https:\/\/asurb.com\/asurb3\/?page_id=4338"},"modified":"2024-11-19T18:33:16","modified_gmt":"2024-11-19T17:33:16","slug":"jury-du-concours-des-longs-metrages-2024","status":"publish","type":"page","link":"https:\/\/asurb.com\/asurb3\/?page_id=4338","title":{"rendered":"Jury du concours des longs m\u00e9trages 2024"},"content":{"rendered":"\n<p><img data-recalc-dims=\"1\" loading=\"lazy\" decoding=\"async\" data-attachment-id=\"4327\" data-permalink=\"https:\/\/asurb.com\/asurb3\/?attachment_id=4327\" data-orig-file=\"https:\/\/i0.wp.com\/asurb.com\/asurb3\/wp-content\/uploads\/2024\/11\/Diapo-Jury-LM-2024.jpg?fit=1058%2C794&amp;ssl=1\" data-orig-size=\"1058,794\" data-comments-opened=\"1\" data-image-meta=\"{&quot;aperture&quot;:&quot;0&quot;,&quot;credit&quot;:&quot;&quot;,&quot;camera&quot;:&quot;&quot;,&quot;caption&quot;:&quot;&quot;,&quot;created_timestamp&quot;:&quot;0&quot;,&quot;copyright&quot;:&quot;&quot;,&quot;focal_length&quot;:&quot;0&quot;,&quot;iso&quot;:&quot;0&quot;,&quot;shutter_speed&quot;:&quot;0&quot;,&quot;title&quot;:&quot;&quot;,&quot;orientation&quot;:&quot;0&quot;}\" data-image-title=\"Diapo Jury LM 2024\" data-image-description=\"\" data-image-caption=\"\" data-large-file=\"https:\/\/i0.wp.com\/asurb.com\/asurb3\/wp-content\/uploads\/2024\/11\/Diapo-Jury-LM-2024.jpg?fit=900%2C675&amp;ssl=1\" class=\"wp-image-4327 aligncenter\" src=\"https:\/\/i0.wp.com\/asurb.com\/asurb3\/wp-content\/uploads\/2024\/11\/Diapo-Jury-LM-2024.jpg?resize=391%2C293&#038;ssl=1\" alt=\"\" width=\"391\" height=\"293\" srcset=\"https:\/\/i0.wp.com\/asurb.com\/asurb3\/wp-content\/uploads\/2024\/11\/Diapo-Jury-LM-2024.jpg?resize=300%2C225&amp;ssl=1 300w, https:\/\/i0.wp.com\/asurb.com\/asurb3\/wp-content\/uploads\/2024\/11\/Diapo-Jury-LM-2024.jpg?resize=1024%2C768&amp;ssl=1 1024w, https:\/\/i0.wp.com\/asurb.com\/asurb3\/wp-content\/uploads\/2024\/11\/Diapo-Jury-LM-2024.jpg?resize=100%2C75&amp;ssl=1 100w, https:\/\/i0.wp.com\/asurb.com\/asurb3\/wp-content\/uploads\/2024\/11\/Diapo-Jury-LM-2024.jpg?resize=600%2C450&amp;ssl=1 600w, https:\/\/i0.wp.com\/asurb.com\/asurb3\/wp-content\/uploads\/2024\/11\/Diapo-Jury-LM-2024.jpg?w=1058&amp;ssl=1 1058w\" sizes=\"auto, (max-width: 391px) 100vw, 391px\" \/><\/p>\n\n\n","protected":false},"excerpt":{"rendered":"","protected":false},"author":1,"featured_media":0,"parent":0,"menu_order":0,"comment_status":"closed","ping_status":"closed","template":"","meta":{"footnotes":""},"class_list":["post-4338","page","type-page","status-publish","hentry"],"jetpack_sharing_enabled":true,"jetpack_shortlink":"https:\/\/wp.me\/P7C6tF-17Y","jetpack-related-posts":[{"id":3900,"url":"https:\/\/asurb.com\/asurb3\/?page_id=3900","url_meta":{"origin":4338,"position":0},"title":"Jury des longs-m\u00e9trages 2023","author":"webmaster","date":"24 novembre 2023","format":false,"excerpt":"Composition du jury qui attribue le prix \u00e0 un des longs-m\u00e9trages projet\u00e9s pendant le festival 2023 : Alassane DIAGO , r\u00e9alisateur Th\u00e9r\u00e8se-Marie DEFFONTAINES, journaliste, sp\u00e9cialiste du cin\u00e9ma africain Marie-Pomme CARTERET, monteuse Beno\u00eet de CHAUMONT, cin\u00e9ma La Tournelle - L'Ha\u00ff les Roses) S\u00e9bastien LE VAILLANT, cin\u00e9ma Jean Vilar - Arcueil","rel":"","context":"Article similaire","block_context":{"text":"Article similaire","link":""},"img":{"alt_text":"","src":"https:\/\/i0.wp.com\/asurb.com\/asurb3\/wp-content\/uploads\/2023\/11\/Diapo-Jury-LM-2023-VF-300x225.jpg?resize=350%2C200&ssl=1","width":350,"height":200},"classes":[]},{"id":4837,"url":"https:\/\/asurb.com\/asurb3\/?page_id=4837","url_meta":{"origin":4338,"position":1},"title":"Composition du jury pour le Prix des longs m\u00e9trages 2025","author":"webmaster","date":"14 novembre 2025","format":false,"excerpt":"Yolande Jos\u00e8phe (r\u00e9alisatrice) Marc Berman (com\u00e9dien) Bruno Henry (com\u00e9dien) Olivier Lorelle (sc\u00e9nariste)Pr\u00e9sident du jury Benoit de Chaumont (Cin\u00e9ma La Tournelle L'Hay les roses) Romane Camo (Cin\u00e9ma La Pl\u00e9iade Cachan) Thierry Vannenieuwembrouck (m\u00e9diath\u00e8que de Chevilly Larue)","rel":"","context":"Article similaire","block_context":{"text":"Article similaire","link":""},"img":{"alt_text":"","src":"https:\/\/i0.wp.com\/asurb.com\/asurb3\/wp-content\/uploads\/2025\/11\/Yolande-Josephe-T-284x300.jpg?resize=350%2C200&ssl=1","width":350,"height":200},"classes":[]},{"id":5018,"url":"https:\/\/asurb.com\/asurb3\/?page_id=5018","url_meta":{"origin":4338,"position":2},"title":"Festival 2025","author":"webmaster","date":"14 janvier 2026","format":false,"excerpt":"La 18\u00e8me \u00e9dition du Festival CIN\u00c9 REGARDS AFRICAINS s'est tenue du vendredi 21 au dimanche 30 novembre 2025, dans les villes d' Antony, Arcueil, Cachan, Fresnes, l'Ha\u00ff-les-Roses et Villejuif. Cette manifestation est organis\u00e9e par l'association Afrique sur Bi\u00e8vre. Au programme : des courts-m\u00e9trages et des longs-m\u00e9trages de r\u00e9alisateurs africains, suivis\u2026","rel":"","context":"Article similaire","block_context":{"text":"Article similaire","link":""},"img":{"alt_text":"","src":"","width":0,"height":0},"classes":[]},{"id":3548,"url":"https:\/\/asurb.com\/asurb3\/?page_id=3548","url_meta":{"origin":4338,"position":3},"title":"Jury du prix pour les longs m\u00e9trages projet\u00e9s pendant le festival 2022","author":"webmaster","date":"11 d\u00e9cembre 2022","format":false,"excerpt":"","rel":"","context":"Article similaire","block_context":{"text":"Article similaire","link":""},"img":{"alt_text":"","src":"https:\/\/i0.wp.com\/asurb.com\/asurb3\/wp-content\/uploads\/2022\/12\/Diapo-Jury-LM-2022-V2-1-300x225.jpg?resize=350%2C200&ssl=1","width":350,"height":200},"classes":[]},{"id":4534,"url":"https:\/\/asurb.com\/asurb3\/?page_id=4534","url_meta":{"origin":4338,"position":4},"title":"Festival 2024","author":"webmaster","date":"31 ao\u00fbt 2025","format":false,"excerpt":"La 17\u00e8me \u00e9dition du Festival CIN\u00c9 REGARDS AFRICAINS s'est tenue du vendredi 22 novembre au dimanche 1er d\u00e9cembre 2024, dans les villes d' Antony, Arcueil, Cachan, l'Ha\u00ff-les-Roses et Villejuif. Cette manifestation est organis\u00e9e par l'association Afrique sur Bi\u00e8vre. Au programme : des courts-m\u00e9trages et des longs-m\u00e9trages de r\u00e9alisateurs africains, suivis\u2026","rel":"","context":"Article similaire","block_context":{"text":"Article similaire","link":""},"img":{"alt_text":"","src":"","width":0,"height":0},"classes":[]},{"id":667,"url":"https:\/\/asurb.com\/asurb3\/?page_id=667","url_meta":{"origin":4338,"position":5},"title":"C&rsquo;est eux les chiens","author":"webmaster","date":"14 juin 2016","format":false,"excerpt":"De Hicham LASRI - 85 min - Maroc - 2013 Maroc - 2013 -1h25 - fiction - couleur - VO arabe ST fran\u00e7ais - DCP Sc\u00e9nario : Hicham Lasri ; Image : Ali Benjelloun ; Son : Aissam Elkhayat ; Montage : Safaa Baraka ; Interpr\u00e9tation : Hassan Badida,Yahya El\u2026","rel":"","context":"Article similaire","block_context":{"text":"Article similaire","link":""},"img":{"alt_text":"","src":"","width":0,"height":0},"classes":[]}],"_links":{"self":[{"href":"https:\/\/asurb.com\/asurb3\/index.php?rest_route=\/wp\/v2\/pages\/4338","targetHints":{"allow":["GET"]}}],"collection":[{"href":"https:\/\/asurb.com\/asurb3\/index.php?rest_route=\/wp\/v2\/pages"}],"about":[{"href":"https:\/\/asurb.com\/asurb3\/index.php?rest_route=\/wp\/v2\/types\/page"}],"author":[{"embeddable":true,"href":"https:\/\/asurb.com\/asurb3\/index.php?rest_route=\/wp\/v2\/users\/1"}],"replies":[{"embeddable":true,"href":"https:\/\/asurb.com\/asurb3\/index.php?rest_route=%2Fwp%2Fv2%2Fcomments&post=4338"}],"version-history":[{"count":1,"href":"https:\/\/asurb.com\/asurb3\/index.php?rest_route=\/wp\/v2\/pages\/4338\/revisions"}],"predecessor-version":[{"id":4339,"href":"https:\/\/asurb.com\/asurb3\/index.php?rest_route=\/wp\/v2\/pages\/4338\/revisions\/4339"}],"wp:attachment":[{"href":"https:\/\/asurb.com\/asurb3\/index.php?rest_route=%2Fwp%2Fv2%2Fmedia&parent=4338"}],"curies":[{"name":"wp","href":"https:\/\/api.w.org\/{rel}","templated":true}]}}