{"id":4467,"date":"2024-12-06T17:00:30","date_gmt":"2024-12-06T16:00:30","guid":{"rendered":"https:\/\/asurb.com\/asurb3\/?page_id=4467"},"modified":"2024-12-06T17:02:06","modified_gmt":"2024-12-06T16:02:06","slug":"daniela-ricci","status":"publish","type":"page","link":"https:\/\/asurb.com\/asurb3\/?page_id=4467","title":{"rendered":"Daniela Ricci"},"content":{"rendered":"\n<p><strong>Daniela RICCI est<\/strong> <strong>docteur en \u00e9tudes cin\u00e9matographiques, enseignante \u00e0 l\u2019universit\u00e9 Paris X Nanterre, r\u00e9alisatrice et sp\u00e9cialiste des cin\u00e9mas d&rsquo;Afrique.<\/strong><\/p>\n<p>Apr\u00e8s avoir travaill\u00e9 plusieurs ann\u00e9es dans des projets de coop\u00e9ration <img data-recalc-dims=\"1\" loading=\"lazy\" decoding=\"async\" data-attachment-id=\"4468\" data-permalink=\"https:\/\/asurb.com\/asurb3\/?attachment_id=4468\" data-orig-file=\"https:\/\/i0.wp.com\/asurb.com\/asurb3\/wp-content\/uploads\/2024\/12\/D-Ricci.jpg?fit=190%2C190&amp;ssl=1\" data-orig-size=\"190,190\" data-comments-opened=\"1\" data-image-meta=\"{&quot;aperture&quot;:&quot;0&quot;,&quot;credit&quot;:&quot;&quot;,&quot;camera&quot;:&quot;&quot;,&quot;caption&quot;:&quot;&quot;,&quot;created_timestamp&quot;:&quot;0&quot;,&quot;copyright&quot;:&quot;&quot;,&quot;focal_length&quot;:&quot;0&quot;,&quot;iso&quot;:&quot;0&quot;,&quot;shutter_speed&quot;:&quot;0&quot;,&quot;title&quot;:&quot;&quot;,&quot;orientation&quot;:&quot;0&quot;}\" data-image-title=\"D Ricci\" data-image-description=\"\" data-image-caption=\"\" data-large-file=\"https:\/\/i0.wp.com\/asurb.com\/asurb3\/wp-content\/uploads\/2024\/12\/D-Ricci.jpg?fit=190%2C190&amp;ssl=1\" class=\"size-full wp-image-4468 alignright\" src=\"https:\/\/i0.wp.com\/asurb.com\/asurb3\/wp-content\/uploads\/2024\/12\/D-Ricci.jpg?resize=190%2C190&#038;ssl=1\" alt=\"\" width=\"190\" height=\"190\" srcset=\"https:\/\/i0.wp.com\/asurb.com\/asurb3\/wp-content\/uploads\/2024\/12\/D-Ricci.jpg?w=190&amp;ssl=1 190w, https:\/\/i0.wp.com\/asurb.com\/asurb3\/wp-content\/uploads\/2024\/12\/D-Ricci.jpg?resize=100%2C100&amp;ssl=1 100w\" sizes=\"auto, (max-width: 190px) 100vw, 190px\" \/>internationales en Afrique et Am\u00e9rique Latine aupr\u00e8s de diverses ONG, ainsi que des Nations Unies, elle a \u00e9t\u00e9 organisatrice des rencontres internationales de cin\u00e9ma de Savona, <em>Uno sguardo all&rsquo;Africa (Un regard sur l&rsquo;Afrique)<\/em>. Elle collabore avec divers Festivals de cin\u00e9matographiques. Daniela Ricci a obtenu un doctorat \u00e0 l&rsquo;Universit\u00e9 Jean Moulin de Lyon \u2013 en codirection avec la Howard University de Washington. Elle m\u00e8ne ses recherches sur les films contemporains d&rsquo;Afrique et de ses diasporas, entre la France, l&rsquo;Italie et les Etats-Unis. Chercheuse en \u00e9tudes cin\u00e9matographiques, elle enseigne le cin\u00e9ma \u00e0 l&rsquo;Universit\u00e9 Paris Nanterre. Elle organise des manifestations internationales, elle a dirig\u00e9 divers ouvrages collectifs autour de la question identitaire et des repr\u00e9sentations. <br \/>Daniela Ricci est auteure de nombre d&rsquo;articles sur ce sujet, ainsi que du livre <em>Cin\u00e9mas des diasporas noires : esth\u00e9tiques de la reconstruction<\/em> (L&rsquo;Harmattan, 2016). <br \/>Elle a r\u00e9alis\u00e9 le documentaire <em>Imaginaires en exil. Cinq cin\u00e9astes d&rsquo;Afrique se racontent<\/em> (52 min, 2013). <br \/><b>Filmographie :<\/b> <em>Imaginaires en exil \u2013 Cinq cin\u00e9astes d&rsquo;Afrique se racontent<\/em> [<em>Creation in Exile<\/em>] (2013, HD, 52 min).<\/p>\n","protected":false},"excerpt":{"rendered":"<p>Daniela RICCI est docteur en \u00e9tudes cin\u00e9matographiques, enseignante \u00e0 l\u2019universit\u00e9 Paris X Nanterre, r\u00e9alisatrice et sp\u00e9cialiste des cin\u00e9mas d&rsquo;Afrique. Apr\u00e8s avoir travaill\u00e9 plusieurs ann\u00e9es dans des projets de coop\u00e9ration internationales [&hellip;]<\/p>\n","protected":false},"author":1,"featured_media":0,"parent":0,"menu_order":0,"comment_status":"closed","ping_status":"closed","template":"","meta":{"footnotes":""},"class_list":["post-4467","page","type-page","status-publish","hentry"],"jetpack_sharing_enabled":true,"jetpack_shortlink":"https:\/\/wp.me\/P7C6tF-1a3","jetpack-related-posts":[{"id":763,"url":"https:\/\/asurb.com\/asurb3\/?page_id=763","url_meta":{"origin":4467,"position":0},"title":"Peau de colle","author":"webmaster","date":"19 juin 2016","format":false,"excerpt":"De Kaouther BEN HANIA \u00a0 -23 mn - Tunisie \/ France\u00a0 \u2013 2013 - court m\u00e9trage - fiction - couleur com\u00e9die\u2013 VO arabe ST fran\u00e7ais Sc\u00e9nario\u00a0: Kaouther Ben Hania -\u00a0 Son\u00a0: Walid Ouerghi Kochbati -\u00a0\u00a0 Musique\u00a0: Benjamin Violet - Montage\u00a0: Valentin F\u00e9ron -\u00a0 Direction photo\u00a0: Hazem Berrabah - Interpr\u00e9tation\u00a0:\u00a0 Yasmine\u2026","rel":"","context":"Article similaire","block_context":{"text":"Article similaire","link":""},"img":{"alt_text":"","src":"","width":0,"height":0},"classes":[]},{"id":663,"url":"https:\/\/asurb.com\/asurb3\/?page_id=663","url_meta":{"origin":4467,"position":1},"title":"Dix mille neuf cent quarante neuf (10949) femmes","author":"webmaster","date":"14 juin 2016","format":false,"excerpt":"De Nassima GUESSOUM - 75 min - Alg\u00e9rie - 2014 De Nassima GUESSOUM - Alg\u00e9rie - 2014 - 75 min - documentaire - couleur - DCP -\u00a0 version originale en fran\u00e7ais et en arabe sous-titr\u00e9e en fran\u00e7ais Sc\u00e9nario : Nassima GUESSOUM - Image : Houssem BOKHARI, Nassima GUESSOUM - Son:\u2026","rel":"","context":"Article similaire","block_context":{"text":"Article similaire","link":""},"img":{"alt_text":"","src":"","width":0,"height":0},"classes":[]},{"id":483,"url":"https:\/\/asurb.com\/asurb3\/?page_id=483","url_meta":{"origin":4467,"position":2},"title":"Vivre","author":"webmaster","date":"5 juin 2016","format":false,"excerpt":"De Walid TAYAA - 18 min - Tunisie - 2010 Fiction - couleur - DVD - version originale en arabe sous-titr\u00e9 en fran\u00e7ais Sc\u00e9nario : Walid Tayaa ; Image : Nabil Sa\u00efdi ; Montage : Imen Jiberi ; Son : Salma Thabet ; Interpr\u00e8te : Sondos Belhssan ; Production :\u2026","rel":"","context":"Article similaire","block_context":{"text":"Article similaire","link":""},"img":{"alt_text":"Vivre_Fiche","src":"https:\/\/i0.wp.com\/asurb.com\/asurb3\/wp-content\/uploads\/2016\/06\/Vivre_Fiche.jpg?resize=350%2C200&ssl=1","width":350,"height":200},"classes":[]},{"id":4452,"url":"https:\/\/asurb.com\/asurb3\/?page_id=4452","url_meta":{"origin":4467,"position":3},"title":"Catherine Ruelle","author":"webmaster","date":"6 d\u00e9cembre 2024","format":false,"excerpt":"Catherine Ruelle est grand reporter, critique de cin\u00e9ma et auteure, sp\u00e9cialiste des cin\u00e9mas d\u2019Afrique, du monde arabe et de l\u2019Am\u00e9rique latine.Apr\u00e8s des \u00e9tudes de sciences politiques et d\u2019histoire, elle entre \u00e0 Radio France Internationale dans les ann\u00e9es 1970. Elle a \u00e9t\u00e9 responsable, de 1973 \u00e0 mars 2012, de la rubrique\u2026","rel":"","context":"Article similaire","block_context":{"text":"Article similaire","link":""},"img":{"alt_text":"","src":"https:\/\/i0.wp.com\/asurb.com\/asurb3\/wp-content\/uploads\/2024\/12\/Catherine-Ruelle-200x300.jpg?resize=350%2C200&ssl=1","width":350,"height":200},"classes":[]},{"id":2594,"url":"https:\/\/asurb.com\/asurb3\/?page_id=2594","url_meta":{"origin":4467,"position":4},"title":"La belle et la meute","author":"webmaster","date":"9 octobre 2019","format":false,"excerpt":"La belle et la meute de Kaouther BEN HANIA - Tunisie - France - Liban - Norv\u00e8ge, 2017, Fiction - 95 min - Couleur \u2013 VO arabe STF Sc\u00e9nario\u00a0: Kaouther Ben Hania - Image\u00a0: J\u00e9r\u00f4me Alm\u00e9ras\u00a0- Montage\u00a0: Nadia Ben Rachid\u00a0- Musique originale\u00a0: Amine Bouhafa- D\u00e9cors\u00a0: Moncef Hakouna - Costumes\u00a0: Nedra\u2026","rel":"","context":"Article similaire","block_context":{"text":"Article similaire","link":""},"img":{"alt_text":"","src":"","width":0,"height":0},"classes":[]},{"id":489,"url":"https:\/\/asurb.com\/asurb3\/?page_id=489","url_meta":{"origin":4467,"position":5},"title":"Yeelen \/ La lumi\u00e8re","author":"webmaster","date":"5 juin 2016","format":false,"excerpt":"Mali - 1987 - fiction - 106 min - couleur - VOSTFR Premier film d\u2019Afrique noire prim\u00e9 au festival de Cannes, \u00ab Yeelen \u00bb a obtenu le Prix du Jury en 1987. R\u00e9alisation : Souleymane Ciss\u00e9 Sc\u00e9nario : Souleymane Ciss\u00e9 Interpr\u00e9tation : Issiaka Kan\u00e9, Aoua Sangar\u00e9, Niamanto Sanogo, Balla Moussa\u2026","rel":"","context":"Article similaire","block_context":{"text":"Article similaire","link":""},"img":{"alt_text":"YEELEN_1_Fiche","src":"https:\/\/i0.wp.com\/asurb.com\/asurb3\/wp-content\/uploads\/2016\/06\/YEELEN_1_Fiche.jpg?resize=350%2C200&ssl=1","width":350,"height":200},"classes":[]}],"_links":{"self":[{"href":"https:\/\/asurb.com\/asurb3\/index.php?rest_route=\/wp\/v2\/pages\/4467","targetHints":{"allow":["GET"]}}],"collection":[{"href":"https:\/\/asurb.com\/asurb3\/index.php?rest_route=\/wp\/v2\/pages"}],"about":[{"href":"https:\/\/asurb.com\/asurb3\/index.php?rest_route=\/wp\/v2\/types\/page"}],"author":[{"embeddable":true,"href":"https:\/\/asurb.com\/asurb3\/index.php?rest_route=\/wp\/v2\/users\/1"}],"replies":[{"embeddable":true,"href":"https:\/\/asurb.com\/asurb3\/index.php?rest_route=%2Fwp%2Fv2%2Fcomments&post=4467"}],"version-history":[{"count":3,"href":"https:\/\/asurb.com\/asurb3\/index.php?rest_route=\/wp\/v2\/pages\/4467\/revisions"}],"predecessor-version":[{"id":4762,"href":"https:\/\/asurb.com\/asurb3\/index.php?rest_route=\/wp\/v2\/pages\/4467\/revisions\/4762"}],"wp:attachment":[{"href":"https:\/\/asurb.com\/asurb3\/index.php?rest_route=%2Fwp%2Fv2%2Fmedia&parent=4467"}],"curies":[{"name":"wp","href":"https:\/\/api.w.org\/{rel}","templated":true}]}}