{"id":4554,"date":"2025-09-02T17:21:08","date_gmt":"2025-09-02T15:21:08","guid":{"rendered":"https:\/\/asurb.com\/asurb3\/?page_id=4554"},"modified":"2025-10-14T18:30:06","modified_gmt":"2025-10-14T16:30:06","slug":"la-derniere-reine-alger-1516","status":"publish","type":"page","link":"https:\/\/asurb.com\/asurb3\/?page_id=4554","title":{"rendered":"La derni\u00e8re reine, Alger 1516"},"content":{"rendered":"\n<p>De Adila BENDIMERAD et Damien OUNOURI \u2013 Alg\u00e9rie, France, Ta\u00efwan\u2013 2022 \u2013 110 min &#8211; fiction \u2013 VO arabe STF.<\/p>\n<p><span style=\"color: #ff0000;\"><strong>Fiche technique<\/strong><\/span><\/p>\n<p>Sc\u00e9nario : Adila Bendimerad et Damien Ounouri \u2013 Assistant r\u00e9alisateur : Fouad Trifi \u2013 <img data-recalc-dims=\"1\" loading=\"lazy\" decoding=\"async\" data-attachment-id=\"4792\" data-permalink=\"https:\/\/asurb.com\/asurb3\/?attachment_id=4792\" data-orig-file=\"https:\/\/i0.wp.com\/asurb.com\/asurb3\/wp-content\/uploads\/2025\/10\/AFFICHE_WEB.jpg?fit=787%2C1102&amp;ssl=1\" data-orig-size=\"787,1102\" data-comments-opened=\"1\" data-image-meta=\"{&quot;aperture&quot;:&quot;0&quot;,&quot;credit&quot;:&quot;&quot;,&quot;camera&quot;:&quot;&quot;,&quot;caption&quot;:&quot;&quot;,&quot;created_timestamp&quot;:&quot;0&quot;,&quot;copyright&quot;:&quot;&quot;,&quot;focal_length&quot;:&quot;0&quot;,&quot;iso&quot;:&quot;0&quot;,&quot;shutter_speed&quot;:&quot;0&quot;,&quot;title&quot;:&quot;&quot;,&quot;orientation&quot;:&quot;0&quot;}\" data-image-title=\"AFFICHE_WEB\" data-image-description=\"\" data-image-caption=\"\" data-large-file=\"https:\/\/i0.wp.com\/asurb.com\/asurb3\/wp-content\/uploads\/2025\/10\/AFFICHE_WEB.jpg?fit=731%2C1024&amp;ssl=1\" class=\"wp-image-4792 alignright\" src=\"https:\/\/i0.wp.com\/asurb.com\/asurb3\/wp-content\/uploads\/2025\/10\/AFFICHE_WEB.jpg?resize=152%2C213&#038;ssl=1\" alt=\"\" width=\"152\" height=\"213\" srcset=\"https:\/\/i0.wp.com\/asurb.com\/asurb3\/wp-content\/uploads\/2025\/10\/AFFICHE_WEB.jpg?resize=214%2C300&amp;ssl=1 214w, https:\/\/i0.wp.com\/asurb.com\/asurb3\/wp-content\/uploads\/2025\/10\/AFFICHE_WEB.jpg?resize=731%2C1024&amp;ssl=1 731w, https:\/\/i0.wp.com\/asurb.com\/asurb3\/wp-content\/uploads\/2025\/10\/AFFICHE_WEB.jpg?resize=100%2C140&amp;ssl=1 100w, https:\/\/i0.wp.com\/asurb.com\/asurb3\/wp-content\/uploads\/2025\/10\/AFFICHE_WEB.jpg?w=787&amp;ssl=1 787w\" sizes=\"auto, (max-width: 152px) 100vw, 152px\" \/><br \/>Image : Shadi Chaaban \u2013 Son : Amine Teggar, Li Danfeng -Montage : Matthieu Laclau, \u00a0Yann-Shan Tsai, &#8211; Musique : Evgueni et Sacha Galperine &#8211;\u00a0 Costumes : Jean-Marc Miret\u00e9 \u2013 D\u00e9cors : Feriel Gasmi Issiakhem \u2013 Coordination des combats : Samir Haddadi &#8211; Effets sp\u00e9ciaux : Tu Wei Ting, Evan Wen, Halim Mekhancha \u2013 Interpr\u00e9tation : Adila Bendimerad, Dali Benssalah, Mohamed Tahar Zaoui, Imen Noel, Nadia Tereszkiewicz, Yanis Aouine \u2013<\/p>\n<p>Production :\u00a0 Agat films, courrier@agatfilms.com , 52, rue Jean-Pierre Timbaud 75011 Paris, T\u00e9l. : +33 (0) 1 53 36 32 32 \u2013 Distribution : JOUR2F\u00caTE, Sarah Chazelle et \u00c9tienne Ollagnier, 16 rue Frochot 75009 Paris , <a href=\"mailto:contact@jour2fete.com\">contact@jour2fete.com<\/a>, 01 40 22 92 15 \u2013 Attach\u00e9s de presse\u00a0: Fran\u00e7ois, Hassan Guerrar, Julie Braun, 64 rue de Rochechouart 75009 Paris, <a href=\"mailto:julie@helegant.fr\">julie@helegant.fr<\/a>, 01 40 34 22 95.<br \/><br \/><\/p>\n<p>S\u00e9lectionn\u00e9 au FESPACO 2023 dans la comp\u00e9tition officielle et au Festival International de Hambourg 2022. A la Mostra de Venise 2022, dans la section Giornate degli Autori<\/p>\n<p><strong><span style=\"color: #ff0000;\">Synopsis<\/span> <br \/><\/strong><\/p>\n<p>Alg\u00e9rie, 1516. Le pirate Aroudj Barberousse lib\u00e8re Alger de la tyrannie des Espagnols et prend le pouvoir sur le royaume. Selon la rumeur, il aurait assassin\u00e9 le roi Salim Toumi, malgr\u00e9 leur alliance. Contre toute attente, une femme va lui tenir t\u00eate : la reine Zaphira. Entre histoire et l\u00e9gende, le parcours de cette femme raconte un combat, des bouleversements personnels et politiques, endur\u00e9s pour le bien d\u2019Alger.<\/p>\n<p>\u00a0<em>\u00ab\u00a0Une jolie r\u00e9ussite romanesque, un film \u00e0 grand spectacle, o\u00f9 se m\u00ealent le mythe et l\u2019Histoire, o\u00f9 le luxe de l\u2019apparat c\u00f4toie la barbarie de l\u2019\u00e9poque. C\u2019est beau \u00e0 regarder, avec des costumes et des d\u00e9cors somptueux, et un discret message \u00e0 la fois f\u00e9ministe et anticolonial.\u00a0\u00bb<\/em> (F.Forestier L\u2019Obs)<\/p>\n<p><span style=\"color: #ff0000;\"><strong>\u00a0<\/strong><strong>La r\u00e9alisatrice, le r\u00e9alisateur<\/strong><\/span><\/p>\n<p><strong>Adila Bendimerad<\/strong> est une actrice, sc\u00e9nariste, r\u00e9alisatrice et productrice alg\u00e9rienne, qui a notamment jou\u00e9 dans les films <em>LE REPENTI, LES<\/em> <em>TERRASSES et NORMAL !<\/em> de Merzak Allouache, <em>STILL BURNING<\/em> de Georges Hachem et <em>KINDIL EL BAHR<\/em> de Damien Ounouri.<br \/>En 2011, elle fonde la soci\u00e9t\u00e9 de production TAJ INTAJ \u00e0 Alger pour faire \u00e9merger les jeunes talents alg\u00e9riens. En 2014, elle re\u00e7oit une nomination aux C\u00e9sar pour <em>LES JOURS D\u2019AVANT<\/em> de Karim Moussaoui et <em>KINDIL EL BAHR<\/em> de Damien Ounouri conna\u00eet sa premi\u00e8re mondiale \u00e0 la Quinzaine des R\u00e9alisateurs du Festival de Cannes 2016. <br \/>En 2022, elle interpr\u00e8te le r\u00f4le principal de <em>LA DERNI\u00c8RE REINE<\/em>, qu\u2019elle a \u00e9galement produit, co\u00e9crit et cor\u00e9alis\u00e9 avec Damien Ounouri, et qui a fait sa premi\u00e8re mondiale \u00e0 la Mostra de Venise dans la section Giornate Degli Autori.<\/p>\n<p><strong>Damien Ounouri<\/strong> , r\u00e9alisateur franco-alg\u00e9rien bas\u00e9 \u00e0 Alger, a \u00e9tudi\u00e9 la th\u00e9orie du cin\u00e9ma \u00e0 la Sorbonne-Nouvelle, d\u00e9veloppant sa pratique en autodidacte. Son documentaire <em>FIDA\u00cf<\/em> (2012), coproduit par le cin\u00e9aste chinois Jia Zhang-Ke, a fait sa premi\u00e8re mondiale au festival de Toronto TIFF et est sorti en salles en France et en Allemagne. Son moyen-m\u00e9trage de fiction <em>KINDIL EL BAHR<\/em> (2016) a fait sa premi\u00e8re \u00e0 la Quinzaine des R\u00e9alisateurs au Festival de Cannes et a \u00e9t\u00e9 diffus\u00e9 sur ARTE. Il est \u00e9galement producteur associ\u00e9 dans la soci\u00e9t\u00e9 de production alg\u00e9rienne TAJ INTAJ g\u00e9r\u00e9e par l\u2019actrice Adila Bendimerad.<br \/><em>LA DERNI\u00c8RE REINE<\/em> (2022) est son premier long-m\u00e9trage de fiction.<\/p>\n<p><strong>\u00a0 <\/strong><strong><span style=\"color: #ff0000;\">Annexe<\/span> <span style=\"color: #ff0000;\">:<\/span> <br \/><\/strong>A consulter sur le site de Jour2f\u00eate, le dossier de presse\u00a0 ( <a href=\"https:\/\/jour2fete.com\/film\/la-derniere-reine\/\">https:\/\/jour2fete.com\/film\/la-derniere-reine\/<\/a> ) notamment pour l\u2019interview des deux r\u00e9alisateurs.\u00a0<\/p>\n\n\n\n\n","protected":false},"excerpt":{"rendered":"<p>De Adila BENDIMERAD et Damien OUNOURI \u2013 Alg\u00e9rie, France, Ta\u00efwan\u2013 2022 \u2013 110 min &#8211; fiction \u2013 VO arabe STF. Fiche technique Sc\u00e9nario : Adila Bendimerad et Damien Ounouri \u2013 [&hellip;]<\/p>\n","protected":false},"author":1,"featured_media":0,"parent":26,"menu_order":0,"comment_status":"closed","ping_status":"closed","template":"","meta":{"footnotes":""},"class_list":["post-4554","page","type-page","status-publish","hentry"],"jetpack_sharing_enabled":true,"jetpack_shortlink":"https:\/\/wp.me\/P7C6tF-1bs","jetpack-related-posts":[{"id":723,"url":"https:\/\/asurb.com\/asurb3\/?page_id=723","url_meta":{"origin":4554,"position":0},"title":"Les terrasses","author":"webmaster","date":"15 juin 2016","format":false,"excerpt":"De Merzak Allouache - 94 min - Alg\u00e9rie - 2013 - fiction - couleur - VO arabe STF Sc\u00e9nario : Merzak Allouache - Image : Fr\u00e9deric Derrien - Son : Julien Perrez - Montage\u00a0 Sylvie Gadmer - Interpr\u00e9tation : Adila Bendimerad, Nassima Belmihoub, Ahcene Benzerari, A\u00efssa Chouat, Mourad Khen, Myriam\u2026","rel":"","context":"Article similaire","block_context":{"text":"Article similaire","link":""},"img":{"alt_text":"","src":"","width":0,"height":0},"classes":[]},{"id":721,"url":"https:\/\/asurb.com\/asurb3\/?page_id=721","url_meta":{"origin":4554,"position":1},"title":"Le repenti   (El Taaib)","author":"webmaster","date":"15 juin 2016","format":false,"excerpt":"De Merzak ALLOUACHE - 87 min - Alg\u00e9rie\/ France - 2012 - fiction - couleur - HD - VO arabe STF \u00a0 Sc\u00e9nario : Merzak Allouache ; Image : Mohamed Tayeb Laggoune ; Montage : Sylvie Gadmer ; Son : Ali Mahfiche, Xavier Thibault, Carole Vermer, Julien Perez ; Interpr\u00e9tation\u2026","rel":"","context":"Article similaire","block_context":{"text":"Article similaire","link":""},"img":{"alt_text":"","src":"","width":0,"height":0},"classes":[]},{"id":495,"url":"https:\/\/asurb.com\/asurb3\/?page_id=495","url_meta":{"origin":4554,"position":2},"title":"Zebu and the photofish","author":"webmaster","date":"5 juin 2016","format":false,"excerpt":"Kenya - 2011 - fiction - 12 min - couleur - VO en anglais, STFR S\u00e9lectionn\u00e9 au Festival des Films du monde de Montr\u00e9al et au FESPACO 2011. Mention du jury au festival Cin\u00e9 Sud 2012. Prix du jury au festival international de films de femmes de Yaound\u00e9 2012. R\u00e9alisation\u2026","rel":"","context":"Article similaire","block_context":{"text":"Article similaire","link":""},"img":{"alt_text":"zebu_Fiche","src":"https:\/\/i0.wp.com\/asurb.com\/asurb3\/wp-content\/uploads\/2016\/06\/zebu_Fiche.jpg?resize=350%2C200&ssl=1","width":350,"height":200},"classes":[]},{"id":4279,"url":"https:\/\/asurb.com\/asurb3\/?page_id=4279","url_meta":{"origin":4554,"position":3},"title":"Rentrons","author":"webmaster","date":"30 octobre 2024","format":false,"excerpt":"De Nasser BESSALAH - Alg\u00e9rie\/France - 2023 - 25 min - fiction - VO fran\u00e7ais\/arabe STF R\u00e9alisation : Nasser Bessalah - Sc\u00e9nario : Nasser Bessalah, & Latigone N'Goma - Chef op\u00e9rateur : Matthieu Kauffman - Montage : Alexis No\u00ebl - Interpr\u00e9tation : Melha Bedia, Zine-Eddine Benyache - Production : Damien\u2026","rel":"","context":"Article similaire","block_context":{"text":"Article similaire","link":""},"img":{"alt_text":"","src":"https:\/\/i0.wp.com\/asurb.com\/asurb3\/wp-content\/uploads\/2024\/10\/rentrons-212x300.jpg?resize=350%2C200&ssl=1","width":350,"height":200},"classes":[]},{"id":257,"url":"https:\/\/asurb.com\/asurb3\/?page_id=257","url_meta":{"origin":4554,"position":4},"title":"Kin","author":"webmaster","date":"4 juin 2016","format":false,"excerpt":"Belgique \u2013 2011 \u2013 fiction\/animation \u2013 11 min - couleur \u2013 VO en fran\u00e7ais. Prix : Grand prix de la F\u00e9d\u00e9ration Wallonie Bruxelles et prix de la RTBF Festival Anima (Belgique) 2011, Mention sp\u00e9ciale au festival \"Le Court en dit Long\" (Centre Wallonie-Bruxelles, Paris) 2011, Prix Coll\u00e8ge au cin\u00e9ma, Prix\u2026","rel":"","context":"Article similaire","block_context":{"text":"Article similaire","link":""},"img":{"alt_text":"KIN_Fiche","src":"https:\/\/i0.wp.com\/asurb.com\/asurb3\/wp-content\/uploads\/2016\/06\/KIN_Fiche.jpg?resize=350%2C200&ssl=1","width":350,"height":200},"classes":[]},{"id":412,"url":"https:\/\/asurb.com\/asurb3\/?page_id=412","url_meta":{"origin":4554,"position":5},"title":"Pi\u00e8ces d&rsquo;identit\u00e9s","author":"webmaster","date":"5 juin 2016","format":false,"excerpt":"De Mw\u00e9z\u00e9 Dieudonn\u00e9 NGANGURA \u2013 90 min \u2013 R\u00e9p. d\u00e9m. du Congo \u2013 1998 \u2013 VF Fiction \u2013 couleur \u2013 35 mm \u2013 version fran\u00e7aise Sc\u00e9nario : Mw\u00e9z\u00e9 Ngangura ; Adaptation : Yves Comte et Mw\u00e9z\u00e9 Ngangura ; Images : Jacques Besse ; Montage : France Duez ; Musique :\u2026","rel":"","context":"Article similaire","block_context":{"text":"Article similaire","link":""},"img":{"alt_text":"PiecesIdent_Fiche","src":"https:\/\/i0.wp.com\/asurb.com\/asurb3\/wp-content\/uploads\/2016\/06\/PiecesIdent_Fiche.jpg?resize=350%2C200&ssl=1","width":350,"height":200},"classes":[]}],"_links":{"self":[{"href":"https:\/\/asurb.com\/asurb3\/index.php?rest_route=\/wp\/v2\/pages\/4554","targetHints":{"allow":["GET"]}}],"collection":[{"href":"https:\/\/asurb.com\/asurb3\/index.php?rest_route=\/wp\/v2\/pages"}],"about":[{"href":"https:\/\/asurb.com\/asurb3\/index.php?rest_route=\/wp\/v2\/types\/page"}],"author":[{"embeddable":true,"href":"https:\/\/asurb.com\/asurb3\/index.php?rest_route=\/wp\/v2\/users\/1"}],"replies":[{"embeddable":true,"href":"https:\/\/asurb.com\/asurb3\/index.php?rest_route=%2Fwp%2Fv2%2Fcomments&post=4554"}],"version-history":[{"count":4,"href":"https:\/\/asurb.com\/asurb3\/index.php?rest_route=\/wp\/v2\/pages\/4554\/revisions"}],"predecessor-version":[{"id":4793,"href":"https:\/\/asurb.com\/asurb3\/index.php?rest_route=\/wp\/v2\/pages\/4554\/revisions\/4793"}],"up":[{"embeddable":true,"href":"https:\/\/asurb.com\/asurb3\/index.php?rest_route=\/wp\/v2\/pages\/26"}],"wp:attachment":[{"href":"https:\/\/asurb.com\/asurb3\/index.php?rest_route=%2Fwp%2Fv2%2Fmedia&parent=4554"}],"curies":[{"name":"wp","href":"https:\/\/api.w.org\/{rel}","templated":true}]}}