{"id":4559,"date":"2025-09-06T14:12:01","date_gmt":"2025-09-06T12:12:01","guid":{"rendered":"https:\/\/asurb.com\/asurb3\/?page_id=4559"},"modified":"2025-10-14T18:32:12","modified_gmt":"2025-10-14T16:32:12","slug":"le-lac-bleu","status":"publish","type":"page","link":"https:\/\/asurb.com\/asurb3\/?page_id=4559","title":{"rendered":"Le lac bleu"},"content":{"rendered":"\n<p><img data-recalc-dims=\"1\" loading=\"lazy\" decoding=\"async\" data-attachment-id=\"4774\" data-permalink=\"https:\/\/asurb.com\/asurb3\/?attachment_id=4774\" data-orig-file=\"https:\/\/i0.wp.com\/asurb.com\/asurb3\/wp-content\/uploads\/2025\/10\/MV5BNDZlY2IwNTctYWVkZC00MGY2LWI3ZWEtNGY4NjQ2MjExODRhXkEyXkFqcGc%40._V1_FMjpg_UX1000_.jpg?fit=1000%2C1414&amp;ssl=1\" data-orig-size=\"1000,1414\" data-comments-opened=\"1\" data-image-meta=\"{&quot;aperture&quot;:&quot;0&quot;,&quot;credit&quot;:&quot;&quot;,&quot;camera&quot;:&quot;&quot;,&quot;caption&quot;:&quot;&quot;,&quot;created_timestamp&quot;:&quot;0&quot;,&quot;copyright&quot;:&quot;&quot;,&quot;focal_length&quot;:&quot;0&quot;,&quot;iso&quot;:&quot;0&quot;,&quot;shutter_speed&quot;:&quot;0&quot;,&quot;title&quot;:&quot;&quot;,&quot;orientation&quot;:&quot;0&quot;}\" data-image-title=\"MV5BNDZlY2IwNTctYWVkZC00MGY2LWI3ZWEtNGY4NjQ2MjExODRhXkEyXkFqcGc@._V1_FMjpg_UX1000_\" data-image-description=\"\" data-image-caption=\"\" data-large-file=\"https:\/\/i0.wp.com\/asurb.com\/asurb3\/wp-content\/uploads\/2025\/10\/MV5BNDZlY2IwNTctYWVkZC00MGY2LWI3ZWEtNGY4NjQ2MjExODRhXkEyXkFqcGc%40._V1_FMjpg_UX1000_.jpg?fit=724%2C1024&amp;ssl=1\" class=\"wp-image-4774 alignright\" src=\"https:\/\/i0.wp.com\/asurb.com\/asurb3\/wp-content\/uploads\/2025\/10\/MV5BNDZlY2IwNTctYWVkZC00MGY2LWI3ZWEtNGY4NjQ2MjExODRhXkEyXkFqcGc%40._V1_FMjpg_UX1000_.jpg?resize=155%2C219&#038;ssl=1\" alt=\"\" width=\"155\" height=\"219\" srcset=\"https:\/\/i0.wp.com\/asurb.com\/asurb3\/wp-content\/uploads\/2025\/10\/MV5BNDZlY2IwNTctYWVkZC00MGY2LWI3ZWEtNGY4NjQ2MjExODRhXkEyXkFqcGc%40._V1_FMjpg_UX1000_.jpg?resize=212%2C300&amp;ssl=1 212w, https:\/\/i0.wp.com\/asurb.com\/asurb3\/wp-content\/uploads\/2025\/10\/MV5BNDZlY2IwNTctYWVkZC00MGY2LWI3ZWEtNGY4NjQ2MjExODRhXkEyXkFqcGc%40._V1_FMjpg_UX1000_.jpg?resize=724%2C1024&amp;ssl=1 724w, https:\/\/i0.wp.com\/asurb.com\/asurb3\/wp-content\/uploads\/2025\/10\/MV5BNDZlY2IwNTctYWVkZC00MGY2LWI3ZWEtNGY4NjQ2MjExODRhXkEyXkFqcGc%40._V1_FMjpg_UX1000_.jpg?resize=100%2C141&amp;ssl=1 100w, https:\/\/i0.wp.com\/asurb.com\/asurb3\/wp-content\/uploads\/2025\/10\/MV5BNDZlY2IwNTctYWVkZC00MGY2LWI3ZWEtNGY4NjQ2MjExODRhXkEyXkFqcGc%40._V1_FMjpg_UX1000_.jpg?w=1000&amp;ssl=1 1000w\" sizes=\"auto, (max-width: 155px) 100vw, 155px\" \/>De Daoud ALOUAD-SYAD \u2013 Maroc \u2013 2024 \u2013 85min \u2013 fiction \u2013 VO arabe STF<\/p>\n<p><span style=\"color: #ff0000;\"><strong>Fiche technique<\/strong><\/span><\/p>\n<p>Sc\u00e9nario\u00a0: Daoud Aoulad-Syad, Adelmjid Seddati, El Houssain Chani<strong> \u2013<br \/><\/strong>Image\u00a0: Ali Benjelloun &#8211; Montage Tarik Amrani, Daoud Aoulad-Syad &#8211; Son\u00a0: Abdelaaziz Ghassine, Sara Kaddouri, &#8211; Musique\u00a0: Mourad Zdaidate -Costumes\u00a0: Assia Isma\u00efli \u2013<br \/>Interpr\u00e9tation\u00a0: Mohamed Khouyi, Hasna Tamtaoui, Youssef Kadir, Mohamed Azelarab Kaghat, Salem Daballa, Ranya Chani \u2013 <br \/>Production : Les films du Sud (Maroc),Daoud Aoulad-Syad. Contact\u00a0: daoud.aouladsyad(@)gmail.com.<\/p>\n<p>S\u00e9lections 2024 :\u00a0 &#8211; Festival International du film de Marrakech &#8211; Festival International du Cin\u00e9ma M\u00e9diterran\u00e9en de Montpellier &#8211; 45\u00e8 Festival International du Film du Caire| -Journ\u00e9es Cin\u00e9matographiques de Carthage \u2013 JCC &#8211; Tunis<\/p>\n<p><strong><span style=\"color: #ff0000;\">Synopsis<\/span> <br \/><\/strong><\/p>\n<p>\u00ab Le Lac Bleu \u00bb raconte l\u2019histoire d\u2019un enfant aveugle de dix ans Youssef, et de son grand-p\u00e8re Allal, chauffeur de taxi ou comment un appareil photographique devient une passerelle vers le visible pour un enfant non-voyant, l\u2019aidant \u00e0 grandir et \u00e0 outrepasser son handicap. Youssef est un jeune gar\u00e7on intelligent et turbulent. Lorsqu\u2019il le peut, il aime prendre des photos de ses camarades de classe, mais jusqu\u2019\u00e0 maintenant il n\u2019a toujours pas d&rsquo;appareil. Un jour, Youssef entend parler d&rsquo;un \u00e9trange voyage dans le d\u00e9sert, o\u00f9 des aveugles venus de l&rsquo;\u00e9tranger veulent se retrouver autour d\u2019un lac bleu miraculeux. Il veut absolument partir. Muni d\u2019un appareil photo offert par son grand-p\u00e8re, il part avec lui \u00e0 la recherche de ce lac en plein d\u00e9sert. Pour ne pas d\u00e9cevoir son petit-fils, Allal va lui d\u00e9crire des paysages qui ne peuvent exister que dans son imaginaire et ses souvenirs, mais Youssef parviendra \u00e0 photographier ainsi son r\u00eave et celui de son grand-p\u00e8re.<\/p>\n<p>\u00a0Bousculant les codes, le film explore les fronti\u00e8res de l\u2019imaginaire et de la perception et invite les spectateurs \u00e0 une r\u00e9flexion subtile sur l\u2019invisible et le ressenti.<\/p>\n<p><em><strong>Pr\u00e9sentation du projet par le cin\u00e9aste :<\/strong> \u00ab\u00a0J\u2019imagine le film principalement en plans fixes mais une cam\u00e9ra l\u00e9g\u00e8re sera port\u00e9e par Youssef pour \u00e9pouser son point de vue. Le r\u00f4le de Youssef sera jou\u00e9 par un enfant aveugle. Le th\u00e8me principal du film \u00e9tant la transmission, nous privil\u00e9gierons des plans s\u00e9quences qui s\u2019harmoniseront avec ce rythme lent. Les espaces d\u00e9sertiques seront film\u00e9s avec un objectif donnant une profondeur de champ \u00e0 l\u2019image. Aussi, je porterai une attention toute particuli\u00e8re \u00e0 la bande son, elle sera compos\u00e9e de vent et de silence, les notes qui se jouent dans le d\u00e9sert. Voici le film que j\u2019aimerai r\u00e9aliser.\u00a0\u00bb<\/em>\u00a0<\/p>\n<p><span style=\"color: #ff0000;\"><strong>\u00a0<\/strong><strong>Le r\u00e9alisateur <\/strong><\/span><\/p>\n<p>Daoud OULAD-SAYAD (\u062f\u0627\u0648\u0648\u062f \u0623\u0648\u0644\u0627\u062f \u0627\u0644\u0633\u064a\u062f), n\u00e9 au Maroc, est r\u00e9alisateur, sc\u00e9nariste, producteur, photographe et universitaire.<\/p>\n<p>Docteur en sciences physiques de l\u2019universit\u00e9 de Nancy en 1981, Daoud Aoulad-Syad d\u00e9bute dans le cin\u00e9ma apr\u00e8s avoir pris part \u00e0 un atelier de cin\u00e9ma \u00e0 La F\u00e9mis en 1989. Lors de cet atelier, il r\u00e9alise deux courts m\u00e9trages : \u00ab\u00a0K ricature\u00a0\u00bb et\u00a0\u00bb Paris, 13 juillet\u00a0\u00bb, suivis de \u00ab\u00a0M\u00e9moire ocre\u00a0\u00bb (1991), \u00ab\u00a0Entre l\u2019absence et l\u2019oubli\u00a0\u00bb (1993), et \u00ab\u00a0Al Oued\u00a0\u00bb (1995). Il r\u00e9alise en 1998 son premier long m\u00e9trage, Adieu forain (Prix de la Critique au CINEMED), puis Le Cheval de vent (2002), Tarfaya (2003), En attendant Pasolini (2007, Prix du meilleur film arabe au Festival International du Film de Caire), La Mosqu\u00e9e (2010), prim\u00e9 au FESPACO, Les Voix du D\u00e9sert (2017) et tout r\u00e9cemment, Le Lac bleu (2024).<\/p>\n<p>En tant que photographe, il a publi\u00e9 trois ouvrages.<\/p>\n","protected":false},"excerpt":{"rendered":"<p>De Daoud ALOUAD-SYAD \u2013 Maroc \u2013 2024 \u2013 85min \u2013 fiction \u2013 VO arabe STF Fiche technique Sc\u00e9nario\u00a0: Daoud Aoulad-Syad, Adelmjid Seddati, El Houssain Chani \u2013Image\u00a0: Ali Benjelloun &#8211; Montage [&hellip;]<\/p>\n","protected":false},"author":1,"featured_media":0,"parent":26,"menu_order":0,"comment_status":"closed","ping_status":"closed","template":"","meta":{"footnotes":""},"class_list":["post-4559","page","type-page","status-publish","hentry"],"jetpack_sharing_enabled":true,"jetpack_shortlink":"https:\/\/wp.me\/P7C6tF-1bx","jetpack-related-posts":[{"id":282,"url":"https:\/\/asurb.com\/asurb3\/?page_id=282","url_meta":{"origin":4559,"position":0},"title":"La mosqu\u00e9e","author":"webmaster","date":"4 juin 2016","format":false,"excerpt":"Maroc - 2010 - fiction - 85 min - couleur - VO en arabe STFR Bayard d'or du meilleur sc\u00e9nario au Festival de Namur 2010, Tanit de bronze aux JCC de Carthage 2010, Prix de l'image au FESPACO 2011, Meilleure mise en sc\u00e8ne au festival du cin\u00e9ma africain de Tarifa\u2026","rel":"","context":"Article similaire","block_context":{"text":"Article similaire","link":""},"img":{"alt_text":"LA MOSQUEE_2_Fiche","src":"https:\/\/i0.wp.com\/asurb.com\/asurb3\/wp-content\/uploads\/2016\/06\/LA-MOSQUEE_2_Fiche.jpg?resize=350%2C200&ssl=1","width":350,"height":200},"classes":[]},{"id":460,"url":"https:\/\/asurb.com\/asurb3\/?page_id=460","url_meta":{"origin":4559,"position":1},"title":"Tiraillement","author":"webmaster","date":"5 juin 2016","format":false,"excerpt":"De Najwa SLAMA - 18min - Tunisie - 2010 Fiction - couleur - Beta digital - version originale en arabe sous-titr\u00e9e en fran\u00e7ais Sc\u00e9nario : Najwa Slama ; Image : Mohamed Maghraoui ; Montage : Raouf Zaza ; Musique : Rabii Zammouri ; Son : Selma Thabet ; Interpr\u00e8tes :\u2026","rel":"","context":"Article similaire","block_context":{"text":"Article similaire","link":""},"img":{"alt_text":"Tiraillement_Fiche","src":"https:\/\/i0.wp.com\/asurb.com\/asurb3\/wp-content\/uploads\/2016\/06\/Tiraillement_Fiche.jpg?resize=350%2C200&ssl=1","width":350,"height":200},"classes":[]},{"id":552,"url":"https:\/\/asurb.com\/asurb3\/?page_id=552","url_meta":{"origin":4559,"position":2},"title":"Programme 2012","author":"webmaster","date":"6 juin 2016","format":false,"excerpt":"Sommaire \u2022 S\u00e9ances ouvertes au public \u2022 S\u00e9ances scolaires \u2022 Partenaires \u2022 Membres du comit\u00e9 de parrainage \u2022 Remerciements \u2022 Pour se rendre sur les lieux \u2022 Les s\u00e9ances ouvertes au public Samedi 17 novembre Cin\u00e9ma La Pl\u00e9iade - 94230 Cachan 18h00 - BAYIRI (La patrie) De S. Pierre Yam\u00e9ogo\u2026","rel":"","context":"Article similaire","block_context":{"text":"Article similaire","link":""},"img":{"alt_text":"","src":"https:\/\/i0.wp.com\/asurb.com\/AsurB\/D_Images\/D_Gif_bl\/Blanc120.gif?resize=350%2C200&ssl=1","width":350,"height":200},"classes":[]},{"id":772,"url":"https:\/\/asurb.com\/asurb3\/?page_id=772","url_meta":{"origin":4559,"position":3},"title":"Quand ils dorment","author":"webmaster","date":"19 juin 2016","format":false,"excerpt":"De\u00a0 Maryam Touzani -\u00a0 17 min - Maroc -\u00a0 2011\u00a0 fiction -\u00a0 couleur - VO arabe STF -\u00a0 DVD Sc\u00e9nario : Myriam Touzani ;\u00a0 Image : Eric Devin ; Montage : Adil Mawadyi ; Son : Karim Ronda ; Interpr\u00e9tation : Nouhaila Ben Moumou, Mohamed Achab, Fatima Ezzahra El Jouhari,\u2026","rel":"","context":"Article similaire","block_context":{"text":"Article similaire","link":""},"img":{"alt_text":"","src":"","width":0,"height":0},"classes":[]},{"id":766,"url":"https:\/\/asurb.com\/asurb3\/?page_id=766","url_meta":{"origin":4559,"position":4},"title":"P\u00e8re","author":"webmaster","date":"19 juin 2016","format":false,"excerpt":"De\u00a0 Lotfi Achour -\u00a0 17 min -\u00a0 Tunisie -\u00a0 2014\u00a0 fiction -\u00a0 couleur - VO arabe STF - DCP \u00a0 R\u00e9alisation :\u00a0Lotfi Achour - sc\u00e9nario : Lotfi Achour, Natacha de Pontchara -\u00a0\u00a0 Image : Fr\u00e9d\u00e9ric de Pontchara\u00a0 -\u00a0 Montage : Laurent Rochette -\u00a0 Son : Moez Cheikh -\u00a0 Musique originale\u2026","rel":"","context":"Article similaire","block_context":{"text":"Article similaire","link":""},"img":{"alt_text":"","src":"","width":0,"height":0},"classes":[]},{"id":1864,"url":"https:\/\/asurb.com\/asurb3\/?page_id=1864","url_meta":{"origin":4559,"position":5},"title":"La laine sur le dos","author":"webmaster","date":"29 novembre 2017","format":false,"excerpt":"De Lofti ACHOUR De Lofti ACHOUR \u2013 Tunisie\/France \u2013 2016 \u2013 15 min \u2013 fiction- couleur \u2013 VO arabe STF Sc\u00e9nario\u00a0: Natacha de Pontcharra\u00a0 - Image\u00a0: Fr\u00e9d\u00e9ric de Pontcharra \u2013 Son\u00a0: Moez Cheik \u2013 Musique\u00a0: Jawhar Basti \u2013 Montage\u00a0: Louis Chabaud, Jean-Charles Bastion \u2013Interpr\u00e9tation\u00a0:Moncef Sayem, Jawhar Basti, Monhem El Akkari,\u2026","rel":"","context":"Article similaire","block_context":{"text":"Article similaire","link":""},"img":{"alt_text":"","src":"","width":0,"height":0},"classes":[]}],"_links":{"self":[{"href":"https:\/\/asurb.com\/asurb3\/index.php?rest_route=\/wp\/v2\/pages\/4559","targetHints":{"allow":["GET"]}}],"collection":[{"href":"https:\/\/asurb.com\/asurb3\/index.php?rest_route=\/wp\/v2\/pages"}],"about":[{"href":"https:\/\/asurb.com\/asurb3\/index.php?rest_route=\/wp\/v2\/types\/page"}],"author":[{"embeddable":true,"href":"https:\/\/asurb.com\/asurb3\/index.php?rest_route=\/wp\/v2\/users\/1"}],"replies":[{"embeddable":true,"href":"https:\/\/asurb.com\/asurb3\/index.php?rest_route=%2Fwp%2Fv2%2Fcomments&post=4559"}],"version-history":[{"count":4,"href":"https:\/\/asurb.com\/asurb3\/index.php?rest_route=\/wp\/v2\/pages\/4559\/revisions"}],"predecessor-version":[{"id":4795,"href":"https:\/\/asurb.com\/asurb3\/index.php?rest_route=\/wp\/v2\/pages\/4559\/revisions\/4795"}],"up":[{"embeddable":true,"href":"https:\/\/asurb.com\/asurb3\/index.php?rest_route=\/wp\/v2\/pages\/26"}],"wp:attachment":[{"href":"https:\/\/asurb.com\/asurb3\/index.php?rest_route=%2Fwp%2Fv2%2Fmedia&parent=4559"}],"curies":[{"name":"wp","href":"https:\/\/api.w.org\/{rel}","templated":true}]}}