{"id":4567,"date":"2025-09-06T14:25:27","date_gmt":"2025-09-06T12:25:27","guid":{"rendered":"https:\/\/asurb.com\/asurb3\/?page_id=4567"},"modified":"2025-10-14T18:34:27","modified_gmt":"2025-10-14T16:34:27","slug":"loin-de-moiu-la-colere","status":"publish","type":"page","link":"https:\/\/asurb.com\/asurb3\/?page_id=4567","title":{"rendered":"Loin de moi la col\u00e8re"},"content":{"rendered":"\n<p>De Jo\u00ebl AKAFOU \u2013 C\u00f4te d\u2019Ivoire, Burkina Faso, France \u2013 2025- 83 min &#8211; documentaire \u2013 VO dioula, moor\u00e9, fran\u00e7ais STFR<\/p>\n<p><strong>\u00a0<span style=\"color: #ff0000;\">Fiche technique<\/span><\/strong><\/p>\n<p>Auteur R\u00e9alisateur : Jo\u00ebl Akafou.<img data-recalc-dims=\"1\" loading=\"lazy\" decoding=\"async\" data-attachment-id=\"4797\" data-permalink=\"https:\/\/asurb.com\/asurb3\/?attachment_id=4797\" data-orig-file=\"https:\/\/i0.wp.com\/asurb.com\/asurb3\/wp-content\/uploads\/2025\/10\/Loin-de-moi-la-colere-affiche.jpg?fit=756%2C1028&amp;ssl=1\" data-orig-size=\"756,1028\" data-comments-opened=\"1\" data-image-meta=\"{&quot;aperture&quot;:&quot;0&quot;,&quot;credit&quot;:&quot;&quot;,&quot;camera&quot;:&quot;&quot;,&quot;caption&quot;:&quot;&quot;,&quot;created_timestamp&quot;:&quot;0&quot;,&quot;copyright&quot;:&quot;&quot;,&quot;focal_length&quot;:&quot;0&quot;,&quot;iso&quot;:&quot;0&quot;,&quot;shutter_speed&quot;:&quot;0&quot;,&quot;title&quot;:&quot;&quot;,&quot;orientation&quot;:&quot;0&quot;}\" data-image-title=\"Loin de moi la col\u00e8re affiche\" data-image-description=\"\" data-image-caption=\"\" data-large-file=\"https:\/\/i0.wp.com\/asurb.com\/asurb3\/wp-content\/uploads\/2025\/10\/Loin-de-moi-la-colere-affiche.jpg?fit=753%2C1024&amp;ssl=1\" class=\"wp-image-4797 alignright\" src=\"https:\/\/i0.wp.com\/asurb.com\/asurb3\/wp-content\/uploads\/2025\/10\/Loin-de-moi-la-colere-affiche.jpg?resize=153%2C208&#038;ssl=1\" alt=\"\" width=\"153\" height=\"208\" srcset=\"https:\/\/i0.wp.com\/asurb.com\/asurb3\/wp-content\/uploads\/2025\/10\/Loin-de-moi-la-colere-affiche.jpg?resize=221%2C300&amp;ssl=1 221w, https:\/\/i0.wp.com\/asurb.com\/asurb3\/wp-content\/uploads\/2025\/10\/Loin-de-moi-la-colere-affiche.jpg?resize=753%2C1024&amp;ssl=1 753w, https:\/\/i0.wp.com\/asurb.com\/asurb3\/wp-content\/uploads\/2025\/10\/Loin-de-moi-la-colere-affiche.jpg?resize=100%2C136&amp;ssl=1 100w, https:\/\/i0.wp.com\/asurb.com\/asurb3\/wp-content\/uploads\/2025\/10\/Loin-de-moi-la-colere-affiche.jpg?w=756&amp;ssl=1 756w\" sizes=\"auto, (max-width: 153px) 100vw, 153px\" \/><br \/>Image : Marius Bolou, Wilfried Mabea \u2013 Montage\u00a0 : Rodolphe Molla \u2013 Montage son : Olivier Laurent \u2013Mixage : Laurent Chassaigne &#8211; Etalonnage : Axelle Gonay.<br \/>Coproductions : Ladybirds Films, L&rsquo;Oeil Vif productions, Lyon Capitale TV , Les Films du Continent, Pilumpiku Production \u2013 Contact : Lady Birds Films \/ <a href=\"mailto:mchance@ladybirdsfilms.fr\">mchance@ladybirdsfilms.fr<\/a> &#8211;<br \/>Site internet\u00a0: https:\/\/www.ladybirdsfilms.fr\/loin-de-moi-la-colere\/<\/p>\n<p><em>S\u00e9lections : Festival Etonnants Voyageurs 2025 de St-Malo, Festival Cine\u0301ma d\u2019Afrique de Lausanne 2025, Docslisboa \u2013 Lisbonne 2025<\/em><\/p>\n<p><em>Prix\u00a0: Cin\u00e9ma du r\u00e9el, France, 2025\u00a0: Prix des Jeunes \u2013 Cin\u00e9 + festival, Prix des biblioth\u00e8ques \u2013 FESPACO, Burkina Faso, 2025\u00a0: \u00c9talon de bronze du film documentaire <\/em><\/p>\n<p><strong><span style=\"color: #ff0000;\">Synopsis<\/span> <br \/><\/strong><\/p>\n<p>Il y a eu de nombreux morts au village de Ziglo, dans l\u2019ouest de la C\u00f4te d\u2019Ivoire, pendant la guerre civile de 2011 et la paix a de la peine \u00e0 s\u2019imposer dans les esprits. Ayant trop attendu la justice d\u2019\u00c9tat, Josiane, dite Maman Jo, une femme autochtone qui a perdu plusieurs membres de sa famille, a d\u00e9cid\u00e9 de prendre en main le destin du village en cr\u00e9ant un espace collectif pour les femmes de toutes les communaut\u00e9s. Elle veut tout faire pour favoriser la r\u00e9conciliation, faire \u00e9merger la parole et chercher les moyens de travailler \u00e0 nouveau ensemble.<\/p>\n<p>Le titre du film raconte l\u2019histoire d\u2019un travail de recueil de la parole et d\u2019une gu\u00e9rison intime et collective. Il se concentre sur le parcours de Maman Jo, une femme extraordinaire d\u2019initiative, de courage, et de g\u00e9n\u00e9rosit\u00e9. Surmontant ses traumatismes personnels, mue par son amour des enfants et des familles, dot\u00e9e d\u2019une \u00e9nergie et d\u2019un pragmatisme remarquables, elle se d\u00e9pense sans compter pour recueillir les t\u00e9moignages de souffrances et de deuil, rassembler les populations dans des r\u00e9alisations collectives et les r\u00e9unir pour partager l\u2019imaginaire des contes traditionnels.<\/p>\n<p><span style=\"color: #ff0000;\"><strong>\u00a0<\/strong><strong>Le r\u00e9alisateur <\/strong><\/span><\/p>\n<p>N\u00e9 en 1986 \u00e0 Bouak\u00e9 (C\u00f4te d\u2019Ivoire), Jo\u00ebl Akafou, est dipl\u00f4m\u00e9 d\u2019un master 2 professionnel en r\u00e9alisation cin\u00e9ma \u00e0 L\u2019ISIS (Institut Sup\u00e9rieur de L\u2019Image et du Son de Ouagadougou). Il a r\u00e9alis\u00e9 quelques courts m\u00e9trages documentaires et de fiction dans le cadre scolaire dont le dernier, Nourah, a \u00e9t\u00e9 s\u00e9lectionn\u00e9 dans de nombreux festivals.<\/p>\n<p>Son premier film documentaire professionnel <em>Vivre riche<\/em> est suivi par <em>Traverser<\/em>, son premier long-m\u00e9trage documentaire, s\u00e9lectionn\u00e9 \u00e0 Berlin.<\/p>\n","protected":false},"excerpt":{"rendered":"<p>De Jo\u00ebl AKAFOU \u2013 C\u00f4te d\u2019Ivoire, Burkina Faso, France \u2013 2025- 83 min &#8211; documentaire \u2013 VO dioula, moor\u00e9, fran\u00e7ais STFR \u00a0Fiche technique Auteur R\u00e9alisateur : Jo\u00ebl Akafou.Image : Marius [&hellip;]<\/p>\n","protected":false},"author":1,"featured_media":0,"parent":26,"menu_order":0,"comment_status":"closed","ping_status":"closed","template":"","meta":{"footnotes":""},"class_list":["post-4567","page","type-page","status-publish","hentry"],"jetpack_sharing_enabled":true,"jetpack_shortlink":"https:\/\/wp.me\/P7C6tF-1bF","jetpack-related-posts":[{"id":23,"url":"https:\/\/asurb.com\/asurb3\/?page_id=23","url_meta":{"origin":4567,"position":0},"title":"Films en Festival","author":"webmaster","date":"31 mai 2016","format":false,"excerpt":"Entre drame et com\u00e9die, entre larmes et rires, entre col\u00e8re et humour, les regards de cin\u00e9astes venus d\u2019une Afrique si lointaine se r\u00e9v\u00e8lent \u00eatre si proches sur nos \u00e9crans. Retrouvez ou d\u00e9couvrez la diversit\u00e9 aussi bien th\u00e9matique qu\u2019artistique de nos choix, le livre d\u2019or, un journal de bord et un\u2026","rel":"","context":"Article similaire","block_context":{"text":"Article similaire","link":""},"img":{"alt_text":"","src":"","width":0,"height":0},"classes":[]},{"id":1902,"url":"https:\/\/asurb.com\/asurb3\/?page_id=1902","url_meta":{"origin":4567,"position":1},"title":"L&rsquo;arbre sans fruit","author":"webmaster","date":"29 novembre 2017","format":false,"excerpt":"De A\u00efcha MACKY Niger \u2013 2016 \u2013 52 min -documentaire \u2013 couleur \u2013 VO STF - DCP Sc\u00e9nario\u00a0: A\u00efcha Macky \u2013 Image\u00a0: Julien BOSS\u00c9 - Son\u00a0: Corneille HOUSSOU \u2013 Montage\u00a0: Aur\u00e9lie Jourdan\u00a0 - Musique\u00a0:Dominique Peter \u2013 Interpr\u00e9tation\u00a0: Sani Elhadj Magori, Kidy A\u00efcha Macky, Clara Vuillermoz \u2013 Production\u00a0: Les films du\u2026","rel":"","context":"Article similaire","block_context":{"text":"Article similaire","link":""},"img":{"alt_text":"","src":"","width":0,"height":0},"classes":[]},{"id":2136,"url":"https:\/\/asurb.com\/asurb3\/?page_id=2136","url_meta":{"origin":4567,"position":2},"title":"Tila\u00ef","author":"webmaster","date":"23 octobre 2018","format":false,"excerpt":"De Idrissa OUEDRAOGO - Burkina-Faso \u2013 1990 \u2013 81 min \u2013 fiction \u2013 couleur \u2013VO Mor\u00e9 STF \u2013 DVD \u2013\u00a0\u00a0\u00a0\u00a0\u00a0\u00a0\u00a0 Sc\u00e9nario : Idrissa Ouedraogo - Image : Pierre-Laurent Chenieux et Jean Monsigny - Montage : Luc Barnier - Musique : Abdullah Ibrahim - Son :\u00a0 Alix Comte, Dominique Hennequin- Interpr\u00e9tation\u2026","rel":"","context":"Article similaire","block_context":{"text":"Article similaire","link":""},"img":{"alt_text":"","src":"https:\/\/i0.wp.com\/asurb.com\/asurb3\/wp-content\/uploads\/2018\/10\/Tilai-225x300.jpg?resize=350%2C200&ssl=1","width":350,"height":200},"classes":[]},{"id":3949,"url":"https:\/\/asurb.com\/asurb3\/?page_id=3949","url_meta":{"origin":4567,"position":3},"title":"Regarde les \u00e9toiles (Simin Zetwal)","author":"webmaster","date":"7 d\u00e9cembre 2023","format":false,"excerpt":"De David CONSTANTIN - Ile Maurice \u2013 2022 \u2013 90 min \u2013 Fiction \u2013 Couleur \u2013 VO anglais\/cr\u00e9ole STFSc\u00e9nario : David Constantin \u2013 Image : Azim Moolan \u2013 Montage \u2013 Nadia Ben RachidMusique : Boogz Brown \u2013 Interpr\u00e9tation : Edeen Bhugeloo, Sharonne Gah Roussety, J\u00e9rome Boulle -Production\u00a0: Cam\u00e9l\u00e9on Productions Maurice,\u2026","rel":"","context":"Article similaire","block_context":{"text":"Article similaire","link":""},"img":{"alt_text":"","src":"","width":0,"height":0},"classes":[]},{"id":3866,"url":"https:\/\/asurb.com\/asurb3\/?page_id=3866","url_meta":{"origin":4567,"position":4},"title":"Amchilini (Choisis-moi)","author":"webmaster","date":"25 octobre 2023","format":false,"excerpt":"De Allamine Kader KORA -\u00a0 Tchad, C\u00f4te-d'Ivoire, France - 2023 - 69 minutes- Documentaire -VO arabe tchadien STF Sc\u00e9nario\u00a0: Allamine Kader Kora , Assistance de r\u00e9alisation\u00a0: MadjiyamLouange, M\u00e9lanie Nichakb\u00e9, Image :Aliou Thiam, H\u00e9l\u00e8ne Pot\u00e9 , Son : Christian Laotol Djedouboum, Montage :C\u00e9cile Boutain, Jean-Fran\u00e7ois Hautin, Mixage : Pierre-Emmanuel Guinois, \u00c9talonnage\u2026","rel":"","context":"Article similaire","block_context":{"text":"Article similaire","link":""},"img":{"alt_text":"","src":"","width":0,"height":0},"classes":[]},{"id":454,"url":"https:\/\/asurb.com\/asurb3\/?page_id=454","url_meta":{"origin":4567,"position":5},"title":"The curse ( La mal\u00e9diction )","author":"webmaster","date":"5 juin 2016","format":false,"excerpt":"Maroc - 2012 - 16 min - drame - fiction - couleur - VO arabe STF R\u00e9alisation : Fyzal Boulifa ; Sc\u00e9nario : Fyzal Boulifa ; Image : Taina Galis ; Son : Sebastian Dale ; Montage : Taina Galis, Fyzal Boulifa ; Interpr\u00e9tation : Ibtissam Zabara, Mohammed Hanouchi, Sabrine\u2026","rel":"","context":"Article similaire","block_context":{"text":"Article similaire","link":""},"img":{"alt_text":"The-Curse_fiche","src":"https:\/\/i0.wp.com\/asurb.com\/asurb3\/wp-content\/uploads\/2016\/06\/The-Curse_fiche.jpg?resize=350%2C200&ssl=1","width":350,"height":200},"classes":[]}],"_links":{"self":[{"href":"https:\/\/asurb.com\/asurb3\/index.php?rest_route=\/wp\/v2\/pages\/4567","targetHints":{"allow":["GET"]}}],"collection":[{"href":"https:\/\/asurb.com\/asurb3\/index.php?rest_route=\/wp\/v2\/pages"}],"about":[{"href":"https:\/\/asurb.com\/asurb3\/index.php?rest_route=\/wp\/v2\/types\/page"}],"author":[{"embeddable":true,"href":"https:\/\/asurb.com\/asurb3\/index.php?rest_route=\/wp\/v2\/users\/1"}],"replies":[{"embeddable":true,"href":"https:\/\/asurb.com\/asurb3\/index.php?rest_route=%2Fwp%2Fv2%2Fcomments&post=4567"}],"version-history":[{"count":4,"href":"https:\/\/asurb.com\/asurb3\/index.php?rest_route=\/wp\/v2\/pages\/4567\/revisions"}],"predecessor-version":[{"id":4798,"href":"https:\/\/asurb.com\/asurb3\/index.php?rest_route=\/wp\/v2\/pages\/4567\/revisions\/4798"}],"up":[{"embeddable":true,"href":"https:\/\/asurb.com\/asurb3\/index.php?rest_route=\/wp\/v2\/pages\/26"}],"wp:attachment":[{"href":"https:\/\/asurb.com\/asurb3\/index.php?rest_route=%2Fwp%2Fv2%2Fmedia&parent=4567"}],"curies":[{"name":"wp","href":"https:\/\/api.w.org\/{rel}","templated":true}]}}