{"id":5018,"date":"2026-01-14T16:33:07","date_gmt":"2026-01-14T15:33:07","guid":{"rendered":"https:\/\/asurb.com\/asurb3\/?page_id=5018"},"modified":"2026-01-27T16:28:18","modified_gmt":"2026-01-27T15:28:18","slug":"festival-2024-2","status":"publish","type":"page","link":"https:\/\/asurb.com\/asurb3\/?page_id=5018","title":{"rendered":"Festival 2025"},"content":{"rendered":"<p>La 18\u00e8me \u00e9dition du Festival CIN\u00c9 REGARDS AFRICAINS s&rsquo;est tenue <br \/>du vendredi 21 au dimanche 30 novembre 2025, dans les villes d&rsquo; Antony, Arcueil, Cachan, Fresnes, l&rsquo;Ha\u00ff-les-Roses et Villejuif.<\/p>\n<p>Cette manifestation est organis\u00e9e par l&rsquo;association Afrique sur Bi\u00e8vre.<\/p>\n<p>Au programme : des courts-m\u00e9trages et des longs-m\u00e9trages de r\u00e9alisateurs africains, suivis de d\u00e9bats avec le public\u2026<\/p>\n<h4><strong>A consulter :<\/strong><br \/><span style=\"color: #800000;\"><a style=\"color: #800000;\" href=\"https:\/\/asurb.com\/asurb3\/?p=4702\">Le programme du festival 2025<\/a><\/span><\/h4>\n<h4><span style=\"color: #800000;\"><a style=\"color: #800000;\" href=\"https:\/\/asurb.com\/asurb3\/?p=4969\">Le palmar\u00e8s du festival 2025<\/a><\/span><\/h4>\n<h4><span style=\"color: #800000;\"><a style=\"color: #800000;\" href=\"https:\/\/asurb.com\/asurb3\/?p=4942\">Le jury pour le prix des longs m\u00e9trages<\/a><\/span><\/h4>\n<h4><span style=\"color: #800000;\"><a style=\"color: #800000;\" href=\"https:\/\/asurb.com\/asurb3\/?p=4962\">Les r\u00e9alisateurs pr\u00e9sents pendant le festival 2025<\/a><\/span><\/h4>\n<h3><span style=\"color: #000000;\"><strong>La bande annonce du festival 2025 :<\/strong><\/span><\/h3>\n<div style=\"width: 900px;\" class=\"wp-video\"><!--[if lt IE 9]><script>document.createElement('video');<\/script><![endif]-->\n<video class=\"wp-video-shortcode\" id=\"video-5018-1\" width=\"900\" height=\"506\" preload=\"metadata\" controls=\"controls\"><source type=\"video\/mp4\" src=\"https:\/\/asurb.com\/asurb3\/wp-content\/uploads\/2025\/11\/SMALL_CINE_REGARDS_AFRICAIN-2025_4.mp4?_=1\" \/><a href=\"https:\/\/asurb.com\/asurb3\/wp-content\/uploads\/2025\/11\/SMALL_CINE_REGARDS_AFRICAIN-2025_4.mp4\">https:\/\/asurb.com\/asurb3\/wp-content\/uploads\/2025\/11\/SMALL_CINE_REGARDS_AFRICAIN-2025_4.mp4<\/a><\/video><\/div>\n<p><b>Afrique sur Bi\u00e8vre.<br \/><\/b>courriel : asurb@laposte.net<\/p>\n\n","protected":false},"excerpt":{"rendered":"<p>La 18\u00e8me \u00e9dition du Festival CIN\u00c9 REGARDS AFRICAINS s&rsquo;est tenue du vendredi 21 au dimanche 30 novembre 2025, dans les villes d&rsquo; Antony, Arcueil, Cachan, Fresnes, l&rsquo;Ha\u00ff-les-Roses et Villejuif. Cette [&hellip;]<\/p>\n","protected":false},"author":1,"featured_media":0,"parent":23,"menu_order":1,"comment_status":"closed","ping_status":"closed","template":"","meta":{"footnotes":""},"class_list":["post-5018","page","type-page","status-publish","hentry"],"jetpack_sharing_enabled":true,"jetpack_shortlink":"https:\/\/wp.me\/P7C6tF-1iW","jetpack-related-posts":[{"id":3582,"url":"https:\/\/asurb.com\/asurb3\/?page_id=3582","url_meta":{"origin":5018,"position":0},"title":"Festival 2022","author":"webmaster","date":"4 janvier 2023","format":false,"excerpt":"La 15\u00e8me \u00e9dition du Festival CINE REGARDS AFRICAINS s'est tenue du vendredi 26 novembre au dimanche 04 d\u00e9cembre 2022, dans les villes d' Antony, Arcueil, Cachan, l'Ha\u00ff-les-Roses et Villejuif. Cette manifestation est organis\u00e9e par l'association Afrique sur Bi\u00e8vre. Au programme : des courts-m\u00e9trages et des longs-m\u00e9trages de r\u00e9alisateurs africains, suivis\u2026","rel":"","context":"Article similaire","block_context":{"text":"Article similaire","link":""},"img":{"alt_text":"","src":"","width":0,"height":0},"classes":[]},{"id":3916,"url":"https:\/\/asurb.com\/asurb3\/?page_id=3916","url_meta":{"origin":5018,"position":1},"title":"Festival 2023","author":"webmaster","date":"1 novembre 2023","format":false,"excerpt":"La 16\u00e8me \u00e9dition du Festival CIN\u00c9 REGARDS AFRICAINS s'est tenue du vendredi 24 novembre au dimanche 03 d\u00e9cembre 2023, dans les villes d' Antony, Arcueil, Cachan, l'Ha\u00ff-les-Roses et Villejuif. Cette manifestation est organis\u00e9e par l'association Afrique sur Bi\u00e8vre. Au programme : des courts-m\u00e9trages et des longs-m\u00e9trages de r\u00e9alisateurs africains, suivis\u2026","rel":"","context":"Article similaire","block_context":{"text":"Article similaire","link":""},"img":{"alt_text":"","src":"","width":0,"height":0},"classes":[]},{"id":4534,"url":"https:\/\/asurb.com\/asurb3\/?page_id=4534","url_meta":{"origin":5018,"position":2},"title":"Festival 2024","author":"webmaster","date":"31 ao\u00fbt 2025","format":false,"excerpt":"La 17\u00e8me \u00e9dition du Festival CIN\u00c9 REGARDS AFRICAINS s'est tenue du vendredi 22 novembre au dimanche 1er d\u00e9cembre 2024, dans les villes d' Antony, Arcueil, Cachan, l'Ha\u00ff-les-Roses et Villejuif. Cette manifestation est organis\u00e9e par l'association Afrique sur Bi\u00e8vre. Au programme : des courts-m\u00e9trages et des longs-m\u00e9trages de r\u00e9alisateurs africains, suivis\u2026","rel":"","context":"Article similaire","block_context":{"text":"Article similaire","link":""},"img":{"alt_text":"","src":"","width":0,"height":0},"classes":[]},{"id":2953,"url":"https:\/\/asurb.com\/asurb3\/?page_id=2953","url_meta":{"origin":5018,"position":3},"title":"Festival 2019","author":"webmaster","date":"30 ao\u00fbt 2021","format":false,"excerpt":"Du\u00a0vendredi 22 novembre au dimanche 1er d\u00e9cembre\u00a02019, l'association Afrique sur Bi\u00e8vre organise la 13\u00e8me \u00e9dition du CINE REGARDS AFRICAINS \u2013 Films en Festival En Val de Bi\u00e8vre, dans les villes d'Antony, Arcueil,\u00a0 Cachan, Gentilly,\u00a0l'Ha\u00ff-les-Roses et Villejuif. Des courts-m\u00e9trages et des longs-m\u00e9trages de r\u00e9alisateurs africains, suivis de d\u00e9bats avec le public\u2026\u2026","rel":"","context":"Article similaire","block_context":{"text":"Article similaire","link":""},"img":{"alt_text":"","src":"","width":0,"height":0},"classes":[]},{"id":118,"url":"https:\/\/asurb.com\/asurb3\/?page_id=118","url_meta":{"origin":5018,"position":4},"title":"Festival 2012","author":"webmaster","date":"3 juin 2016","format":false,"excerpt":"Du 17 novembre au 1er d\u00e9cembre 2012, l'association Afrique sur Bi\u00e8vre organise la 6\u00e8me \u00e9dition du CINE REGARDS AFRICAINS \u2013 Films en Festival En Val de Bi\u00e8vre, dans les villes d'Arcueil, Cachan, Fresnes, Gentilly, l'Ha\u00ff-les-Roses, Le Kremlin-Bic\u00eatre Des courts-m\u00e9trages et des longs-m\u00e9trages de r\u00e9alisateurs africains, suivis de d\u00e9bats avec le\u2026","rel":"","context":"Article similaire","block_context":{"text":"Article similaire","link":""},"img":{"alt_text":"","src":"","width":0,"height":0},"classes":[]},{"id":927,"url":"https:\/\/asurb.com\/asurb3\/?page_id=927","url_meta":{"origin":5018,"position":5},"title":"Festival 2016","author":"webmaster","date":"5 octobre 2016","format":false,"excerpt":"Du 18 au 27 novembre 2016, l'association Afrique sur Bi\u00e8vre organise la 10\u00e8me \u00e9dition du CINE REGARDS AFRICAINS \u2013 Films en Festival En Val de Bi\u00e8vre, dans les villes de l'Ha\u00ff-les-Roses, Cachan, Fresnes, Gentilly, Arcueil et Villejuif Des courts-m\u00e9trages et des longs-m\u00e9trages de r\u00e9alisateurs africains, suivis de d\u00e9bats avec le\u2026","rel":"","context":"Article similaire","block_context":{"text":"Article similaire","link":""},"img":{"alt_text":"","src":"","width":0,"height":0},"classes":[]}],"_links":{"self":[{"href":"https:\/\/asurb.com\/asurb3\/index.php?rest_route=\/wp\/v2\/pages\/5018","targetHints":{"allow":["GET"]}}],"collection":[{"href":"https:\/\/asurb.com\/asurb3\/index.php?rest_route=\/wp\/v2\/pages"}],"about":[{"href":"https:\/\/asurb.com\/asurb3\/index.php?rest_route=\/wp\/v2\/types\/page"}],"author":[{"embeddable":true,"href":"https:\/\/asurb.com\/asurb3\/index.php?rest_route=\/wp\/v2\/users\/1"}],"replies":[{"embeddable":true,"href":"https:\/\/asurb.com\/asurb3\/index.php?rest_route=%2Fwp%2Fv2%2Fcomments&post=5018"}],"version-history":[{"count":16,"href":"https:\/\/asurb.com\/asurb3\/index.php?rest_route=\/wp\/v2\/pages\/5018\/revisions"}],"predecessor-version":[{"id":5043,"href":"https:\/\/asurb.com\/asurb3\/index.php?rest_route=\/wp\/v2\/pages\/5018\/revisions\/5043"}],"up":[{"embeddable":true,"href":"https:\/\/asurb.com\/asurb3\/index.php?rest_route=\/wp\/v2\/pages\/23"}],"wp:attachment":[{"href":"https:\/\/asurb.com\/asurb3\/index.php?rest_route=%2Fwp%2Fv2%2Fmedia&parent=5018"}],"curies":[{"name":"wp","href":"https:\/\/api.w.org\/{rel}","templated":true}]}}