{"id":524,"date":"2016-06-06T12:47:43","date_gmt":"2016-06-06T10:47:43","guid":{"rendered":"http:\/\/www.test.asurb.com\/?page_id=524"},"modified":"2016-06-06T16:45:43","modified_gmt":"2016-06-06T14:45:43","slug":"journal-de-bord-2014","status":"publish","type":"page","link":"https:\/\/asurb.com\/asurb3\/?page_id=524","title":{"rendered":"Journal de bord 2008"},"content":{"rendered":"<table border=\"0\" width=\"500\" cellspacing=\"0\" cellpadding=\"0\">\n<tbody>\n<tr>\n<td><\/td>\n<\/tr>\n<tr>\n<td>\n<p style=\"text-align: justify;\"><img data-recalc-dims=\"1\" loading=\"lazy\" decoding=\"async\" src=\"https:\/\/i0.wp.com\/asurb.com\/AsurB\/D_Images\/puce.gif?resize=8%2C11&#038;ssl=1\" alt=\"\" width=\"8\" height=\"11\" border=\"0\" \/><span style=\"font-family: verdana, Arial, Helvetica, Swiss, SunSan-regular;\"><b>15 Novembre (soir\u00e9e d\u2019ouverture)<\/b><\/p>\n<p><b><a style=\"color: #595959; text-decoration: none; font-size: 8pt;\" title=\"Tabataba &lt;br \/&gt; Film de R. Rajaonarivelo\" href=\"https:\/\/i0.wp.com\/asurb.com\/AsurB\/D_Medias\/TabatabaHR2.jpg?ssl=1\" rel=\"lightbox|groupe1\"><img data-recalc-dims=\"1\" loading=\"lazy\" decoding=\"async\" class=\"alignleft\" src=\"https:\/\/i0.wp.com\/asurb.com\/AsurB\/D_Medias\/Tabataba2.jpg?resize=72%2C96&#038;ssl=1\" alt=\"\" width=\"72\" height=\"96\" align=\"left\" border=\"1\" \/><\/a><\/b>Apr\u00e8s une travers\u00e9e de Djamena avec <b>Un taxi pour Aouzou<\/b>, nous voici transport\u00e9s, avec <b>Tabataba<\/b>, dans un village de Madagascar \u00e0 l\u2019heure de l\u2019insurrection anti-coloniale de 1947. Apr\u00e8s la projection, Raymond RAJAONARIVELO, le r\u00e9alisateur, raconte les difficult\u00e9s du tournage compliqu\u00e9 par les intemp\u00e9ries qui entra\u00eenent le recours au chaman et au sacrifice rituel de deux z\u00e9bus, avec succ\u00e8s, pr\u00e9cise Raymond, non sans sourire. Il insiste sur le fait que 20 ans apr\u00e8s (le film est de 1988), et malgr\u00e9 l&rsquo;ind\u00e9pendance du pays, beaucoup de situations de pauvret\u00e9 et de soumission aux rumeurs (c&rsquo;est le sens du mot Tabataba) n&rsquo;ont pas chang\u00e9.<\/span><\/p>\n<\/td>\n<\/tr>\n<tr style=\"text-align: justify;\">\n<td><span style=\"font-family: verdana, Arial, Helvetica, Swiss, SunSan-regular;\"><b>18 Novembre (matin)<\/b><\/p>\n<p><a style=\"color: #595959; text-decoration: none; font-size: 8pt;\" title=\"Le sifflet &lt;br \/&gt;film de As Thiam\" href=\"https:\/\/i0.wp.com\/asurb.com\/AsurB\/D_Medias\/LeSiffletHR1.jpg?ssl=1\" rel=\"lightbox|groupe1\"><img data-recalc-dims=\"1\" loading=\"lazy\" decoding=\"async\" class=\"alignleft\" src=\"https:\/\/i0.wp.com\/asurb.com\/AsurB\/D_Medias\/LeSifflet1.jpg?resize=72%2C100&#038;ssl=1\" alt=\"\" width=\"72\" height=\"100\" align=\"left\" border=\"1\" \/><\/a>La grande salle de La Pl\u00e9iade de Cachan retentit du joyeux brouhaha des \u00e9l\u00e8ves de CM1 et CM2. Avec l&rsquo;obscurit\u00e9 se fait le silence mais bient\u00f4t des rires spontan\u00e9s fusent de toutes parts, \u00e0 toutes les \u00e9tapes de la course du h\u00e9ros, <b>Le clandestin<\/b>, poursuivi par un gros policier noir comme lui. Puis, c\u2019est <b>Le sifflet<\/b> : As THIAM est l\u00e0 pour pr\u00e9senter son film, un conte comme ceux que lui racontait sa grand-m\u00e8re, dit-il. Apr\u00e8s la projection, une for\u00eat de mains se l\u00e8ve \u00e0 toutes les rang\u00e9es, pour une rafale de questions, fra\u00eeches et pertinentes, sur le d\u00e9roulement du tournage, les acteurs et la signification de l&rsquo;histoire.<\/span><\/td>\n<\/tr>\n<tr style=\"text-align: justify;\">\n<td><span style=\"font-family: verdana, Arial, Helvetica, Swiss, SunSan-regular;\"><b>18 Novembre (apr\u00e8s-midi)<\/b><\/p>\n<p><a style=\"color: #595959; text-decoration: none; font-size: 8pt;\" title=\"La cam\u00e9ra de bois &lt;br \/&gt; film de N. Wa Luruli\" href=\"https:\/\/i0.wp.com\/asurb.com\/AsurB\/D_Medias\/CameraBoisHR1.jpg?ssl=1\" rel=\"lightbox|groupe1\"><img data-recalc-dims=\"1\" loading=\"lazy\" decoding=\"async\" class=\"alignleft\" src=\"https:\/\/i0.wp.com\/asurb.com\/AsurB\/D_Medias\/CameraBois1.jpg?resize=72%2C95&#038;ssl=1\" alt=\"\" width=\"72\" height=\"95\" align=\"left\" border=\"1\" \/><\/a>C\u2019est au tour des coll\u00e9giens. A la fin du film <b>La cam\u00e9ra de bois<\/b>, beaucoup auront de la peine \u00e0 masquer leurs larmes. Et, lors du d\u00e9bat avec Olivier DELAHAYE, producteur du film, on parlera des acteurs qui interpr\u00e8tent les adolescents h\u00e9ros de cette histoire \u00e9mouvante, des figurants ex-enfants des rues aujourd\u2019hui en foyer, et plus g\u00e9n\u00e9ralement des townships et de la situation de l\u2019Afrique du Sud de l\u2019apr\u00e8s apartheid.<\/span><\/td>\n<\/tr>\n<tr style=\"text-align: justify;\">\n<td><span style=\"font-family: verdana, Arial, Helvetica, Swiss, SunSan-regular;\"><b>20 Novembre (soir\u00e9e \u00a0\u00bb Etalon d\u2019or de Yennenga \u00ab\u00a0)<\/b><\/p>\n<p><a style=\"color: #595959; text-decoration: none; font-size: 8pt;\" title=\"Pi\u00e8ces d'identit\u00e9s &lt;br \/&gt; film de M. D. Ngangura\" href=\"https:\/\/i0.wp.com\/asurb.com\/AsurB\/D_Medias\/PiecesIdentHR1.jpg?ssl=1\" rel=\"lightbox|groupe1\"><img data-recalc-dims=\"1\" loading=\"lazy\" decoding=\"async\" class=\"alignleft\" src=\"https:\/\/i0.wp.com\/asurb.com\/AsurB\/D_Medias\/PiecesIdent1.jpg?resize=72%2C100&#038;ssl=1\" alt=\"\" width=\"72\" height=\"100\" align=\"left\" border=\"1\" \/><\/a>Tout d\u2019abord, <b>Pi\u00e8ces d\u2019identit\u00e9s<\/b> : G\u00e9rard ESSOMBA MANY, qui interpr\u00e8te le r\u00f4le du roi des Bakongo \u00e0 la recherche de sa fille en territoire \u00e9tranger, appr\u00e9cie l\u2019accueil chaleureux du public pour le film et en rappelle le succ\u00e8s remport\u00e9 \u00e0 sa sortie en Belgique. C\u2019est ensuite le choc, avec <b>Ezra<\/b> et la trag\u00e9die des enfants soldats. Les \u00e9changes qui suivent sont nourris, tant les acteurs sont rest\u00e9s durablement marqu\u00e9s par cette exp\u00e9rience et nombreuses les questions. Mariame N&rsquo;DIAYE, <a style=\"color: #595959; text-decoration: none; font-size: 8pt;\" title=\"Ezra &lt;br \/&gt; film de N. I. Aduaka\" href=\"https:\/\/i0.wp.com\/asurb.com\/AsurB\/D_Medias\/EzraHR1.jpg?ssl=1\" rel=\"lightbox|groupe1\"><img data-recalc-dims=\"1\" loading=\"lazy\" decoding=\"async\" class=\"alignleft\" src=\"https:\/\/i0.wp.com\/asurb.com\/AsurB\/D_Medias\/Ezra1.jpg?resize=72%2C95&#038;ssl=1\" alt=\"\" width=\"72\" height=\"95\" align=\"left\" border=\"1\" \/><\/a>vive et passionn\u00e9e, raconte comment elle a v\u00e9cu, elle la Parisienne, cette plong\u00e9e en Afrique. La salle peine \u00e0 reconna\u00eetre dans le sympathique Emil ABOSSOLO M\u2019BO, le f\u00e9roce sergent recruteur du film. Emil, qui fait aussi du th\u00e9\u00e2tre, nous dit sa vocation d&rsquo;acteur, sa conviction que le r\u00f4le du com\u00e9dien est de r\u00e9v\u00e9ler la v\u00e9rit\u00e9 par son jeu et sa parole.<\/span><\/td>\n<\/tr>\n<tr style=\"text-align: justify;\">\n<td><span style=\"font-family: verdana, Arial, Helvetica, Swiss, SunSan-regular;\"><b>21 Novembre (matin)<\/b><\/p>\n<p>Salle Jean Vilar \u00e0 Arcueil, c&rsquo;est autour d&rsquo;\u00e9coliers de Gentilly et d&rsquo;Arcueil de voir <b>Le clandestin<\/b> et <b>Le sifflet<\/b>. Cette fois encore, belle spontan\u00e9it\u00e9 et curiosit\u00e9 des enfants et m\u00eame attention souriante de As THIAM dans ses r\u00e9ponses. Il faut interrompre le flot des questions et As quitte la salle entour\u00e9 d&rsquo;un groupe d&rsquo;enfants avides d&rsquo;\u00e9changes suppl\u00e9mentaires.<\/span><\/td>\n<\/tr>\n<tr>\n<td>\n<p style=\"text-align: justify;\"><span style=\"font-family: verdana, Arial, Helvetica, Swiss, SunSan-regular;\"><b>22 Novembre (soir\u00e9e de cl\u00f4ture)<\/b><\/p>\n<p><a style=\"color: #595959; text-decoration: none; font-size: 8pt;\" title=\"Bal Poussi\u00e8re &lt;br \/&gt; film de H. Duparc\" href=\"https:\/\/i0.wp.com\/asurb.com\/AsurB\/D_Medias\/BalPoussHR1.jpg?ssl=1\" rel=\"lightbox|groupe1\"><img data-recalc-dims=\"1\" loading=\"lazy\" decoding=\"async\" class=\"alignleft\" src=\"https:\/\/i0.wp.com\/asurb.com\/AsurB\/D_Medias\/BalPouss1.jpg?resize=72%2C100&#038;ssl=1\" alt=\"\" width=\"72\" height=\"100\" align=\"left\" border=\"1\" \/><\/a><b>Bal Poussi\u00e8re<\/b>, sorte de vaudeville africain qui aborde avec humour les questions de polygamie et d\u2019\u00e9mancipation des femmes, est l\u2019occasion, pour Farida F\u2019DANI (productrice) et Bernard DECHET (chef op\u00e9rateur), de rendre un hommage chaleureux \u00e0 Henri DUPARC, le r\u00e9alisateur, d\u00e9c\u00e9d\u00e9 en 2006, dont ils regrettent le talent et l&rsquo;amiti\u00e9. Puis, avec <b>Le silence de la for\u00eat<\/b>, c\u2019est l\u2019immersion au c\u0153ur d\u2019une tribu pygm\u00e9e. Nad\u00e8ge BEAUSSON-DIAGNE et Eriq EBOUANEY, les deux <a style=\"color: #595959; text-decoration: none; font-size: 8pt;\" title=\"Le silence de la for\u00eat &lt;br \/&gt;film de D. Ou\u00e9nangar\u00e9 et B. Ba Kobhio\" href=\"https:\/\/i0.wp.com\/asurb.com\/AsurB\/D_Medias\/SilenceForetHR1.jpg?ssl=1\" rel=\"lightbox|groupe1\"><img data-recalc-dims=\"1\" loading=\"lazy\" decoding=\"async\" class=\"alignleft\" src=\"https:\/\/i0.wp.com\/asurb.com\/AsurB\/D_Medias\/SilenceForet1.jpg?resize=72%2C94&#038;ssl=1\" alt=\"\" width=\"72\" height=\"94\" align=\"left\" border=\"1\" \/><\/a>acteurs principaux, r\u00e9pondent avec un plaisir \u00e9vident aux multiples questions sur leurs liens avec les petits hommes de la for\u00eat, l\u2019implication de ces derniers dans le tournage et leur perception du cin\u00e9ma. La soir\u00e9e s\u2019ach\u00e8ve par un riche d\u00e9bat sur la place des artistes \u00ab noirs \u00bb aussi bien en Europe qu\u2019en Afrique.<\/span><\/p>\n<\/td>\n<\/tr>\n<\/tbody>\n<\/table>\n","protected":false},"excerpt":{"rendered":"<p>15 Novembre (soir\u00e9e d\u2019ouverture) Apr\u00e8s une travers\u00e9e de Djamena avec Un taxi pour Aouzou, nous voici transport\u00e9s, avec Tabataba, dans un village de Madagascar \u00e0 l\u2019heure de l\u2019insurrection anti-coloniale de [&hellip;]<\/p>\n","protected":false},"author":1,"featured_media":0,"parent":76,"menu_order":0,"comment_status":"closed","ping_status":"closed","template":"","meta":{"footnotes":""},"class_list":["post-524","page","type-page","status-publish","hentry"],"jetpack_sharing_enabled":true,"jetpack_shortlink":"https:\/\/wp.me\/P7C6tF-8s","jetpack-related-posts":[{"id":3490,"url":"https:\/\/asurb.com\/asurb3\/?page_id=3490","url_meta":{"origin":524,"position":0},"title":"Breaking Ground","author":"webmaster","date":"8 novembre 2022","format":false,"excerpt":"De In\u00e8s Girihirwe -Rwanda\u2013 2020 \u2013 13 min - fiction - VOSTF Ce court m\u00e9trage a \u00e9t\u00e9 projet\u00e9 et r\u00e9compens\u00e9 dans plusieurs festivals de par le monde\u00a0: au Festival International du Film de Seattle (Mention Sp\u00e9ciale du Jury), au Festival du court m\u00e9trage d\u2019Uppsala (Prix Ingmar Bergman), au Festival Cin\u00e9matographique\u2026","rel":"","context":"Article similaire","block_context":{"text":"Article similaire","link":""},"img":{"alt_text":"","src":"","width":0,"height":0},"classes":[]},{"id":404,"url":"https:\/\/asurb.com\/asurb3\/?page_id=404","url_meta":{"origin":524,"position":1},"title":"Ou vas-tu Mosh\u00e9 ?","author":"webmaster","date":"5 juin 2016","format":false,"excerpt":"De Hassan BENJELLOUN - 90 min - Maroc 2007 Fiction - com\u00e9die dramatique - couleur - 35mm - version originale en arabe marocain sous-titr\u00e9e en fran\u00e7ais. Sc\u00e9nario : Hassan Benjelloun ; Dialogues : Abdellah Chakin ; Image : Kamal Derkaoui ; Musique : Ned Bouhalassa ; Montage : Aube Foglia\u2026","rel":"","context":"Article similaire","block_context":{"text":"Article similaire","link":""},"img":{"alt_text":"Moshe_Fiche2010","src":"https:\/\/i0.wp.com\/asurb.com\/asurb3\/wp-content\/uploads\/2016\/06\/Moshe_Fiche2010.jpg?resize=350%2C200&ssl=1","width":350,"height":200},"classes":[]},{"id":279,"url":"https:\/\/asurb.com\/asurb3\/?page_id=279","url_meta":{"origin":524,"position":2},"title":"La maison jaune","author":"webmaster","date":"4 juin 2016","format":false,"excerpt":"De Amor HAKKAR - 80 min - Alg\u00e9rie - 2007 Fiction - couleur - 35mm - version originale en chaoui sous-titr\u00e9e en fran\u00e7ais Sc\u00e9nario : Amor Hakkar ; Image : Nicolas Roche ; Montage : Amor Hakkar, Lyonnel Garnier, Jean Dubreuil ; Musique : Fay\u00e7al Salhi, Joseph Macera ; Son\u2026","rel":"","context":"Article similaire","block_context":{"text":"Article similaire","link":""},"img":{"alt_text":"Maison_jaune_Fiche","src":"https:\/\/i0.wp.com\/asurb.com\/asurb3\/wp-content\/uploads\/2016\/06\/Maison_jaune_Fiche.jpg?resize=350%2C200&ssl=1","width":350,"height":200},"classes":[]},{"id":3362,"url":"https:\/\/asurb.com\/asurb3\/?page_id=3362","url_meta":{"origin":524,"position":3},"title":"Le bleu du caftan","author":"webmaster","date":"20 ao\u00fbt 2022","format":false,"excerpt":"De Maryam TOUZANI- Maroc - 2022 - 124 min - fiction \u2013 couleur- VO arabe STF Prix de la Critique Internationale (FIPRESCI) du Festival de Cannes 2022 dans la section Un Certain Regard. Sc\u00e9nario : Maryam Touzani en collaboration avec Nabil Ayouch \u2013 Image : Virginie Surdej \u2013 Son :\u2026","rel":"","context":"Article similaire","block_context":{"text":"Article similaire","link":""},"img":{"alt_text":"","src":"","width":0,"height":0},"classes":[]},{"id":4577,"url":"https:\/\/asurb.com\/asurb3\/?page_id=4577","url_meta":{"origin":524,"position":4},"title":"Chikha","author":"webmaster","date":"7 septembre 2025","format":false,"excerpt":"Chikha de Ayoub Layoussifi & Zahoua Raji - Maroc \u2013 2024 - fiction - 24 Fiche technique\u00a0: R\u00e9alisation\u00a0: Ayoub Layoussifi, Zahoua RajiProduction\u00a0: David Azoulay [HAPAX Productions] - Najib Walid Derkaoui [Cin\u00e9 Sc\u00e8ne International]R\u00e9f\u00e9rent(e)\u00a0: Claire Diao [Sudu Connexion]Montage : Mehdi Lachhab-Image : Xavier CastroInterpr\u00e9tation\u00a0: Oussama Fal - Sanaa Gueddar - AvecRita\u2026","rel":"","context":"Article similaire","block_context":{"text":"Article similaire","link":""},"img":{"alt_text":"","src":"https:\/\/i0.wp.com\/asurb.com\/asurb3\/wp-content\/uploads\/2025\/10\/chikha-209x300.png?resize=350%2C200&ssl=1","width":350,"height":200},"classes":[]},{"id":1049,"url":"https:\/\/asurb.com\/asurb3\/?page_id=1049","url_meta":{"origin":524,"position":5},"title":"Dipri f\u00eate mystique en pays Abidji","author":"webmaster","date":"18 octobre 2016","format":false,"excerpt":"De Edwige \u00a0Pauline ABOUADJI \u00a0\u2013 C\u00f4te d'Ivoire \u2013 documentaire \u2013 2015 - 26 min \u00a0 De Edwige Pauline ABOUADJI \u2013 C\u00f4te d\u2019Ivoire \u2013 2015 \u2013 26 min \u2013 documentaire \u2013 couleur \u2013VO fran\u00e7ais. Production\u00a0: Edwige Pauline ABOUADJI\u00a0 t\u00e9l\u00a0: 00225 07 94 54 05 \u2013 email\u00a0: mariaivoir.ci@gmail.com. Synopsis Dans le village\u2026","rel":"","context":"Article similaire","block_context":{"text":"Article similaire","link":""},"img":{"alt_text":"","src":"","width":0,"height":0},"classes":[]}],"_links":{"self":[{"href":"https:\/\/asurb.com\/asurb3\/index.php?rest_route=\/wp\/v2\/pages\/524","targetHints":{"allow":["GET"]}}],"collection":[{"href":"https:\/\/asurb.com\/asurb3\/index.php?rest_route=\/wp\/v2\/pages"}],"about":[{"href":"https:\/\/asurb.com\/asurb3\/index.php?rest_route=\/wp\/v2\/types\/page"}],"author":[{"embeddable":true,"href":"https:\/\/asurb.com\/asurb3\/index.php?rest_route=\/wp\/v2\/users\/1"}],"replies":[{"embeddable":true,"href":"https:\/\/asurb.com\/asurb3\/index.php?rest_route=%2Fwp%2Fv2%2Fcomments&post=524"}],"version-history":[{"count":5,"href":"https:\/\/asurb.com\/asurb3\/index.php?rest_route=\/wp\/v2\/pages\/524\/revisions"}],"predecessor-version":[{"id":529,"href":"https:\/\/asurb.com\/asurb3\/index.php?rest_route=\/wp\/v2\/pages\/524\/revisions\/529"}],"up":[{"embeddable":true,"href":"https:\/\/asurb.com\/asurb3\/index.php?rest_route=\/wp\/v2\/pages\/76"}],"wp:attachment":[{"href":"https:\/\/asurb.com\/asurb3\/index.php?rest_route=%2Fwp%2Fv2%2Fmedia&parent=524"}],"curies":[{"name":"wp","href":"https:\/\/api.w.org\/{rel}","templated":true}]}}