{"id":593,"date":"2016-06-08T12:07:11","date_gmt":"2016-06-08T10:07:11","guid":{"rendered":"http:\/\/www.test.asurb.com\/?page_id=593"},"modified":"2016-06-08T12:07:11","modified_gmt":"2016-06-08T10:07:11","slug":"diaporama-2007","status":"publish","type":"page","link":"https:\/\/asurb.com\/asurb3\/?page_id=593","title":{"rendered":"Diaporama 2007"},"content":{"rendered":"<table border=\"0\" width=\"100%\" cellspacing=\"0\" cellpadding=\"0\">\n<tbody>\n<tr>\n<td valign=\"top\"><b>Diaporama<\/b> &#8211; Extrait du Festival 2007<\/td>\n<\/tr>\n<tr>\n<td valign=\"top\"><img data-recalc-dims=\"1\" loading=\"lazy\" decoding=\"async\" src=\"https:\/\/i0.wp.com\/asurb.com\/AsurB\/D_Images\/D_Gif_bl\/Blanc5_5.gif?resize=10%2C10&#038;ssl=1\" alt=\"\" width=\"10\" height=\"10\" border=\"0\" \/><\/td>\n<td valign=\"top\"><\/td>\n<\/tr>\n<tr>\n<td colspan=\"2\" align=\"center\" valign=\"top\">\n<div align=\"center\"><a style=\"color: #595959; text-decoration: none; font-size: 8pt;\" title=\"Yves Ballanger (pr\u00e9sident) &lt;br \/&gt; et Jacques Bosc (d\u00e9l\u00e9gu\u00e9 g\u00e9n\u00e9ral)\" href=\"https:\/\/i0.wp.com\/asurb.com\/AsurB\/D_Album\/lightbox_slideshow\/Album_1\/images\/l9.jpg?ssl=1\" rel=\"lightbox|groupe1\"><img data-recalc-dims=\"1\" decoding=\"async\" src=\"https:\/\/i0.wp.com\/asurb.com\/AsurB\/D_Album\/lightbox_slideshow\/Album_1\/thumbs\/l9.jpg?w=900&#038;ssl=1\" border=\"1\" \/><\/a> <a title=\"Yves Ballanger, Jacques Bosc, Salif Traor\u00e9, Dj\u00e9n\u00e9ba Kon\u00e9, Lise Doussin\" href=\"https:\/\/i0.wp.com\/asurb.com\/AsurB\/D_Album\/lightbox_slideshow\/Album_1\/images\/l10.jpg?ssl=1\" rel=\"lightbox|groupe1\"><img data-recalc-dims=\"1\" decoding=\"async\" src=\"https:\/\/i0.wp.com\/asurb.com\/AsurB\/D_Album\/lightbox_slideshow\/Album_1\/thumbs\/l10.jpg?w=900&#038;ssl=1\" border=\"1\" \/><\/a> <a title=\"Le public de Jean Vilar (Arcueil)\" href=\"https:\/\/i0.wp.com\/asurb.com\/AsurB\/D_Album\/lightbox_slideshow\/Album_1\/images\/l3.jpg?ssl=1\" rel=\"lightbox|groupe1\"><img data-recalc-dims=\"1\" decoding=\"async\" src=\"https:\/\/i0.wp.com\/asurb.com\/AsurB\/D_Album\/lightbox_slideshow\/Album_1\/thumbs\/l3.jpg?w=900&#038;ssl=1\" border=\"1\" \/><\/a> <a title=\"Jacques Bosc et Salif Traor\u00e9\" href=\"https:\/\/i0.wp.com\/asurb.com\/AsurB\/D_Album\/lightbox_slideshow\/Album_1\/images\/l19.jpg?ssl=1\" rel=\"lightbox|groupe1\"><img data-recalc-dims=\"1\" decoding=\"async\" src=\"https:\/\/i0.wp.com\/asurb.com\/AsurB\/D_Album\/lightbox_slideshow\/Album_1\/thumbs\/l19.jpg?w=900&#038;ssl=1\" border=\"1\" \/><\/a> <a title=\"Faro, d\u00e9bat\" href=\"https:\/\/i0.wp.com\/asurb.com\/AsurB\/D_Album\/lightbox_slideshow\/Album_1\/images\/l17.jpg?ssl=1\" rel=\"lightbox|groupe1\"><img data-recalc-dims=\"1\" decoding=\"async\" src=\"https:\/\/i0.wp.com\/asurb.com\/AsurB\/D_Album\/lightbox_slideshow\/Album_1\/thumbs\/l17.jpg?w=900&#038;ssl=1\" border=\"1\" \/><\/a><br \/>\n<a title=\"Matin\u00e9e scolaires, d\u00e9bat\" href=\"https:\/\/i0.wp.com\/asurb.com\/AsurB\/D_Album\/lightbox_slideshow\/Album_1\/images\/l6.jpg?ssl=1\" rel=\"lightbox|groupe1\"><img data-recalc-dims=\"1\" decoding=\"async\" src=\"https:\/\/i0.wp.com\/asurb.com\/AsurB\/D_Album\/lightbox_slideshow\/Album_1\/thumbs\/l6.jpg?w=900&#038;ssl=1\" border=\"1\" \/><\/a> <a title=\"Yves Ballanger, Marc Gautron, Cheick Fantamady Camara\" href=\"https:\/\/i0.wp.com\/asurb.com\/AsurB\/D_Album\/lightbox_slideshow\/Album_1\/images\/l13.jpg?ssl=1\" rel=\"lightbox|groupe1\"><img data-recalc-dims=\"1\" decoding=\"async\" src=\"https:\/\/i0.wp.com\/asurb.com\/AsurB\/D_Album\/lightbox_slideshow\/Album_1\/thumbs\/l13.jpg?w=900&#038;ssl=1\" border=\"1\" \/><\/a> <a style=\"color: #595959; text-decoration: none; font-size: 8pt;\" title=\"Cheik Fantamady Camara, Yves Ballanger, &lt;br \/&gt; Jean-Yves Le Bouillonnec (d\u00e9put\u00e9-maire de Cachan), Marc Gautron\" href=\"https:\/\/i0.wp.com\/asurb.com\/AsurB\/D_Album\/lightbox_slideshow\/Album_1\/images\/l20.jpg?ssl=1\" rel=\"lightbox|groupe1\"><img data-recalc-dims=\"1\" decoding=\"async\" src=\"https:\/\/i0.wp.com\/asurb.com\/AsurB\/D_Album\/lightbox_slideshow\/Album_1\/thumbs\/l20.jpg?w=900&#038;ssl=1\" border=\"1\" \/><\/a> <a title=\"Catherine Ruelle et Cheick Fantamady Camara\" href=\"https:\/\/i0.wp.com\/asurb.com\/AsurB\/D_Album\/lightbox_slideshow\/Album_1\/images\/l14.jpg?ssl=1\" rel=\"lightbox|groupe1\"><img data-recalc-dims=\"1\" decoding=\"async\" src=\"https:\/\/i0.wp.com\/asurb.com\/AsurB\/D_Album\/lightbox_slideshow\/Album_1\/thumbs\/l14.jpg?w=900&#038;ssl=1\" border=\"1\" \/><\/a> <a title=\"Accueil des spectateurs\" href=\"https:\/\/i0.wp.com\/asurb.com\/AsurB\/D_Album\/lightbox_slideshow\/Album_1\/images\/l1.jpg?ssl=1\" rel=\"lightbox|groupe1\"><img data-recalc-dims=\"1\" decoding=\"async\" src=\"https:\/\/i0.wp.com\/asurb.com\/AsurB\/D_Album\/lightbox_slideshow\/Album_1\/thumbs\/l1.jpg?w=900&#038;ssl=1\" border=\"1\" \/><\/a><br \/>\n<a style=\"color: #595959; text-decoration: none; font-size: 8pt;\" title=\"Patrick Mirville (adjoint au maire d'Arcueil), &lt;br \/&gt; Yves Ballanger, Jacques Bosc\" href=\"https:\/\/i0.wp.com\/asurb.com\/AsurB\/D_Album\/lightbox_slideshow\/Album_1\/images\/l2.jpg?ssl=1\" rel=\"lightbox|groupe1\"><img data-recalc-dims=\"1\" decoding=\"async\" src=\"https:\/\/i0.wp.com\/asurb.com\/AsurB\/D_Album\/lightbox_slideshow\/Album_1\/thumbs\/l2.jpg?w=900&#038;ssl=1\" border=\"1\" \/><\/a> <a title=\"Le public de la Pl\u00e9iade (Cachan)\" href=\"https:\/\/i0.wp.com\/asurb.com\/AsurB\/D_Album\/lightbox_slideshow\/Album_1\/images\/l4.jpg?ssl=1\" rel=\"lightbox|groupe1\"><img data-recalc-dims=\"1\" decoding=\"async\" src=\"https:\/\/i0.wp.com\/asurb.com\/AsurB\/D_Album\/lightbox_slideshow\/Album_1\/thumbs\/l4.jpg?w=900&#038;ssl=1\" border=\"1\" \/><\/a> <a title=\"Alain Semb\u00e8ne, Jacques Bosc, Catherine Ruelle\" href=\"https:\/\/i0.wp.com\/asurb.com\/AsurB\/D_Album\/lightbox_slideshow\/Album_1\/images\/l12.jpg?ssl=1\" rel=\"lightbox|groupe1\"><img data-recalc-dims=\"1\" decoding=\"async\" src=\"https:\/\/i0.wp.com\/asurb.com\/AsurB\/D_Album\/lightbox_slideshow\/Album_1\/thumbs\/l12.jpg?w=900&#038;ssl=1\" border=\"1\" \/><\/a> <a style=\"color: #595959; text-decoration: none; font-size: 8pt;\" title=\"Jean-Denis Berembaum, &lt;br \/&gt; Jean-Claude Schifrine, Agn\u00e8s Datin\" href=\"https:\/\/i0.wp.com\/asurb.com\/AsurB\/D_Album\/lightbox_slideshow\/Album_1\/images\/l11.jpg?ssl=1\" rel=\"lightbox|groupe1\"><img data-recalc-dims=\"1\" decoding=\"async\" src=\"https:\/\/i0.wp.com\/asurb.com\/AsurB\/D_Album\/lightbox_slideshow\/Album_1\/thumbs\/l11.jpg?w=900&#038;ssl=1\" border=\"1\" \/><\/a> <a title=\"Interm\u00e8de musical\" href=\"https:\/\/i0.wp.com\/asurb.com\/AsurB\/D_Album\/lightbox_slideshow\/Album_1\/images\/l18.jpg?ssl=1\" rel=\"lightbox|groupe1\"><img data-recalc-dims=\"1\" decoding=\"async\" src=\"https:\/\/i0.wp.com\/asurb.com\/AsurB\/D_Album\/lightbox_slideshow\/Album_1\/thumbs\/l18.jpg?w=900&#038;ssl=1\" border=\"1\" \/><\/a><\/div>\n<\/td>\n<\/tr>\n<tr>\n<td align=\"center\" valign=\"top\"><\/td>\n<td align=\"center\" valign=\"top\">\n<div align=\"left\">\n<p>\u00a9 2007 &#8211; AsurB &#8211; Tous droits r\u00e9serv\u00e9s<\/p>\n<\/div>\n<\/td>\n<\/tr>\n<\/tbody>\n<\/table>\n","protected":false},"excerpt":{"rendered":"<p>Diaporama &#8211; Extrait du Festival 2007 \u00a9 2007 &#8211; AsurB &#8211; Tous droits r\u00e9serv\u00e9s<\/p>\n","protected":false},"author":1,"featured_media":0,"parent":88,"menu_order":0,"comment_status":"closed","ping_status":"closed","template":"","meta":{"footnotes":""},"class_list":["post-593","page","type-page","status-publish","hentry"],"jetpack_sharing_enabled":true,"jetpack_shortlink":"https:\/\/wp.me\/P7C6tF-9z","jetpack-related-posts":[{"id":88,"url":"https:\/\/asurb.com\/asurb3\/?page_id=88","url_meta":{"origin":593,"position":0},"title":"Festival 2007","author":"webmaster","date":"1 juin 2016","format":false,"excerpt":"Dans le cadre de la Semaine de la solidarit\u00e9 internationale, l'association Afrique sur Bi\u00e8vre a organis\u00e9 du 17 au 24 novembre 2007 le 1er Cin\u00e9 Regards Africains. Des films d'hier et d'aujourd'hui, venus du Mali, du S\u00e9n\u00e9gal, de Guin\u00e9e, du Burkina Faso, d'Ethiopie, du Cameroun. Cin\u00e9ma la Pl\u00e9iade \u2013 94230\u2026","rel":"","context":"Article similaire","block_context":{"text":"Article similaire","link":""},"img":{"alt_text":"","src":"","width":0,"height":0},"classes":[]},{"id":601,"url":"https:\/\/asurb.com\/asurb3\/?page_id=601","url_meta":{"origin":593,"position":1},"title":"Diaporama 2008","author":"webmaster","date":"8 juin 2016","format":false,"excerpt":"Diaporama - Extrait du Festival 2008 \u00a9 2008 - AsurB - Tous droits r\u00e9serv\u00e9s","rel":"","context":"Article similaire","block_context":{"text":"Article similaire","link":""},"img":{"alt_text":"","src":"https:\/\/i0.wp.com\/asurb.com\/AsurB\/D_Images\/D_Gif_bl\/Blanc5_5.gif?resize=350%2C200&ssl=1","width":350,"height":200},"classes":[]},{"id":608,"url":"https:\/\/asurb.com\/asurb3\/?page_id=608","url_meta":{"origin":593,"position":2},"title":"Diaporama 2010","author":"webmaster","date":"8 juin 2016","format":false,"excerpt":"Diaporama - Extraits du Festival 2010 \u2022 Les s\u00e9ances \u2022 Les s\u00e9ances scolaires \u2022 Les intervenants \u2022 Les d\u00e9bats \u2022 L'\u00e9quipe d'Afrique sur Bi\u00e8vre \u00a9 2010 - AsurB - Tous droits r\u00e9serv\u00e9s","rel":"","context":"Article similaire","block_context":{"text":"Article similaire","link":""},"img":{"alt_text":"","src":"https:\/\/i0.wp.com\/asurb.com\/AsurB\/D_Images\/D_Gif_bl\/Blanc5_5.gif?resize=350%2C200&ssl=1","width":350,"height":200},"classes":[]},{"id":604,"url":"https:\/\/asurb.com\/asurb3\/?page_id=604","url_meta":{"origin":593,"position":3},"title":"Diaporama 2009","author":"webmaster","date":"8 juin 2016","format":false,"excerpt":"Diaporama - Extraits du Festival 2009 \u2022 Les s\u00e9ances \u2022 Les acteurs de Cin\u00e9 Regards Africains 2009 \u2022 Les d\u00e9bats \u2022 L'\u00e9quipe Afrique sur Bi\u00e8vre \u00a9 2009 - AsurB - Tous droits r\u00e9serv\u00e9s","rel":"","context":"Article similaire","block_context":{"text":"Article similaire","link":""},"img":{"alt_text":"","src":"https:\/\/i0.wp.com\/asurb.com\/AsurB\/D_Images\/D_Gif_bl\/Blanc5_5.gif?resize=350%2C200&ssl=1","width":350,"height":200},"classes":[]},{"id":76,"url":"https:\/\/asurb.com\/asurb3\/?page_id=76","url_meta":{"origin":593,"position":4},"title":"Festival 2008","author":"webmaster","date":"1 juin 2016","format":false,"excerpt":"Dans le cadre de la semaine internationale de la solidarit\u00e9, l'association Afrique sur Bi\u00e8vre a organis\u00e9 du 15 au 23 novembre 2008 le 2\u00e8me Cin\u00e9 Regards Africains, Films en Festival. Des films d'hier et d'aujourd'hui, venus du Tchad, de Madagascar, du S\u00e9n\u00e9gal, de Cote d'Ivoire, d'Afrique du Sud\u2026 Cin\u00e9ma la\u2026","rel":"","context":"Article similaire","block_context":{"text":"Article similaire","link":""},"img":{"alt_text":"","src":"","width":0,"height":0},"classes":[]},{"id":118,"url":"https:\/\/asurb.com\/asurb3\/?page_id=118","url_meta":{"origin":593,"position":5},"title":"Festival 2012","author":"webmaster","date":"3 juin 2016","format":false,"excerpt":"Du 17 novembre au 1er d\u00e9cembre 2012, l'association Afrique sur Bi\u00e8vre organise la 6\u00e8me \u00e9dition du CINE REGARDS AFRICAINS \u2013 Films en Festival En Val de Bi\u00e8vre, dans les villes d'Arcueil, Cachan, Fresnes, Gentilly, l'Ha\u00ff-les-Roses, Le Kremlin-Bic\u00eatre Des courts-m\u00e9trages et des longs-m\u00e9trages de r\u00e9alisateurs africains, suivis de d\u00e9bats avec le\u2026","rel":"","context":"Article similaire","block_context":{"text":"Article similaire","link":""},"img":{"alt_text":"","src":"","width":0,"height":0},"classes":[]}],"_links":{"self":[{"href":"https:\/\/asurb.com\/asurb3\/index.php?rest_route=\/wp\/v2\/pages\/593","targetHints":{"allow":["GET"]}}],"collection":[{"href":"https:\/\/asurb.com\/asurb3\/index.php?rest_route=\/wp\/v2\/pages"}],"about":[{"href":"https:\/\/asurb.com\/asurb3\/index.php?rest_route=\/wp\/v2\/types\/page"}],"author":[{"embeddable":true,"href":"https:\/\/asurb.com\/asurb3\/index.php?rest_route=\/wp\/v2\/users\/1"}],"replies":[{"embeddable":true,"href":"https:\/\/asurb.com\/asurb3\/index.php?rest_route=%2Fwp%2Fv2%2Fcomments&post=593"}],"version-history":[{"count":1,"href":"https:\/\/asurb.com\/asurb3\/index.php?rest_route=\/wp\/v2\/pages\/593\/revisions"}],"predecessor-version":[{"id":594,"href":"https:\/\/asurb.com\/asurb3\/index.php?rest_route=\/wp\/v2\/pages\/593\/revisions\/594"}],"up":[{"embeddable":true,"href":"https:\/\/asurb.com\/asurb3\/index.php?rest_route=\/wp\/v2\/pages\/88"}],"wp:attachment":[{"href":"https:\/\/asurb.com\/asurb3\/index.php?rest_route=%2Fwp%2Fv2%2Fmedia&parent=593"}],"curies":[{"name":"wp","href":"https:\/\/api.w.org\/{rel}","templated":true}]}}