{"id":608,"date":"2016-06-08T13:42:42","date_gmt":"2016-06-08T11:42:42","guid":{"rendered":"http:\/\/www.test.asurb.com\/?page_id=608"},"modified":"2016-06-08T13:42:42","modified_gmt":"2016-06-08T11:42:42","slug":"diaporama-2010","status":"publish","type":"page","link":"https:\/\/asurb.com\/asurb3\/?page_id=608","title":{"rendered":"Diaporama 2010"},"content":{"rendered":"<table border=\"0\" width=\"100%\" cellspacing=\"0\" cellpadding=\"0\">\n<tbody>\n<tr>\n<td valign=\"top\"><b>Diaporama<\/b> &#8211; Extraits du Festival 2010<\/td>\n<\/tr>\n<tr>\n<td valign=\"top\"><img data-recalc-dims=\"1\" loading=\"lazy\" decoding=\"async\" src=\"https:\/\/i0.wp.com\/asurb.com\/AsurB\/D_Images\/D_Gif_bl\/Blanc5_5.gif?resize=10%2C10&#038;ssl=1\" alt=\"\" width=\"10\" height=\"10\" border=\"0\" \/><\/td>\n<td valign=\"top\"><\/td>\n<\/tr>\n<tr>\n<td colspan=\"2\" align=\"center\" valign=\"top\">\n<div align=\"left\">\n<p><i><span style=\"color: #864317; font-family: Georgia, 'Times New Roman'; font-size: small;\"><img data-recalc-dims=\"1\" loading=\"lazy\" decoding=\"async\" src=\"https:\/\/i0.wp.com\/asurb.com\/AsurB\/D_Images\/D_Gif_bl\/Blanc50.gif?resize=40%2C20&#038;ssl=1\" alt=\"\" width=\"40\" height=\"20\" border=\"0\" \/><b>\u2022 Les s\u00e9ances<\/b><\/span><span style=\"color: #864317; font-family: Georgia, 'Times New Roman';\"><b><\/p>\n<p><\/b><\/span><\/i><img data-recalc-dims=\"1\" loading=\"lazy\" decoding=\"async\" src=\"https:\/\/i0.wp.com\/asurb.com\/AsurB\/D_Images\/D_Gif_bl\/Blanc50.gif?resize=60%2C20&#038;ssl=1\" alt=\"\" width=\"60\" height=\"20\" border=\"0\" \/><a title=\"Le public dans le hall du cin\u00e9ma la Pl\u00e9iade \u00e0 Cachan\" href=\"https:\/\/i0.wp.com\/asurb.com\/AsurB\/D_Album\/lightbox_slideshow\/Diapo2010\/CIMG0811HR.jpg?ssl=1\" rel=\"lightbox|groupe1\"><img data-recalc-dims=\"1\" decoding=\"async\" src=\"https:\/\/i0.wp.com\/asurb.com\/AsurB\/D_Album\/lightbox_slideshow\/Diapo2010\/CIMG0811.jpg?w=900&#038;ssl=1\" border=\"1\" \/><\/a> <a title=\"Cachan. Le public dans la salle \" href=\"https:\/\/i0.wp.com\/asurb.com\/AsurB\/D_Album\/lightbox_slideshow\/Diapo2010\/CIMG0812HR.jpg?ssl=1\" rel=\"lightbox|groupe1\"><img data-recalc-dims=\"1\" decoding=\"async\" src=\"https:\/\/i0.wp.com\/asurb.com\/AsurB\/D_Album\/lightbox_slideshow\/Diapo2010\/CIMG0812.jpg?w=900&#038;ssl=1\" border=\"1\" \/><\/a> <a title=\"Le verre de l\u2019amiti\u00e9 \u00e0 la Maison Coust\u00e9\" href=\"https:\/\/i0.wp.com\/asurb.com\/AsurB\/D_Album\/lightbox_slideshow\/Diapo2010\/CIMG0836HR.jpg?ssl=1\" rel=\"lightbox|groupe1\"><img data-recalc-dims=\"1\" decoding=\"async\" src=\"https:\/\/i0.wp.com\/asurb.com\/AsurB\/D_Album\/lightbox_slideshow\/Diapo2010\/CIMG0836.jpg?w=900&#038;ssl=1\" border=\"1\" \/><\/a> <a style=\"color: #595959; text-decoration: none; font-size: 8pt;\" title=\"A Cachan, H\u00e9l\u00e8ne de Comarmond, conseill\u00e8re municipale &lt;br \/&gt; charg\u00e9e des relations et solidarit\u00e9s internationales &lt;br \/&gt; et Yves Ballanger, pr\u00e9sident d\u2019Afrique sur Bi\u00e8vre\" href=\"https:\/\/i0.wp.com\/asurb.com\/AsurB\/D_Album\/lightbox_slideshow\/Diapo2010\/Cinema-19HR.jpg?ssl=1\" rel=\"lightbox|groupe1\"><img data-recalc-dims=\"1\" decoding=\"async\" src=\"https:\/\/i0.wp.com\/asurb.com\/AsurB\/D_Album\/lightbox_slideshow\/Diapo2010\/Cinema-19.jpg?w=900&#038;ssl=1\" border=\"1\" \/><\/a> <a title=\"Le public \u00e0 la Maison pour Tous \u00e0 Villejuif\" href=\"https:\/\/i0.wp.com\/asurb.com\/AsurB\/D_Album\/lightbox_slideshow\/Diapo2010\/CIMG0917HR.jpg?ssl=1\" rel=\"lightbox|groupe1\"><img data-recalc-dims=\"1\" decoding=\"async\" src=\"https:\/\/i0.wp.com\/asurb.com\/AsurB\/D_Album\/lightbox_slideshow\/Diapo2010\/CIMG0917.jpg?w=900&#038;ssl=1\" border=\"1\" \/><\/a><br \/>\n<i><span style=\"color: #864317; font-family: Georgia, 'Times New Roman'; font-size: small;\"><img data-recalc-dims=\"1\" loading=\"lazy\" decoding=\"async\" src=\"https:\/\/i0.wp.com\/asurb.com\/AsurB\/D_Images\/D_Gif_bl\/Blanc50.gif?resize=40%2C20&#038;ssl=1\" alt=\"\" width=\"40\" height=\"20\" border=\"0\" \/><b>\u2022 Les s\u00e9ances scolaires<\/b><\/span><span style=\"color: #864317; font-family: Georgia, 'Times New Roman';\"><br \/>\n<\/span><span style=\"font-family: Georgia, 'Times New Roman';\"><br \/>\n<\/span><\/i><img data-recalc-dims=\"1\" loading=\"lazy\" decoding=\"async\" src=\"https:\/\/i0.wp.com\/asurb.com\/AsurB\/D_Images\/D_Gif_bl\/Blanc50.gif?resize=60%2C20&#038;ssl=1\" alt=\"\" width=\"60\" height=\"20\" border=\"0\" \/><a title=\"Des CM1\/CM2 \u00e0 Arcueil pour Le ballon d\u2019or\" href=\"https:\/\/i0.wp.com\/asurb.com\/AsurB\/D_Album\/lightbox_slideshow\/Diapo2010\/CIMG0860HR.jpg?ssl=1\" rel=\"lightbox|groupe1\"><img data-recalc-dims=\"1\" decoding=\"async\" src=\"https:\/\/i0.wp.com\/asurb.com\/AsurB\/D_Album\/lightbox_slideshow\/Diapo2010\/CIMG0860.jpg?w=900&#038;ssl=1\" border=\"1\" \/><\/a> <a title=\"Les CM1\/CM2  de Cachan\" href=\"https:\/\/i0.wp.com\/asurb.com\/AsurB\/D_Album\/lightbox_slideshow\/Diapo2010\/CIMG0874HR.jpg?ssl=1\" rel=\"lightbox|groupe1\"><img data-recalc-dims=\"1\" decoding=\"async\" src=\"https:\/\/i0.wp.com\/asurb.com\/AsurB\/D_Album\/lightbox_slideshow\/Diapo2010\/CIMG0874.jpg?w=900&#038;ssl=1\" border=\"1\" \/><\/a> <a title=\"Le jeune public de Villejuif\" href=\"https:\/\/i0.wp.com\/asurb.com\/AsurB\/D_Album\/lightbox_slideshow\/Diapo2010\/CIMG0901HR.jpg?ssl=1\" rel=\"lightbox|groupe1\"><img data-recalc-dims=\"1\" decoding=\"async\" src=\"https:\/\/i0.wp.com\/asurb.com\/AsurB\/D_Album\/lightbox_slideshow\/Diapo2010\/CIMG0901.jpg?w=900&#038;ssl=1\" border=\"1\" \/><\/a><\/p>\n<\/div>\n<\/td>\n<\/tr>\n<tr>\n<td align=\"center\" valign=\"top\"><img data-recalc-dims=\"1\" loading=\"lazy\" decoding=\"async\" src=\"https:\/\/i0.wp.com\/asurb.com\/AsurB\/D_Images\/D_Gif_bl\/Blanc5_5.gif?resize=10%2C10&#038;ssl=1\" alt=\"\" width=\"10\" height=\"10\" border=\"0\" \/><\/td>\n<td align=\"center\" valign=\"top\"><\/td>\n<\/tr>\n<tr>\n<td colspan=\"2\" align=\"center\" valign=\"top\">\n<div align=\"left\">\n<p><i><span style=\"color: #864317; font-family: Georgia, 'Times New Roman'; font-size: small;\"><img data-recalc-dims=\"1\" loading=\"lazy\" decoding=\"async\" src=\"https:\/\/i0.wp.com\/asurb.com\/AsurB\/D_Images\/D_Gif_bl\/Blanc50.gif?resize=40%2C20&#038;ssl=1\" alt=\"\" width=\"40\" height=\"20\" border=\"0\" \/><b>\u2022 Les intervenants<\/b><\/span><span style=\"color: #864317; font-family: Georgia, 'Times New Roman';\"><b><\/p>\n<p><\/b><\/span><\/i><img data-recalc-dims=\"1\" loading=\"lazy\" decoding=\"async\" src=\"https:\/\/i0.wp.com\/asurb.com\/AsurB\/D_Images\/D_Gif_bl\/Blanc50.gif?resize=60%2C20&#038;ssl=1\" alt=\"\" width=\"60\" height=\"20\" border=\"0\" \/><a style=\"color: #595959; text-decoration: none; font-size: 8pt;\" title=\"L\u2019absence. &lt;br \/&gt; L\u2019actrice Jacky Tavernier et Yves Ballanger\" href=\"https:\/\/i0.wp.com\/asurb.com\/AsurB\/D_Album\/lightbox_slideshow\/Diapo2010\/IMGP3316HR.jpg?ssl=1\" rel=\"lightbox|groupe1\"><img data-recalc-dims=\"1\" decoding=\"async\" src=\"https:\/\/i0.wp.com\/asurb.com\/AsurB\/D_Album\/lightbox_slideshow\/Diapo2010\/IMGP3316.jpg?w=900&#038;ssl=1\" border=\"1\" \/><\/a> <a style=\"color: #595959; text-decoration: none; font-size: 8pt;\" title=\"Hy\u00e8nes. &lt;br \/&gt; Catherine Ruelle, journaliste \u00e0 RFI, &lt;br \/&gt; Wasis Diop, compositeur, auteur de la musique du film et Yves Ballanger\" href=\"https:\/\/i0.wp.com\/asurb.com\/AsurB\/D_Album\/lightbox_slideshow\/Diapo2010\/Cinema-27HR.jpg?ssl=1\" rel=\"lightbox|groupe1\"><img data-recalc-dims=\"1\" decoding=\"async\" src=\"https:\/\/i0.wp.com\/asurb.com\/AsurB\/D_Album\/lightbox_slideshow\/Diapo2010\/Cinema-27.jpg?w=900&#038;ssl=1\" border=\"1\" \/><\/a> <a style=\"color: #595959; text-decoration: none; font-size: 8pt;\" title=\"Ils se sont tus. &lt;br \/&gt; Hichem Mesbah, acteur principal et Y.Ballanger\" href=\"https:\/\/i0.wp.com\/asurb.com\/AsurB\/D_Album\/lightbox_slideshow\/Diapo2010\/IMGP3346HR.jpg?ssl=1\" rel=\"lightbox|groupe1\"><img data-recalc-dims=\"1\" decoding=\"async\" src=\"https:\/\/i0.wp.com\/asurb.com\/AsurB\/D_Album\/lightbox_slideshow\/Diapo2010\/IMGP3346.jpg?w=900&#038;ssl=1\" border=\"1\" \/><\/a> <a style=\"color: #595959; text-decoration: none; font-size: 8pt;\" title=\"Un transport en commun. &lt;br \/&gt; L\u2019actrice Mari\u00e8me Diop et Josiane Kerleroux d\u2019Afrique sur Bi\u00e8vre\" href=\"https:\/\/i0.wp.com\/asurb.com\/AsurB\/D_Album\/lightbox_slideshow\/Diapo2010\/CIMG0949HR.jpg?ssl=1\" rel=\"lightbox|groupe1\"><img data-recalc-dims=\"1\" decoding=\"async\" src=\"https:\/\/i0.wp.com\/asurb.com\/AsurB\/D_Album\/lightbox_slideshow\/Diapo2010\/CIMG0949.jpg?w=900&#038;ssl=1\" border=\"1\" \/><\/a> <a style=\"color: #595959; text-decoration: none; font-size: 8pt;\" title=\"O\u00f9 vas-tu Mosh\u00e9 ? &lt;br \/&gt; David Elka\u00efm, co-sc\u00e9nariste\" href=\"https:\/\/i0.wp.com\/asurb.com\/AsurB\/D_Album\/lightbox_slideshow\/Diapo2010\/CIMG0980HR.jpg?ssl=1\" rel=\"lightbox|groupe1\"><img data-recalc-dims=\"1\" decoding=\"async\" src=\"https:\/\/i0.wp.com\/asurb.com\/AsurB\/D_Album\/lightbox_slideshow\/Diapo2010\/CIMG0980.jpg?w=900&#038;ssl=1\" border=\"1\" \/><\/a><br \/>\n<img data-recalc-dims=\"1\" loading=\"lazy\" decoding=\"async\" src=\"https:\/\/i0.wp.com\/asurb.com\/AsurB\/D_Images\/D_Gif_bl\/Blanc50.gif?resize=60%2C20&#038;ssl=1\" alt=\"\" width=\"60\" height=\"20\" border=\"0\" \/><a style=\"color: #595959; text-decoration: none; font-size: 8pt;\" title=\"La femme porte l\u2019Afrique. &lt;br \/&gt; Idriss Diabat\u00e9, r\u00e9alisateur du film et Lise Doussin d\u2019Afrique sur Bi\u00e8vre\" href=\"https:\/\/i0.wp.com\/asurb.com\/AsurB\/D_Album\/lightbox_slideshow\/Diapo2010\/CIMG1074HR.jpg?ssl=1\" rel=\"lightbox|groupe1\"><img data-recalc-dims=\"1\" decoding=\"async\" src=\"https:\/\/i0.wp.com\/asurb.com\/AsurB\/D_Album\/lightbox_slideshow\/Diapo2010\/CIMG1074.jpg?w=900&#038;ssl=1\" border=\"1\" \/><\/a> <a style=\"color: #595959; text-decoration: none; font-size: 8pt;\" title=\"Nothing but the truth. &lt;br \/&gt; Olivier Delahaye, co-producteur du film &lt;br \/&gt; et Jacqueline Derens de RENAPAS\" href=\"https:\/\/i0.wp.com\/asurb.com\/AsurB\/D_Album\/lightbox_slideshow\/Diapo2010\/CIMG1105HR.jpg?ssl=1\" rel=\"lightbox|groupe1\"><img data-recalc-dims=\"1\" decoding=\"async\" src=\"https:\/\/i0.wp.com\/asurb.com\/AsurB\/D_Album\/lightbox_slideshow\/Diapo2010\/CIMG1105.jpg?w=900&#038;ssl=1\" border=\"1\" \/><\/a><\/p>\n<\/div>\n<\/td>\n<\/tr>\n<tr>\n<td align=\"center\" valign=\"top\"><img data-recalc-dims=\"1\" loading=\"lazy\" decoding=\"async\" src=\"https:\/\/i0.wp.com\/asurb.com\/AsurB\/D_Images\/D_Gif_bl\/Blanc5_5.gif?resize=11%2C10&#038;ssl=1\" alt=\"\" width=\"11\" height=\"10\" border=\"0\" \/><\/td>\n<td align=\"center\" valign=\"top\"><\/td>\n<\/tr>\n<tr>\n<td colspan=\"2\" align=\"center\" valign=\"top\">\n<div align=\"left\">\n<p><i><span style=\"color: #864317; font-family: Georgia, 'Times New Roman'; font-size: small;\"><img data-recalc-dims=\"1\" loading=\"lazy\" decoding=\"async\" src=\"https:\/\/i0.wp.com\/asurb.com\/AsurB\/D_Images\/D_Gif_bl\/Blanc50.gif?resize=40%2C20&#038;ssl=1\" alt=\"\" width=\"40\" height=\"20\" border=\"0\" \/><b>\u2022 Les d\u00e9bats<\/b><\/span><span style=\"color: #864317; font-family: Georgia, 'Times New Roman';\"><b><\/p>\n<p><\/b><\/span><\/i><img data-recalc-dims=\"1\" loading=\"lazy\" decoding=\"async\" src=\"https:\/\/i0.wp.com\/asurb.com\/AsurB\/D_Images\/D_Gif_bl\/Blanc50.gif?resize=60%2C20&#038;ssl=1\" alt=\"\" width=\"60\" height=\"20\" border=\"0\" \/><a title=\"Passion\" href=\"https:\/\/i0.wp.com\/asurb.com\/AsurB\/D_Album\/lightbox_slideshow\/Diapo2010\/IMGP3325HR.jpg?ssl=1\" rel=\"lightbox|groupe1\"><img data-recalc-dims=\"1\" decoding=\"async\" src=\"https:\/\/i0.wp.com\/asurb.com\/AsurB\/D_Album\/lightbox_slideshow\/Diapo2010\/IMGP3325.jpg?w=900&#038;ssl=1\" border=\"1\" \/><\/a> <a title=\"Conviction\" href=\"https:\/\/i0.wp.com\/asurb.com\/AsurB\/D_Album\/lightbox_slideshow\/Diapo2010\/IMGP3338HR.jpg?ssl=1\" rel=\"lightbox|groupe1\"><img data-recalc-dims=\"1\" decoding=\"async\" src=\"https:\/\/i0.wp.com\/asurb.com\/AsurB\/D_Album\/lightbox_slideshow\/Diapo2010\/IMGP3338.jpg?w=900&#038;ssl=1\" border=\"1\" \/><\/a> <a title=\"Attention\" href=\"https:\/\/i0.wp.com\/asurb.com\/AsurB\/D_Album\/lightbox_slideshow\/Diapo2010\/CIMG0969HR.jpg?ssl=1\" rel=\"lightbox|groupe1\"><img data-recalc-dims=\"1\" decoding=\"async\" src=\"https:\/\/i0.wp.com\/asurb.com\/AsurB\/D_Album\/lightbox_slideshow\/Diapo2010\/CIMG0969.jpg?w=900&#038;ssl=1\" border=\"1\" \/><\/a> <a title=\"Implication\" href=\"https:\/\/i0.wp.com\/asurb.com\/AsurB\/D_Album\/lightbox_slideshow\/Diapo2010\/CIMG0965HR.jpg?ssl=1\" rel=\"lightbox|groupe1\"><img data-recalc-dims=\"1\" decoding=\"async\" src=\"https:\/\/i0.wp.com\/asurb.com\/AsurB\/D_Album\/lightbox_slideshow\/Diapo2010\/CIMG0965.jpg?w=900&#038;ssl=1\" border=\"1\" \/><\/a> <a title=\"Image et son\" href=\"https:\/\/i0.wp.com\/asurb.com\/AsurB\/D_Album\/lightbox_slideshow\/Diapo2010\/CIMG1082HR.jpg?ssl=1\" rel=\"lightbox|groupe1\"><img data-recalc-dims=\"1\" decoding=\"async\" src=\"https:\/\/i0.wp.com\/asurb.com\/AsurB\/D_Album\/lightbox_slideshow\/Diapo2010\/CIMG1082.jpg?w=900&#038;ssl=1\" border=\"1\" \/><\/a><br \/>\n<img data-recalc-dims=\"1\" loading=\"lazy\" decoding=\"async\" src=\"https:\/\/i0.wp.com\/asurb.com\/AsurB\/D_Images\/D_Gif_bl\/Blanc50.gif?resize=60%2C20&#038;ssl=1\" alt=\"\" width=\"60\" height=\"20\" border=\"0\" \/><a title=\"Sourire et questions\" href=\"https:\/\/i0.wp.com\/asurb.com\/AsurB\/D_Album\/lightbox_slideshow\/Diapo2010\/CIMG1081HR.jpg?ssl=1\" rel=\"lightbox|groupe1\"><img data-recalc-dims=\"1\" decoding=\"async\" src=\"https:\/\/i0.wp.com\/asurb.com\/AsurB\/D_Album\/lightbox_slideshow\/Diapo2010\/CIMG1081.jpg?w=900&#038;ssl=1\" border=\"1\" \/><\/a><\/p>\n<\/div>\n<\/td>\n<\/tr>\n<tr>\n<td align=\"center\" valign=\"top\"><img data-recalc-dims=\"1\" loading=\"lazy\" decoding=\"async\" src=\"https:\/\/i0.wp.com\/asurb.com\/AsurB\/D_Images\/D_Gif_bl\/Blanc5_5.gif?resize=11%2C10&#038;ssl=1\" alt=\"\" width=\"11\" height=\"10\" border=\"0\" \/><\/td>\n<td align=\"center\" valign=\"top\"><\/td>\n<\/tr>\n<tr>\n<td colspan=\"2\" align=\"center\" valign=\"top\">\n<div align=\"left\">\n<p><span style=\"color: #864317; font-family: Georgia, 'Times New Roman'; font-size: small;\"><i><img data-recalc-dims=\"1\" loading=\"lazy\" decoding=\"async\" src=\"https:\/\/i0.wp.com\/asurb.com\/AsurB\/D_Images\/D_Gif_bl\/Blanc50.gif?resize=40%2C20&#038;ssl=1\" alt=\"\" width=\"40\" height=\"20\" border=\"0\" \/><b>\u2022 L&rsquo;\u00e9quipe d&rsquo;Afrique sur Bi\u00e8vre<\/p>\n<p><\/b><\/i><\/span><img data-recalc-dims=\"1\" loading=\"lazy\" decoding=\"async\" src=\"https:\/\/i0.wp.com\/asurb.com\/AsurB\/D_Images\/D_Gif_bl\/Blanc50.gif?resize=60%2C20&#038;ssl=1\" alt=\"\" width=\"60\" height=\"20\" border=\"0\" \/><a title=\"Yves Ballanger et Michel Boissi\u00e8re \u00e0 l\u2019accueil dans le hall de La Pl\u00e9iade\" href=\"https:\/\/i0.wp.com\/asurb.com\/AsurB\/D_Album\/lightbox_slideshow\/Diapo2010\/CIMG0787HR.jpg?ssl=1\" rel=\"lightbox|groupe1\"><img data-recalc-dims=\"1\" decoding=\"async\" src=\"https:\/\/i0.wp.com\/asurb.com\/AsurB\/D_Album\/lightbox_slideshow\/Diapo2010\/CIMG0787.jpg?w=900&#038;ssl=1\" border=\"1\" \/><\/a> <a title=\"Yves Ballanger, pr\u00e9sident, salue le public\" href=\"https:\/\/i0.wp.com\/asurb.com\/AsurB\/D_Album\/lightbox_slideshow\/Diapo2010\/CIMG1066HR.jpg?ssl=1\" rel=\"lightbox|groupe1\"><img data-recalc-dims=\"1\" decoding=\"async\" src=\"https:\/\/i0.wp.com\/asurb.com\/AsurB\/D_Album\/lightbox_slideshow\/Diapo2010\/CIMG1066.jpg?w=900&#038;ssl=1\" border=\"1\" \/><\/a> <a style=\"color: #595959; text-decoration: none; font-size: 8pt;\" title=\"Lionel Tess\u00e9 et Philippe Raccah pr\u00eats pour la restauration rapide &lt;br \/&gt; entre deux s\u00e9ances \u00e0 Cachan\" href=\"https:\/\/i0.wp.com\/asurb.com\/AsurB\/D_Album\/lightbox_slideshow\/Diapo2010\/Cinema-1HR.jpg?ssl=1\" rel=\"lightbox|groupe1\"><img data-recalc-dims=\"1\" decoding=\"async\" src=\"https:\/\/i0.wp.com\/asurb.com\/AsurB\/D_Album\/lightbox_slideshow\/Diapo2010\/Cinema-1.jpg?w=900&#038;ssl=1\" border=\"1\" \/><\/a> <a title=\"Lilas  Sabet et Nathalie Quetel  \u00e0 leur poste \u00e0 Arcueil\" href=\"https:\/\/i0.wp.com\/asurb.com\/AsurB\/D_Album\/lightbox_slideshow\/Diapo2010\/CIMG1090HR.jpg?ssl=1\" rel=\"lightbox|groupe1\"><img data-recalc-dims=\"1\" decoding=\"async\" src=\"https:\/\/i0.wp.com\/asurb.com\/AsurB\/D_Album\/lightbox_slideshow\/Diapo2010\/CIMG1090.jpg?w=900&#038;ssl=1\" border=\"1\" \/><\/a> <a title=\"Lionel Tess\u00e9 accueille Mari\u00e8me Diop \u00e0 Villejuif\" href=\"https:\/\/i0.wp.com\/asurb.com\/AsurB\/D_Album\/lightbox_slideshow\/Diapo2010\/CIMG0915HR.jpg?ssl=1\" rel=\"lightbox|groupe1\"><img data-recalc-dims=\"1\" decoding=\"async\" src=\"https:\/\/i0.wp.com\/asurb.com\/AsurB\/D_Album\/lightbox_slideshow\/Diapo2010\/CIMG0915.jpg?w=900&#038;ssl=1\" border=\"1\" \/><\/a><br \/>\n<img data-recalc-dims=\"1\" loading=\"lazy\" decoding=\"async\" src=\"https:\/\/i0.wp.com\/asurb.com\/AsurB\/D_Images\/D_Gif_bl\/Blanc50.gif?resize=60%2C20&#038;ssl=1\" alt=\"\" width=\"60\" height=\"20\" border=\"0\" \/><a title=\"Mody Konat\u00e9 et Idriss Diabat\u00e9 \u00e0 Arcueil\" href=\"https:\/\/i0.wp.com\/asurb.com\/AsurB\/D_Album\/lightbox_slideshow\/Diapo2010\/CIMG1056HR.jpg?ssl=1\" rel=\"lightbox|groupe1\"><img data-recalc-dims=\"1\" decoding=\"async\" src=\"https:\/\/i0.wp.com\/asurb.com\/AsurB\/D_Album\/lightbox_slideshow\/Diapo2010\/CIMG1056.jpg?w=900&#038;ssl=1\" border=\"1\" \/><\/a><\/p>\n<\/div>\n<\/td>\n<\/tr>\n<tr>\n<td align=\"center\" valign=\"top\"><\/td>\n<td align=\"center\" valign=\"top\">\n<div align=\"left\">\n<p>\u00a9 2010 &#8211; AsurB &#8211; Tous droits r\u00e9serv\u00e9s<\/p>\n<\/div>\n<\/td>\n<\/tr>\n<\/tbody>\n<\/table>\n","protected":false},"excerpt":{"rendered":"<p>Diaporama &#8211; Extraits du Festival 2010 \u2022 Les s\u00e9ances \u2022 Les s\u00e9ances scolaires \u2022 Les intervenants \u2022 Les d\u00e9bats \u2022 L&rsquo;\u00e9quipe d&rsquo;Afrique sur Bi\u00e8vre \u00a9 2010 &#8211; AsurB &#8211; Tous [&hellip;]<\/p>\n","protected":false},"author":1,"featured_media":0,"parent":113,"menu_order":0,"comment_status":"closed","ping_status":"closed","template":"","meta":{"footnotes":""},"class_list":["post-608","page","type-page","status-publish","hentry"],"jetpack_sharing_enabled":true,"jetpack_shortlink":"https:\/\/wp.me\/P7C6tF-9O","jetpack-related-posts":[{"id":604,"url":"https:\/\/asurb.com\/asurb3\/?page_id=604","url_meta":{"origin":608,"position":0},"title":"Diaporama 2009","author":"webmaster","date":"8 juin 2016","format":false,"excerpt":"Diaporama - Extraits du Festival 2009 \u2022 Les s\u00e9ances \u2022 Les acteurs de Cin\u00e9 Regards Africains 2009 \u2022 Les d\u00e9bats \u2022 L'\u00e9quipe Afrique sur Bi\u00e8vre \u00a9 2009 - AsurB - Tous droits r\u00e9serv\u00e9s","rel":"","context":"Article similaire","block_context":{"text":"Article similaire","link":""},"img":{"alt_text":"","src":"https:\/\/i0.wp.com\/asurb.com\/AsurB\/D_Images\/D_Gif_bl\/Blanc5_5.gif?resize=350%2C200&ssl=1","width":350,"height":200},"classes":[]},{"id":113,"url":"https:\/\/asurb.com\/asurb3\/?page_id=113","url_meta":{"origin":608,"position":1},"title":"Festival 2010","author":"webmaster","date":"3 juin 2016","format":false,"excerpt":"Du 13 au 27 novembre 2010, l'association Afrique sur Bi\u00e8vre organise la 4\u00e8me \u00e9dition du CINE REGARDS AFRICAINS \u2013 Films en Festival Dans quatre salles Cin\u00e9ma la Pl\u00e9iade - 94230 CACHAN Maison Pour Tous G\u00e9rard Philippe - 94800 VILLEJUIF MJC de Fresnes - 94260 FRESNES Espace municipal Jean Vilar -\u2026","rel":"","context":"Article similaire","block_context":{"text":"Article similaire","link":""},"img":{"alt_text":"","src":"","width":0,"height":0},"classes":[]},{"id":110,"url":"https:\/\/asurb.com\/asurb3\/?page_id=110","url_meta":{"origin":608,"position":2},"title":"Festival 2009","author":"webmaster","date":"3 juin 2016","format":false,"excerpt":"Du 15 au 28 novembre 2009, l'association Afrique sur Bi\u00e8vre a organis\u00e9 la 3\u00e8me \u00e9dition du CINE REGARDS AFRICAINS \u2013 Films en Festival Dans quatre salles Cin\u00e9ma la Pl\u00e9iade - 94230 CACHAN Espace municipal Jean Vilar - 94110 ARCUEIL MJC de Fresnes - 94260 FRESNES Cin\u00e9ma la Tournelle - 94240\u2026","rel":"","context":"Article similaire","block_context":{"text":"Article similaire","link":""},"img":{"alt_text":"","src":"","width":0,"height":0},"classes":[]},{"id":115,"url":"https:\/\/asurb.com\/asurb3\/?page_id=115","url_meta":{"origin":608,"position":3},"title":"Festival 2011","author":"webmaster","date":"3 juin 2016","format":false,"excerpt":"Du 12 au 26 novembre 2011, l'association Afrique sur Bi\u00e8vre organise la 5\u00e8me \u00e9dition du CINE REGARDS AFRICAINS \u2013 Films en Festival Dans six salles \u2022 Cin\u00e9ma la Pl\u00e9iade - 94230 Cachan \u2022 Espace Culturel Andr\u00e9 Malraux - 94270 Le Kremlin-Bic\u00eatre \u2022 Cin\u00e9ma la Tournelle - 94240 L'Hay Les Roses\u2026","rel":"","context":"Article similaire","block_context":{"text":"Article similaire","link":""},"img":{"alt_text":"","src":"","width":0,"height":0},"classes":[]},{"id":593,"url":"https:\/\/asurb.com\/asurb3\/?page_id=593","url_meta":{"origin":608,"position":4},"title":"Diaporama 2007","author":"webmaster","date":"8 juin 2016","format":false,"excerpt":"Diaporama - Extrait du Festival 2007 \u00a9 2007 - AsurB - Tous droits r\u00e9serv\u00e9s","rel":"","context":"Article similaire","block_context":{"text":"Article similaire","link":""},"img":{"alt_text":"","src":"https:\/\/i0.wp.com\/asurb.com\/AsurB\/D_Images\/D_Gif_bl\/Blanc5_5.gif?resize=350%2C200&ssl=1","width":350,"height":200},"classes":[]},{"id":601,"url":"https:\/\/asurb.com\/asurb3\/?page_id=601","url_meta":{"origin":608,"position":5},"title":"Diaporama 2008","author":"webmaster","date":"8 juin 2016","format":false,"excerpt":"Diaporama - Extrait du Festival 2008 \u00a9 2008 - AsurB - Tous droits r\u00e9serv\u00e9s","rel":"","context":"Article similaire","block_context":{"text":"Article similaire","link":""},"img":{"alt_text":"","src":"https:\/\/i0.wp.com\/asurb.com\/AsurB\/D_Images\/D_Gif_bl\/Blanc5_5.gif?resize=350%2C200&ssl=1","width":350,"height":200},"classes":[]}],"_links":{"self":[{"href":"https:\/\/asurb.com\/asurb3\/index.php?rest_route=\/wp\/v2\/pages\/608","targetHints":{"allow":["GET"]}}],"collection":[{"href":"https:\/\/asurb.com\/asurb3\/index.php?rest_route=\/wp\/v2\/pages"}],"about":[{"href":"https:\/\/asurb.com\/asurb3\/index.php?rest_route=\/wp\/v2\/types\/page"}],"author":[{"embeddable":true,"href":"https:\/\/asurb.com\/asurb3\/index.php?rest_route=\/wp\/v2\/users\/1"}],"replies":[{"embeddable":true,"href":"https:\/\/asurb.com\/asurb3\/index.php?rest_route=%2Fwp%2Fv2%2Fcomments&post=608"}],"version-history":[{"count":1,"href":"https:\/\/asurb.com\/asurb3\/index.php?rest_route=\/wp\/v2\/pages\/608\/revisions"}],"predecessor-version":[{"id":609,"href":"https:\/\/asurb.com\/asurb3\/index.php?rest_route=\/wp\/v2\/pages\/608\/revisions\/609"}],"up":[{"embeddable":true,"href":"https:\/\/asurb.com\/asurb3\/index.php?rest_route=\/wp\/v2\/pages\/113"}],"wp:attachment":[{"href":"https:\/\/asurb.com\/asurb3\/index.php?rest_route=%2Fwp%2Fv2%2Fmedia&parent=608"}],"curies":[{"name":"wp","href":"https:\/\/api.w.org\/{rel}","templated":true}]}}