{"id":669,"date":"2016-06-14T14:51:10","date_gmt":"2016-06-14T12:51:10","guid":{"rendered":"http:\/\/www.test.asurb.com\/?page_id=669"},"modified":"2021-10-15T10:04:32","modified_gmt":"2021-10-15T08:04:32","slug":"adamt","status":"publish","type":"page","link":"https:\/\/asurb.com\/asurb3\/?page_id=669","title":{"rendered":"Granma nineteen and the soviet&rsquo;s secret (Grand-m\u00e8re dix-neuf et le secret du sovi\u00e9tique)"},"content":{"rendered":"<p>&lsquo;sDe Jo\u00e3o Ribeiro \u2013 Mozambique\/Portugal \u2013 2020 &#8211; 94 min \u2013 fiction \u2013 couleur \u2013 VO portugais STF<\/p>\n<p>S\u00e9lectionn\u00e9 en 2021 pour le Festival du film africain de Luxor et le festival des cin\u00e9mas d\u2019Afrique du pays d\u2019Apt.<\/p>\n<p>Sc\u00e9nario\u00a0: Jo\u00e3o Nunes \u2013 Image\u00a0: Jos\u00e9 Ant\u00f3nio Loureiro \u2013 Interpr\u00e9tation\u00a0: Keanu dos Santos, Caio Canda, Thainara Calane Barbosa, Anabela Adrianopoulos, Dmitry Bogomolov, Filimone Meigos, Fl\u00e1vio Bauraqui, Ana Magaia, Iva Mugalela.<\/p>\n<p>&nbsp;<\/p>\n<h4><span style=\"color: #ff0000;\">Synopsis<\/span><\/h4>\n<p style=\"text-align: justify;\">Dans une banlieue proche d\u2019une petite plage, Grand-M\u00e8re dix-neuf (on l\u2019a amput\u00e9e d\u2019un orteil\u00a0!) s\u2019occupe de toute une bande de gamins, curieux et d\u00e9brouillards, amateurs de baignades. Des coop\u00e9rants sovi\u00e9tiques construisent un Mausol\u00e9e gigantesque pour honorer Agostinho Neto, le p\u00e8re de la R\u00e9volution\u2026et pour moderniser le quartier si bien situ\u00e9 au bord de la mer. Les enfants ne veulent pas qu\u2019on touche \u00e0 leur univers et deux amis, Jaki et Pi, qui ne manquent pas d\u2019imagination, \u00e9laborent alors un plan tr\u00e8s audacieux pour \u00e9carter le danger, avec des complicit\u00e9s assez inattendues.<br \/>\nL\u2019histoire est adapt\u00e9e d\u2019un c\u00e9l\u00e8bre roman d\u2019Ondiaki dans lequel l\u2019auteur s\u2019inspire de ses souvenirs d\u2019enfance pour construire un monde fantastique o\u00f9 r\u00e9alit\u00e9 et magie se m\u00e9langent, \u00e0 la fois cocasse, ironique et tendre, \u00e9clair\u00e9 par la fantaisie des enfants et l\u2019originalit\u00e9 de certains adultes qui les entourent.<\/p>\n<h4><span style=\"color: #ff0000;\">Le r\u00e9alisateur\u00a0\u00a0\u00a0\u00a0\u00a0\u00a0<\/span><\/h4>\n<p style=\"text-align: justify;\">Jo\u00e3o Ribeiro est n\u00e9 en 1962, au Mozambique. De 1982 \u00e0 1989, il a travaill\u00e9 pour la T\u00e9l\u00e9vision exp\u00e9rimentale mozambicaine (TVE) et l\u2019Institut national du cin\u00e9ma (INC). En 1990, il se rend \u00e0 Cuba pour \u00e9tudier le cin\u00e9ma \u00e0 l\u2019\u00c9cole internationale de cin\u00e9ma et de t\u00e9l\u00e9vision de San Antonio de los Ba\u00f1os (EICTV). Son premier court m\u00e9trage mozambicain, <em>Fogata<\/em>, est une adaptation d\u2019une nouvelle de Mia Couto. En 1992, il rejoint la compagnie de production Ebano multimedia et y r\u00e9alise\u00a0\u00ab Le<em> regard des<\/em> <em>\u00e9toiles\u00a0\u00bb.<\/em> En 2011, son premier long m\u00e9trage, <em>\u00ab Le dernier vol du flamant<\/em> <em>rose<\/em>\u00a0\u00bb\u00a0\u00a0 est pr\u00e9sent\u00e9 au FESPACO<em>.<\/em> Jo\u00e3o Ribeiro a \u00e9galement travaill\u00e9 comme producteur en \u00a0ligne, directeur de production et coproducteur au Mozambique et \u00e0 l\u2019\u00e9tranger.<\/p>\n","protected":false},"excerpt":{"rendered":"<p>&lsquo;sDe Jo\u00e3o Ribeiro \u2013 Mozambique\/Portugal \u2013 2020 &#8211; 94 min \u2013 fiction \u2013 couleur \u2013 VO portugais STF S\u00e9lectionn\u00e9 en 2021 pour le Festival du film africain de Luxor et [&hellip;]<\/p>\n","protected":false},"author":1,"featured_media":0,"parent":26,"menu_order":0,"comment_status":"closed","ping_status":"closed","template":"","meta":{"footnotes":""},"class_list":["post-669","page","type-page","status-publish","hentry"],"jetpack_sharing_enabled":true,"jetpack_shortlink":"https:\/\/wp.me\/P7C6tF-aN","jetpack-related-posts":[{"id":663,"url":"https:\/\/asurb.com\/asurb3\/?page_id=663","url_meta":{"origin":669,"position":0},"title":"Dix mille neuf cent quarante neuf (10949) femmes","author":"webmaster","date":"14 juin 2016","format":false,"excerpt":"De Nassima GUESSOUM - 75 min - Alg\u00e9rie - 2014 De Nassima GUESSOUM - Alg\u00e9rie - 2014 - 75 min - documentaire - couleur - DCP -\u00a0 version originale en fran\u00e7ais et en arabe sous-titr\u00e9e en fran\u00e7ais Sc\u00e9nario : Nassima GUESSOUM - Image : Houssem BOKHARI, Nassima GUESSOUM - Son:\u2026","rel":"","context":"Article similaire","block_context":{"text":"Article similaire","link":""},"img":{"alt_text":"","src":"","width":0,"height":0},"classes":[]},{"id":694,"url":"https:\/\/asurb.com\/asurb3\/?page_id=694","url_meta":{"origin":669,"position":1},"title":"Lamb","author":"webmaster","date":"15 juin 2016","format":false,"excerpt":"De Yared Zeleke - 94 min - Ethiopie - 2014 fiction - VO STF - DCP Sc\u00e9nario\/dialogues : Yared Zeleke - Image: Jos\u00e9e Deshaies - Montage: V\u00e9ronique Bruque\u00a0 - Son : Till Heinrich Rollinghoff - Musique : Christophe Chassol Production: Dublin Films - EZEF - Gloria Films Production - T\u2026","rel":"","context":"Article similaire","block_context":{"text":"Article similaire","link":""},"img":{"alt_text":"","src":"","width":0,"height":0},"classes":[]},{"id":3752,"url":"https:\/\/asurb.com\/asurb3\/?page_id=3752","url_meta":{"origin":669,"position":2},"title":"Mistida","author":"webmaster","date":"4 septembre 2023","format":false,"excerpt":"De Falcao NHAGA - Cap Vert \u2013 2022 \u2013 30 min \u2013fiction \u2013VO portugais\/cr\u00e9oleSTF Nomin\u00e9 \u00e0 la Cinef \u00e0 Cannes 2023 (s\u00e9lection de films d\u2019\u00e9coles)-IndieLisboa International Independent Film Festival 2023\u00a0:Grand Prix du court m\u00e9trage Sc\u00e9nario : Pedro Cabral et FalcaoNhaga, Image : Carolina Abreu, Son : Diogo Albarran, Montage :\u2026","rel":"","context":"Article similaire","block_context":{"text":"Article similaire","link":""},"img":{"alt_text":"","src":"","width":0,"height":0},"classes":[]},{"id":4547,"url":"https:\/\/asurb.com\/asurb3\/?page_id=4547","url_meta":{"origin":669,"position":3},"title":"Hanami","author":"webmaster","date":"2 septembre 2025","format":false,"excerpt":"De Denise FERNANDES - Cap-Vert, Suisse, Portugal - \u00a02024 - 96 min \u2013 fiction - VO cr\u00e9ole cap-verdien STF Fiche technique Sc\u00e9nario\u00a0: Denise Fernandes, Telmo Churro \u2013Image : Alana Mej\u00eda Gonz\u00e1lez \u2013 Son : Henri Ma\u00efkoff \u2013 Musique : Rahel Zimmermann - Montage : Selin Dettwiler - D\u00e9cors Math\u00e9 (Rafael\u2026","rel":"","context":"Article similaire","block_context":{"text":"Article similaire","link":""},"img":{"alt_text":"","src":"https:\/\/i0.wp.com\/asurb.com\/asurb3\/wp-content\/uploads\/2025\/10\/poster_big-212x300.jpg?resize=350%2C200&ssl=1","width":350,"height":200},"classes":[]},{"id":3745,"url":"https:\/\/asurb.com\/asurb3\/?page_id=3745","url_meta":{"origin":669,"position":4},"title":"Father&rsquo;s day (Le jour du p\u00e8re)","author":"webmaster","date":"1 septembre 2023","format":false,"excerpt":"De Kivu RUHORAHOZA - Rwanda \u2013 2022 \u2013 1h51 \u2013 fiction \u2013 couleur \u2013 VOSTF. Sc\u00e9nario : Kivu Ruhorahoza ; Images : Tat\u00e9 ; Montage : Kivu Ruhorahoza ; Musique : Michael Makembe\u00a0; Son : Eugene Safali, Jan Meinema\u00a0; D\u00e9cor\u00a0: Ricardo Sankara ; Costumes\u00a0: Sonia Uwimbabazi ;Interpr\u00e9tation : M\u00e9diatrice Kayitesi\u2026","rel":"","context":"Article similaire","block_context":{"text":"Article similaire","link":""},"img":{"alt_text":"","src":"","width":0,"height":0},"classes":[]},{"id":4559,"url":"https:\/\/asurb.com\/asurb3\/?page_id=4559","url_meta":{"origin":669,"position":5},"title":"Le lac bleu","author":"webmaster","date":"6 septembre 2025","format":false,"excerpt":"De Daoud ALOUAD-SYAD \u2013 Maroc \u2013 2024 \u2013 85min \u2013 fiction \u2013 VO arabe STF Fiche technique Sc\u00e9nario\u00a0: Daoud Aoulad-Syad, Adelmjid Seddati, El Houssain Chani \u2013Image\u00a0: Ali Benjelloun - Montage Tarik Amrani, Daoud Aoulad-Syad - Son\u00a0: Abdelaaziz Ghassine, Sara Kaddouri, - Musique\u00a0: Mourad Zdaidate -Costumes\u00a0: Assia Isma\u00efli \u2013Interpr\u00e9tation\u00a0: Mohamed Khouyi,\u2026","rel":"","context":"Article similaire","block_context":{"text":"Article similaire","link":""},"img":{"alt_text":"","src":"https:\/\/i0.wp.com\/asurb.com\/asurb3\/wp-content\/uploads\/2025\/10\/MV5BNDZlY2IwNTctYWVkZC00MGY2LWI3ZWEtNGY4NjQ2MjExODRhXkEyXkFqcGc%40._V1_FMjpg_UX1000_-212x300.jpg?resize=350%2C200&ssl=1","width":350,"height":200},"classes":[]}],"_links":{"self":[{"href":"https:\/\/asurb.com\/asurb3\/index.php?rest_route=\/wp\/v2\/pages\/669","targetHints":{"allow":["GET"]}}],"collection":[{"href":"https:\/\/asurb.com\/asurb3\/index.php?rest_route=\/wp\/v2\/pages"}],"about":[{"href":"https:\/\/asurb.com\/asurb3\/index.php?rest_route=\/wp\/v2\/types\/page"}],"author":[{"embeddable":true,"href":"https:\/\/asurb.com\/asurb3\/index.php?rest_route=\/wp\/v2\/users\/1"}],"replies":[{"embeddable":true,"href":"https:\/\/asurb.com\/asurb3\/index.php?rest_route=%2Fwp%2Fv2%2Fcomments&post=669"}],"version-history":[{"count":7,"href":"https:\/\/asurb.com\/asurb3\/index.php?rest_route=\/wp\/v2\/pages\/669\/revisions"}],"predecessor-version":[{"id":3072,"href":"https:\/\/asurb.com\/asurb3\/index.php?rest_route=\/wp\/v2\/pages\/669\/revisions\/3072"}],"up":[{"embeddable":true,"href":"https:\/\/asurb.com\/asurb3\/index.php?rest_route=\/wp\/v2\/pages\/26"}],"wp:attachment":[{"href":"https:\/\/asurb.com\/asurb3\/index.php?rest_route=%2Fwp%2Fv2%2Fmedia&parent=669"}],"curies":[{"name":"wp","href":"https:\/\/api.w.org\/{rel}","templated":true}]}}