{"id":678,"date":"2016-06-15T00:16:56","date_gmt":"2016-06-14T22:16:56","guid":{"rendered":"http:\/\/www.test.asurb.com\/?page_id=678"},"modified":"2016-06-15T00:18:21","modified_gmt":"2016-06-14T22:18:21","slug":"des-etoiles","status":"publish","type":"page","link":"https:\/\/asurb.com\/asurb3\/?page_id=678","title":{"rendered":"Des \u00e9toiles"},"content":{"rendered":"<p style=\"text-align: justify;\"><strong>De Dyana GAYE &#8211; 88 min\u00a0 &#8211; S\u00e9n\u00e9gal\/France &#8211; 2013 &#8211; fiction &#8211; couleur &#8211; VO\u00a0 anglais,italien, wolof, fran\u00e7ais STF &#8211; DCP<\/strong><\/p>\n<p>R\u00e9alisation Dyana GAYE. Sc\u00e9nario : C\u00e9cile Vargaftig et Dyana Gaye ; Image : Irina Lubtchansky ; Musique : Baptiste Bouquin ; Montage : Gwen Mallauran ; Interpr\u00e9tation : Souleymane Seye Ndiaye, Mari\u00e8me Demba Ly, Ralph Amoussou, Babacar M&rsquo;Baye Fall, Mata Gabin, Maya Sansa ; Sokhna Niang ;<br \/>\nProduction : Andolfi Production ; Distribution : Haut et Court Distribution, 38, rue des Martyrs 75009 Paris,tel : 01 55 31 27 64 courriel: programmation@hautetcourt.com<br \/>\nGrand prix du jury et prix du public au festival Premiers plans d&rsquo;Angers 2014.<\/p>\n<h4 style=\"text-align: justify;\"><span style=\"color: #ff0000;\">Synopsis<\/span><\/h4>\n<p style=\"text-align: justify;\">Entre Turin, Dakar et New-York, les destins de Sophie, Abdouleye et Thierno, se croisent, se font \u00e9cho et dessinent une constellation de l&rsquo;exil. Sophie, quitte Dakar pour rejoindre son mari Abdoulaye \u00e0 Turin mais entre-temps il est d\u00e9j\u00e0 parti \u00e0 New-York avec son cousin par l&rsquo;interm\u00e9diaire d&rsquo;un r\u00e9seau de passeurs. A l&rsquo;occasion de l&rsquo;enterrement de son mari, Mame Amy la new-yorkaise, revient \u00e0 Dakar accompagn\u00e9e de son fils Thierno, 19 ans, dont c&rsquo;est le premier voyage en Afrique. A travers ces personnages, \u00a0\u00bb Des \u00e9toiles \u00a0\u00bb nous fait voyager dans la diversit\u00e9 des villes parcourues et nous confronte aux r\u00e9alit\u00e9s et aux espoirs de l&rsquo;\u00e9migration contemporaine.\u00a0\u00bbL&rsquo;id\u00e9e n&rsquo;est pas de fixer une identit\u00e9 africaine ou s\u00e9n\u00e9galaise, dit Dyana Gaye, mais plut\u00f4t d&rsquo;en saisir le mouvement, avec ici le d\u00e9placement et la circulation comme principe d&rsquo;invention&#8230; \u00a0\u00bb<br \/>\n\u00a0\u00bb Le film esquisse des th\u00e8mes d\u00e9licats( pr\u00e9carit\u00e9 des sans-papiers, solitude, exclusion sociale), mais\u00a0 avec douceur et une confiance dans l&rsquo;avenir d\u00e9nu\u00e9e de pathos comme de tout ang\u00e9lisme \u00a0\u00bb (J.Morice T\u00e9l\u00e9rama).<\/p>\n<h4 style=\"text-align: justify;\"><span style=\"color: #ff0000;\">La r\u00e9alisatrice<\/span><\/h4>\n<p style=\"text-align: justify;\">Dyana Gaye, n\u00e9e en 1975, titulaire d&rsquo; une Ma\u00eetrise d&rsquo;\u00e9tudes cin\u00e9matographiques \u00e0 l&rsquo;Universit\u00e9 Paris 8 Saint-Denis, a d\u00e9j\u00e0 derri\u00e8re elle une riche carri\u00e8re cin\u00e9matographique. En 1999, elle est laur\u00e9ate de la bourse Louis Lumi\u00e8re pour son sc\u00e9nario Une femme pour Souleymane, tourn\u00e9\u00a0 l&rsquo;ann\u00e9e suivante, qui sera distingu\u00e9 dans plusieurs festivals. En 2004, elle r\u00e9alise J&rsquo;ai deux amours pour la s\u00e9rie Paris la m\u00e9tisse. Le court-m\u00e9trage Deweneti (2006) conna\u00eet une large diffusion nationale et internationale et re\u00e7oit de nombreuses r\u00e9compenses. Une com\u00e9die musicale, Transport en commun, obtient en 2010 le prix du meilleur court-m\u00e9trage au Festival de films de femmes de Cr\u00e9teil et au festival de Milan apr\u00e8s l&rsquo;avoir obtenu \u00e0 Duba\u00ef en 2009. Alors que Des \u00e9toiles\u00a0 a \u00e9t\u00e9\u00a0 r\u00e9compens\u00e9 \u00e0\u00a0 Angers, un court-m\u00e9trage musical, Un conte de la Goutte d&rsquo;or est s\u00e9lectionn\u00e9 \u00e0 Cannes en 2014 dans le cadre des talents Adami. Il re\u00e7oit le prix France Culture Cin\u00e9ma dans la cat\u00e9gorie \u00a0\u00bb r\u00e9v\u00e9lation \u00ab\u00a0.<br \/>\nCette jeune r\u00e9alisatrice de p\u00e8re s\u00e9n\u00e9galais et de m\u00e8re franco-italo-malienne, a toujours affirm\u00e9 la richesse des m\u00e9tissages culturels, les vertus des d\u00e9placements g\u00e9ographiques et l&rsquo;importance de la musique dans l&rsquo;\u00e9laboration de ses films.<\/p>\n","protected":false},"excerpt":{"rendered":"<p>De Dyana GAYE &#8211; 88 min\u00a0 &#8211; S\u00e9n\u00e9gal\/France &#8211; 2013 &#8211; fiction &#8211; couleur &#8211; VO\u00a0 anglais,italien, wolof, fran\u00e7ais STF &#8211; DCP R\u00e9alisation Dyana GAYE. Sc\u00e9nario : C\u00e9cile Vargaftig et [&hellip;]<\/p>\n","protected":false},"author":1,"featured_media":0,"parent":26,"menu_order":0,"comment_status":"closed","ping_status":"closed","template":"","meta":{"footnotes":""},"class_list":["post-678","page","type-page","status-publish","hentry"],"jetpack_sharing_enabled":true,"jetpack_shortlink":"https:\/\/wp.me\/P7C6tF-aW","jetpack-related-posts":[{"id":480,"url":"https:\/\/asurb.com\/asurb3\/?page_id=480","url_meta":{"origin":678,"position":0},"title":"Un transport en commun","author":"webmaster","date":"5 juin 2016","format":false,"excerpt":"De Dyana GAYE - 48 min - France \/ S\u00e9n\u00e9gal - 2009 Com\u00e9die musicale - 35mm - couleur - version originale en fran\u00e7ais\/wolof\/italien sous-titr\u00e9e en fran\u00e7ais. Sc\u00e9nario : Dyana Gaye ; Image : Irina Lubtchansky ; Montage : Gwen Mallauran ; Son : Dimitri Haulet ; Musique : Baptiste Bouquin\u2026","rel":"","context":"Article similaire","block_context":{"text":"Article similaire","link":""},"img":{"alt_text":"Transport_Fiche2010","src":"https:\/\/i0.wp.com\/asurb.com\/asurb3\/wp-content\/uploads\/2016\/06\/Transport_Fiche2010.jpg?resize=350%2C200&ssl=1","width":350,"height":200},"classes":[]},{"id":148,"url":"https:\/\/asurb.com\/asurb3\/?page_id=148","url_meta":{"origin":678,"position":1},"title":"Deweneti","author":"webmaster","date":"3 juin 2016","format":false,"excerpt":"Fiction - couleur - 35mm - version originale en wolof sous-titr\u00e9e en Fran\u00e7ais Sc\u00e9nario : R\u00e9mi Mazet ; Images : R\u00e9mi Mazet ; Montage : Gwenaelle Mallauran ; Musique : Baptiste Bouquin ; Son : Alioune Mbow, Romain Le Bras ; Interpr\u00e9tation : Abbasse Ba, El Hadj Dieng, Nianga Diop,\u2026","rel":"","context":"Article similaire","block_context":{"text":"Article similaire","link":""},"img":{"alt_text":"Deweneti_Fiche","src":"https:\/\/i0.wp.com\/asurb.com\/asurb3\/wp-content\/uploads\/2016\/06\/Deweneti_Fiche.jpg?resize=350%2C200","width":350,"height":200},"classes":[]},{"id":513,"url":"https:\/\/asurb.com\/asurb3\/?page_id=513","url_meta":{"origin":678,"position":2},"title":"Programme 2009","author":"webmaster","date":"6 juin 2016","format":false,"excerpt":"Sommaire \u2022 S\u00e9ances ouvertes au public \u2022 S\u00e9ances r\u00e9serv\u00e9es aux scolaires \u2022 Membres du comit\u00e9 de parrainage \u2022 Remerciements \u2022 Pour se rendre sur les lieux \u2022 Les s\u00e9ances ouvertes au public Dimanche 15 novembre Soir\u00e9e Les pionniers du cin\u00e9ma nig\u00e9rien MJC Louise Michel - 94260 Fresnes 18h30 - BON\u2026","rel":"","context":"Article similaire","block_context":{"text":"Article similaire","link":""},"img":{"alt_text":"","src":"https:\/\/i0.wp.com\/asurb.com\/AsurB\/D_Images\/D_Gif_bl\/Blanc120.gif?resize=350%2C200&ssl=1","width":350,"height":200},"classes":[]},{"id":535,"url":"https:\/\/asurb.com\/asurb3\/?page_id=535","url_meta":{"origin":678,"position":3},"title":"Programme 2010","author":"webmaster","date":"6 juin 2016","format":false,"excerpt":"Sommaire \u2022 S\u00e9ances ouvertes au public \u2022 S\u00e9ances scolaires \u2022 Partenaires \u2022 Membres du comit\u00e9 de parrainage \u2022 Remerciements \u2022 Pour se rendre sur les lieux \u2022 Les s\u00e9ances ouvertes au public Samedi 13 novembre Cin\u00e9ma La Pl\u00e9iade - 94230 Cachan 18h00 - L\u2019ABSENCE Long-m\u00e9trage de Mama KE\u00cfTA - 81\u2026","rel":"","context":"Article similaire","block_context":{"text":"Article similaire","link":""},"img":{"alt_text":"","src":"https:\/\/i0.wp.com\/asurb.com\/AsurB\/D_Images\/D_Gif_bl\/Blanc120.gif?resize=350%2C200&ssl=1","width":350,"height":200},"classes":[]},{"id":113,"url":"https:\/\/asurb.com\/asurb3\/?page_id=113","url_meta":{"origin":678,"position":4},"title":"Festival 2010","author":"webmaster","date":"3 juin 2016","format":false,"excerpt":"Du 13 au 27 novembre 2010, l'association Afrique sur Bi\u00e8vre organise la 4\u00e8me \u00e9dition du CINE REGARDS AFRICAINS \u2013 Films en Festival Dans quatre salles Cin\u00e9ma la Pl\u00e9iade - 94230 CACHAN Maison Pour Tous G\u00e9rard Philippe - 94800 VILLEJUIF MJC de Fresnes - 94260 FRESNES Espace municipal Jean Vilar -\u2026","rel":"","context":"Article similaire","block_context":{"text":"Article similaire","link":""},"img":{"alt_text":"","src":"","width":0,"height":0},"classes":[]},{"id":531,"url":"https:\/\/asurb.com\/asurb3\/?page_id=531","url_meta":{"origin":678,"position":5},"title":"Journal de bord 2009","author":"webmaster","date":"6 juin 2016","format":false,"excerpt":"Notre association Afrique sur Bi\u00e8vre porte particuli\u00e8rement bien son nom cette ann\u00e9e puisque la troisi\u00e8me \u00e9dition de Cin\u00e9 Regards africains a \u00e9largi son aire de diffusion en se promenant dans quatre villes sur sept de l\u2019agglom\u00e9ration du Val de Bi\u00e8vre, suivant en somme le trajet de la navette locale, \u00ab\u2026","rel":"","context":"Article similaire","block_context":{"text":"Article similaire","link":""},"img":{"alt_text":"","src":"https:\/\/i0.wp.com\/asurb.com\/AsurB\/D_Medias\/Affiche_Sim.jpg?resize=350%2C200&ssl=1","width":350,"height":200},"classes":[]}],"_links":{"self":[{"href":"https:\/\/asurb.com\/asurb3\/index.php?rest_route=\/wp\/v2\/pages\/678","targetHints":{"allow":["GET"]}}],"collection":[{"href":"https:\/\/asurb.com\/asurb3\/index.php?rest_route=\/wp\/v2\/pages"}],"about":[{"href":"https:\/\/asurb.com\/asurb3\/index.php?rest_route=\/wp\/v2\/types\/page"}],"author":[{"embeddable":true,"href":"https:\/\/asurb.com\/asurb3\/index.php?rest_route=\/wp\/v2\/users\/1"}],"replies":[{"embeddable":true,"href":"https:\/\/asurb.com\/asurb3\/index.php?rest_route=%2Fwp%2Fv2%2Fcomments&post=678"}],"version-history":[{"count":6,"href":"https:\/\/asurb.com\/asurb3\/index.php?rest_route=\/wp\/v2\/pages\/678\/revisions"}],"predecessor-version":[{"id":711,"href":"https:\/\/asurb.com\/asurb3\/index.php?rest_route=\/wp\/v2\/pages\/678\/revisions\/711"}],"up":[{"embeddable":true,"href":"https:\/\/asurb.com\/asurb3\/index.php?rest_route=\/wp\/v2\/pages\/26"}],"wp:attachment":[{"href":"https:\/\/asurb.com\/asurb3\/index.php?rest_route=%2Fwp%2Fv2%2Fmedia&parent=678"}],"curies":[{"name":"wp","href":"https:\/\/api.w.org\/{rel}","templated":true}]}}