{"id":694,"date":"2016-06-15T00:03:38","date_gmt":"2016-06-14T22:03:38","guid":{"rendered":"http:\/\/www.test.asurb.com\/?page_id=694"},"modified":"2016-06-15T00:03:38","modified_gmt":"2016-06-14T22:03:38","slug":"lamb","status":"publish","type":"page","link":"https:\/\/asurb.com\/asurb3\/?page_id=694","title":{"rendered":"Lamb"},"content":{"rendered":"<p style=\"text-align: justify;\"><strong>De Yared Zeleke &#8211; 94 min &#8211; Ethiopie &#8211; 2014 fiction &#8211; VO STF &#8211; DCP<\/strong><\/p>\n<p>Sc\u00e9nario\/dialogues : Yared Zeleke &#8211; Image: Jos\u00e9e Deshaies &#8211; Montage: V\u00e9ronique Bruque\u00a0 &#8211; Son : Till Heinrich Rollinghoff &#8211; Musique : Christophe Chassol<br \/>\nProduction: Dublin Films &#8211; EZEF &#8211; Gloria Films Production &#8211; T : 0142214211 &#8211; mel@gloria films.fr<br \/>\nDistribution France : Haut et Court &#8211; 0155312727 &#8211; www.hautetcourt.com<br \/>\nFestival de Cannes 2015 : s\u00e9lection officielle Un Certain Regard<br \/>\nS\u00e9lection au Festival de Toronto 2015<\/p>\n<h4 style=\"text-align: justify;\"><span style=\"color: #ff0000;\">Synopsis<\/span><\/h4>\n<p style=\"text-align: justify;\">C&rsquo;est l&rsquo;histoire d&rsquo;Ephraim, un gar\u00e7on de neuf ans, et de son ins\u00e9parable brebis Chuni, dans les terres volcaniques d&rsquo;\u00c9thiopie. L&rsquo;attachement d&rsquo;Ephraim pour Chuni a grandi avec la mort de sa m\u00e8re lors des famines de l&rsquo;ann\u00e9e pr\u00e9c\u00e9dente. Son p\u00e8re l&rsquo;envoie alors, accompagn\u00e9 de sa brebis, chez des parents \u00e9loign\u00e9s dans une r\u00e9gion plus verte du pays, loin de leur terre natale d\u00e9vast\u00e9e par la s\u00e9cheresse. Ephraim se sent exil\u00e9, souffre du mal du pays et ne rencontre que des ennuis. Quand son oncle lui ordonne d&rsquo;abattre sa brebis pour la f\u00eate \u00e0 venir, il \u00e9labore un stratag\u00e8me pour sauver Chuni et retourner chez lui.<br \/>\nN\u00e9 \u00e0 Addis-Abeba dans les bidonvilles, Yared Zeleke \u00e9voque dans ce long m\u00e9trage semi-autobiographique, d\u00e9di\u00e9 \u00e0 sa grand-m\u00e8re qui l&rsquo;a \u00e9lev\u00e9, un pan de l&rsquo;histoire tragique qui secoua son pays dans les ann\u00e9es 1980 avec des guerres civiles et une terrible famine. Une histoire simple entre r\u00e9alisme, fable et fantastique, trait\u00e9e sur un rythme doux, enrichie d&rsquo; images de paysages superbes et de notations documentaires sur la vie rurale de l&rsquo;Ethiopie des ann\u00e9es 1980.<\/p>\n<h4 style=\"text-align: justify;\"><span style=\"color: #ff0000;\">Le r\u00e9alisateur<\/span><\/h4>\n<p style=\"text-align: justify;\">Yared Zeleke, n\u00e9 \u00e0 Addis-Abeba en Ethiopie en 1978,\u00a0 a grandi aux Etats Unis o\u00f9 il a effectu\u00e9 des \u00e9tudes de cin\u00e9ma \u00e0 la Tisch School of the Arts de l&rsquo;Universit\u00e9 de New York, avec sp\u00e9cialisation en \u00e9criture et r\u00e9alisation. Il est \u00e9galement titulaire d&rsquo;un dipl\u00f4me en D\u00e9veloppement international.<br \/>\nIl a travaill\u00e9 pour un certain nombre d&rsquo;ONG aux \u00c9tats-Unis, Ethiopie, Namibie et Norv\u00e8ge, avant de se lancer dans une carri\u00e8re de r\u00e9alisateur. Yared Zeleke a \u00e9crit, produit, r\u00e9alis\u00e9 et \u00e9dit\u00e9 plusieurs courts m\u00e9trages documentaires (Allula, Tigist) et de fiction (Housewarming). Il a \u00e9galement travaill\u00e9 avec le r\u00e9alisateur am\u00e9ricano-turc Joshua Atesh Litle, sur le documentaire Furious Force of Rhymes qui a re\u00e7u de nombreuses r\u00e9compenses.<br \/>\nRevenu en\u00a0 Ethiopie il a r\u00e9alis\u00e9 des films documentaires pour l&rsquo;Organisation de d\u00e9veloppement industriel des Nations Unies et a cr\u00e9\u00e9 sa propre soci\u00e9t\u00e9 de production Slum Kids Films.<\/p>\n","protected":false},"excerpt":{"rendered":"<p>De Yared Zeleke &#8211; 94 min &#8211; Ethiopie &#8211; 2014 fiction &#8211; VO STF &#8211; DCP Sc\u00e9nario\/dialogues : Yared Zeleke &#8211; Image: Jos\u00e9e Deshaies &#8211; Montage: V\u00e9ronique Bruque\u00a0 &#8211; Son [&hellip;]<\/p>\n","protected":false},"author":1,"featured_media":0,"parent":26,"menu_order":0,"comment_status":"closed","ping_status":"closed","template":"","meta":{"footnotes":""},"class_list":["post-694","page","type-page","status-publish","hentry"],"jetpack_sharing_enabled":true,"jetpack_shortlink":"https:\/\/wp.me\/P7C6tF-bc","jetpack-related-posts":[{"id":4261,"url":"https:\/\/asurb.com\/asurb3\/?page_id=4261","url_meta":{"origin":694,"position":0},"title":"I Promise You Paradise (Paradis)","author":"webmaster","date":"28 octobre 2024","format":false,"excerpt":"de Morad Mostafa - \u00c9gypte \/ France \/ Qatar -\u00a0 2023 25\u2032 VO arabe ST fr R\u00e9alisation : Morad Mostafa - sc\u00e9nario : Morad Mostafa & Sawsan YusufProduction d\u00e9l\u00e9gu\u00e9e : Sawsan Yusuf (Bonanza Films) Production \u00e9trang\u00e8re : Margaux Lorier (Wrong films), Baho Baksh & Safei Eldin Mahmoud (Red Star Films)Co-production\u2026","rel":"","context":"Article similaire","block_context":{"text":"Article similaire","link":""},"img":{"alt_text":"","src":"https:\/\/i0.wp.com\/asurb.com\/asurb3\/wp-content\/uploads\/2024\/10\/I-promise-you-paradise-202x300.png?resize=350%2C200&ssl=1","width":350,"height":200},"classes":[]},{"id":3017,"url":"https:\/\/asurb.com\/asurb3\/?page_id=3017","url_meta":{"origin":694,"position":1},"title":"Les tissus blancs (Ser Bi)","author":"webmaster","date":"2 septembre 2021","format":false,"excerpt":"De\u00a0\u00a0Moly Kane \u2013 S\u00e9n\u00e9gal \/France - 2020\u2013 20 min \u2013 fiction \u2013 couleur \u2013 VO\u00a0wolof STF . Sc\u00e9nario : Moly Kane & Emma Cascales & Romain Le Bonniec \u00a0-\u00a0 Image\u00a0:Romain Le Bonniec - Son\u00a0: Michel Tsagli \u2013 Montage son\u00a0: Rym Debbarh-Mounir \u2013 Montage\u00a0: C\u00e9cile Dessertine -\u00a0 Musique\u00a0: Cheik Seye -\u2026","rel":"","context":"Article similaire","block_context":{"text":"Article similaire","link":""},"img":{"alt_text":"","src":"","width":0,"height":0},"classes":[]},{"id":457,"url":"https:\/\/asurb.com\/asurb3\/?page_id=457","url_meta":{"origin":694,"position":2},"title":"Timpoko","author":"webmaster","date":"5 juin 2016","format":false,"excerpt":"De Serge Armel SAWADOGO - 14 min - Burkina Faso - 2008 Fiction - couleur - 35mm - version originale sous-titr\u00e9e en fran\u00e7ais Sc\u00e9nario : Serge Armel Sawadogo ; Image : Paul Djibila ; Montage : Marjorie Mirailh ; Musique : Aboubacar Sanfo ; Son : Issa Traor\u00e9 ; D\u00e9cor\u2026","rel":"","context":"Article similaire","block_context":{"text":"Article similaire","link":""},"img":{"alt_text":"Timpoko_Fiche2010","src":"https:\/\/i0.wp.com\/asurb.com\/asurb3\/wp-content\/uploads\/2016\/06\/Timpoko_Fiche2010.jpg?resize=350%2C200&ssl=1","width":350,"height":200},"classes":[]},{"id":4255,"url":"https:\/\/asurb.com\/asurb3\/?page_id=4255","url_meta":{"origin":694,"position":3},"title":"Better Than Earth","author":"webmaster","date":"28 octobre 2024","format":false,"excerpt":"De Sherif EL BENDARY - Egypte\/Su\u00e8de\/France - 2024 - 23 min - fiction - VO arabe STF Sc\u00e9nario : Sherif El Bendary\/Murad Mustafa - Montage : Julien Perrin - Photographie : Seif Eldin Khaled - Interpr\u00e9tation : \u00a0Sarah Shedid, Fayza Othman, Ahmed Ismael - Production : Les Cigognes Films, Studio\u2026","rel":"","context":"Article similaire","block_context":{"text":"Article similaire","link":""},"img":{"alt_text":"","src":"https:\/\/i0.wp.com\/asurb.com\/asurb3\/wp-content\/uploads\/2024\/10\/better_than_earth-211x300.webp?resize=350%2C200&ssl=1","width":350,"height":200},"classes":[]},{"id":3362,"url":"https:\/\/asurb.com\/asurb3\/?page_id=3362","url_meta":{"origin":694,"position":4},"title":"Le bleu du caftan","author":"webmaster","date":"20 ao\u00fbt 2022","format":false,"excerpt":"De Maryam TOUZANI- Maroc - 2022 - 124 min - fiction \u2013 couleur- VO arabe STF Prix de la Critique Internationale (FIPRESCI) du Festival de Cannes 2022 dans la section Un Certain Regard. Sc\u00e9nario : Maryam Touzani en collaboration avec Nabil Ayouch \u2013 Image : Virginie Surdej \u2013 Son :\u2026","rel":"","context":"Article similaire","block_context":{"text":"Article similaire","link":""},"img":{"alt_text":"","src":"","width":0,"height":0},"classes":[]},{"id":692,"url":"https:\/\/asurb.com\/asurb3\/?page_id=692","url_meta":{"origin":694,"position":5},"title":"La sir\u00e8ne de Faso Fani","author":"webmaster","date":"15 juin 2016","format":false,"excerpt":"De Michel K. ZONGO\u00a0 - 90\u00a0 min - Burkina Faso - 2015 - documentaire - VO STF - DCP Sc\u00e9nario : Michel K. Zongo - Image: Michel K. Zongo - Montage: Fran\u00e7ois Sculier - Son: Moumouni Jupiter Sodr\u00e9 - Musique originale: Smokey Production: Cin\u00e9doc films - Diam Production - Perfect\u2026","rel":"","context":"Article similaire","block_context":{"text":"Article similaire","link":""},"img":{"alt_text":"","src":"","width":0,"height":0},"classes":[]}],"_links":{"self":[{"href":"https:\/\/asurb.com\/asurb3\/index.php?rest_route=\/wp\/v2\/pages\/694","targetHints":{"allow":["GET"]}}],"collection":[{"href":"https:\/\/asurb.com\/asurb3\/index.php?rest_route=\/wp\/v2\/pages"}],"about":[{"href":"https:\/\/asurb.com\/asurb3\/index.php?rest_route=\/wp\/v2\/types\/page"}],"author":[{"embeddable":true,"href":"https:\/\/asurb.com\/asurb3\/index.php?rest_route=\/wp\/v2\/users\/1"}],"replies":[{"embeddable":true,"href":"https:\/\/asurb.com\/asurb3\/index.php?rest_route=%2Fwp%2Fv2%2Fcomments&post=694"}],"version-history":[{"count":2,"href":"https:\/\/asurb.com\/asurb3\/index.php?rest_route=\/wp\/v2\/pages\/694\/revisions"}],"predecessor-version":[{"id":700,"href":"https:\/\/asurb.com\/asurb3\/index.php?rest_route=\/wp\/v2\/pages\/694\/revisions\/700"}],"up":[{"embeddable":true,"href":"https:\/\/asurb.com\/asurb3\/index.php?rest_route=\/wp\/v2\/pages\/26"}],"wp:attachment":[{"href":"https:\/\/asurb.com\/asurb3\/index.php?rest_route=%2Fwp%2Fv2%2Fmedia&parent=694"}],"curies":[{"name":"wp","href":"https:\/\/api.w.org\/{rel}","templated":true}]}}