{"id":780,"date":"2016-06-19T23:39:39","date_gmt":"2016-06-19T21:39:39","guid":{"rendered":"http:\/\/www.test.asurb.com\/?page_id=780"},"modified":"2016-06-19T23:39:39","modified_gmt":"2016-06-19T21:39:39","slug":"touki-bouki-le-voyage-de-la-hyene","status":"publish","type":"page","link":"https:\/\/asurb.com\/asurb3\/?page_id=780","title":{"rendered":"Touki bouki (Le voyage de la Hy\u00e8ne)"},"content":{"rendered":"<p style=\"text-align: justify;\"><strong>De Djibril DIOP MAMBETY &#8211; 87 min &#8211; S\u00e9n\u00e9gal -1973\u00a0 &#8211; fiction &#8211; couleur &#8211; VO wolof STF &#8211; DVD<\/strong><\/p>\n<p>Sc\u00e9nario : Djibril DIOP Mamb\u00e9ty ; Image : Pap Samba Sow, Georges Bracher ; Montage Siro Asteni, Emma Mennenti ; Musique Jos\u00e9phine Baker, Mado Robin, Aminata Fall ; Son : El Hadji Mbow ; D\u00e9cors et costumes : Aziz Diop Mamb\u00e9ty ;<br \/>\nInterpr\u00e9tation : Magaye Niang,\u00a0 Mareme Niang,\u00a0 Aminata Fall, Ousseynou Diop ; Production : Cinegrit, Studio Kankourama ; Distribution : Carlotta films.<br \/>\nS\u00e9lectionn\u00e9 au Festival de Cannes 1973.<br \/>\nPrix de la critique internationale (FIPRESCI) au Festival international du film de Moscou 1973.<\/p>\n<h4 style=\"text-align: justify;\"><span style=\"color: #ff0000;\">Synopsis<\/span><\/h4>\n<p style=\"text-align: justify;\">Deux adolescents Mory, un berger conduisant son b\u00e9tail \u00e0 l&rsquo;abattoir et Anta, \u00e9tudiante marginale, se rencontrent et r\u00eavent de partir faire fortune en France. Ils devront se procurer l&rsquo;argent du voyage par n&rsquo;importe quel moyen. Ils feront finalement des choix diff\u00e9rents sans qu&rsquo;il y ait, selon le r\u00e9alisateur, le bon ou le mauvais choix.<br \/>\nTouki-Bouki, c&rsquo;est le d\u00e9sir d&rsquo;\u00e9vasion, c&rsquo;est aussi la peur du changement, et c&rsquo;est finalement le mouvement dans l&rsquo;immobilit\u00e9, et le r\u00eave \u00e9veill\u00e9. A la recherche d&rsquo;un langage cin\u00e9matographique nouveau, Djibril Diop restitue le cheminement mental de son h\u00e9ros par associations d&rsquo;images, de couleurs et de sons o\u00f9 se m\u00ealent pass\u00e9, pr\u00e9sent et visions fantasmatiques. C&rsquo;est \u00a0\u00bb un chef d&rsquo;\u0153uvre libre et insolent, \u00e9clatant de joie et empreint d&rsquo;une sourde m\u00e9lancolie, le plus exalt\u00e9 et le plus extraordinairement inventif des films d&rsquo;un cin\u00e9aste visionnaire et franc-tireur \u00a0\u00bb (Le Monde).<\/p>\n<h4 style=\"text-align: justify;\"><span style=\"color: #ff0000;\">Le r\u00e9alisateur<\/span><\/h4>\n<p style=\"text-align: justify;\">Djibril Diop Mamb\u00e9ty est n\u00e9 en 1945 \u00e0 Colobane pr\u00e8s de Dakar. Il fait des \u00e9tudes de th\u00e9\u00e2tre et joue en tant qu&rsquo;acteur au Th\u00e9\u00e2tre National Daniel Sorano et dans quelques films s\u00e9n\u00e9galais et italiens. En 1969, il r\u00e9alise Contras&rsquo;City, le premier film africain comique, suivi en 1970 de Badou Boy, un moyen m\u00e9trage en partie autobiographique. Touki Bouki\u00a0 est s\u00e9lectionn\u00e9 \u00e0 Cannes en 1973 et re\u00e7oit le prix de la critique internationale \u00e0 Moscou. Apr\u00e8s un documentaire Parlons Grand-m\u00e8re (1989) le cin\u00e9aste revient \u00e0 la fiction en 1992 avec Hy\u00e8nes (film s\u00e9lectionn\u00e9 \u00e0 Cannes) d&rsquo;apr\u00e8s la pi\u00e8ce de F.D\u00fcrrenmatt, La visite de la vieille dame. De son projet de trilogie, \u00a0\u00bb Histoire de petites gens \u00ab\u00a0, il ne pourra tourner que les deux premiers volets : Le\u00a0 Franc\u00a0 (Prix du meilleur court-m\u00e9trage au Festival de Milan 1994) et La Petite vendeuse de Soleil ( 1998). Djibril Diop Mamb\u00e9ty est d\u00e9c\u00e9d\u00e9 en juillet 1998.<\/p>\n","protected":false},"excerpt":{"rendered":"<p>De Djibril DIOP MAMBETY &#8211; 87 min &#8211; S\u00e9n\u00e9gal -1973\u00a0 &#8211; fiction &#8211; couleur &#8211; VO wolof STF &#8211; DVD Sc\u00e9nario : Djibril DIOP Mamb\u00e9ty ; Image : Pap Samba [&hellip;]<\/p>\n","protected":false},"author":1,"featured_media":0,"parent":26,"menu_order":0,"comment_status":"closed","ping_status":"closed","template":"","meta":{"footnotes":""},"class_list":["post-780","page","type-page","status-publish","hentry"],"jetpack_sharing_enabled":true,"jetpack_shortlink":"https:\/\/wp.me\/P7C6tF-cA","jetpack-related-posts":[{"id":325,"url":"https:\/\/asurb.com\/asurb3\/?page_id=325","url_meta":{"origin":780,"position":0},"title":"Le franc","author":"webmaster","date":"5 juin 2016","format":false,"excerpt":"De Djibril DIOP MAMB\u00c9TY \u2013 46 min \u2013 S\u00e9n\u00e9gal \u2013 1994 \u2013 VOSTF Fiction \u2013 couleur - 35 mm \u2013 Version originale en wolof, sous titr\u00e9e en fran\u00e7ais Poulain d\u2019or de Yennenga au FESPACO* 1995 Sc\u00e9nario : Djibril Diop Mamb\u00e9ty ; Images, Stephan Oriach ; Musique : Dieye Ma Dieye,\u2026","rel":"","context":"Article similaire","block_context":{"text":"Article similaire","link":""},"img":{"alt_text":"LeBlanc_Fiche","src":"https:\/\/i0.wp.com\/asurb.com\/asurb3\/wp-content\/uploads\/2016\/06\/LeBlanc_Fiche.jpg?resize=350%2C200&ssl=1","width":350,"height":200},"classes":[]},{"id":235,"url":"https:\/\/asurb.com\/asurb3\/?page_id=235","url_meta":{"origin":780,"position":1},"title":"Hy\u00e8nes","author":"webmaster","date":"4 juin 2016","format":false,"excerpt":"De Djibril DIOP MAMB\u00c9TY - 110 min \u2013 S\u00e9n\u00e9gal \u2013 1992 Fiction - couleur - 35mm - version originale en wolof sous-titr\u00e9e en fran\u00e7ais Sc\u00e9nario : Djibril Diop Mamb\u00e9ty, d\u2019apr\u00e8s la pi\u00e8ce de Friedrich D\u00fcrrenmatt, \u00ab La Visite de la vieille dame \u00bb ; Image : Mathias K\u00e4lin ; Montage\u2026","rel":"","context":"Article similaire","block_context":{"text":"Article similaire","link":""},"img":{"alt_text":"Hyenes_Fiche2010","src":"https:\/\/i0.wp.com\/asurb.com\/asurb3\/wp-content\/uploads\/2016\/06\/Hyenes_Fiche2010.jpg?resize=350%2C200&ssl=1","width":350,"height":200},"classes":[]},{"id":291,"url":"https:\/\/asurb.com\/asurb3\/?page_id=291","url_meta":{"origin":780,"position":2},"title":"La petite vendeuse de soleil","author":"webmaster","date":"4 juin 2016","format":false,"excerpt":"De Djibril DIOP MAMB\u00c9TY - 43 min - S\u00e9n\u00e9gal - 1998 Fiction - couleur - 35mm - version originale en wolof sous-titr\u00e9e en fran\u00e7ais Sc\u00e9nario : Djibril Diop Mamb\u00e9ty ; Images : Jacques Besse ; Montage : Mireille Abramovici ; Musique : Wasis Diop ; Interpr\u00e9tation : Cheikh Nga\u00efdo B\u00e2,\u2026","rel":"","context":"Article similaire","block_context":{"text":"Article similaire","link":""},"img":{"alt_text":"Petite_vendeuse_Fiche","src":"https:\/\/i0.wp.com\/asurb.com\/asurb3\/wp-content\/uploads\/2016\/06\/Petite_vendeuse_Fiche.jpg?resize=350%2C200&ssl=1","width":350,"height":200},"classes":[]},{"id":2831,"url":"https:\/\/asurb.com\/asurb3\/?page_id=2831","url_meta":{"origin":780,"position":3},"title":"Atlantique","author":"webmaster","date":"10 ao\u00fbt 2020","format":false,"excerpt":"ATLANTIQUE\u00a0 - De Mati DIOP \u2013 France, S\u00e9n\u00e9gal, Belgique - 2019 - 104 mn - fiction - couleur -VO Wolof, STF- Grand prix du Festival de Cannes 2019. Sce\u0301nario : Mati Diop, Olivier Demangel - Image : Claire Mathon - Montage : A\u00eal Dallier-VegaAntoine Donnet - Musique : Fatima Al\u2026","rel":"","context":"Article similaire","block_context":{"text":"Article similaire","link":""},"img":{"alt_text":"","src":"","width":0,"height":0},"classes":[]},{"id":4445,"url":"https:\/\/asurb.com\/asurb3\/?page_id=4445","url_meta":{"origin":780,"position":4},"title":"Michel Amarger","author":"webmaster","date":"6 d\u00e9cembre 2024","format":false,"excerpt":"Michel Amarger est journaliste, critique de cin\u00e9ma, sp\u00e9cialiste des cin\u00e9mas d'Afrique, r\u00e9alisateur et enseignant cin\u00e9ma.Il a con\u00e7u depuis plusieurs ann\u00e9es, des reportages, des \u00e9missions de cin\u00e9ma notamment pour RFI.\u00a0 Consultant et programmateur pour des festivals, il coordonne d\u00e9bats et tables rondes tout en enseignant la pratique du cin\u00e9ma \u00e0 l'Universit\u00e9.Il\u2026","rel":"","context":"Article similaire","block_context":{"text":"Article similaire","link":""},"img":{"alt_text":"","src":"https:\/\/i0.wp.com\/asurb.com\/asurb3\/wp-content\/uploads\/2024\/12\/michel_amarger-300x225.jpg?resize=350%2C200&ssl=1","width":350,"height":200},"classes":[]},{"id":1907,"url":"https:\/\/asurb.com\/asurb3\/?page_id=1907","url_meta":{"origin":780,"position":5},"title":"Une place dans l\u2019avion","author":"webmaster","date":"29 novembre 2017","format":false,"excerpt":"De Khadidiatou SOW De Khadidiatou SOW \u2013 S\u00e9n\u00e9gal \u2013 20216 \u2013 16 min \u2013 fiction - couleur \u2013 VO wolof STF\u00a0\u00a0\u00a0\u00a0\u00a0\u00a0 Sc\u00e9nario\u00a0: Khadidiatou SOW \u2013 Image\u00a0: R\u00e9mi Mazet - Son : Ousmane Coly - Montage : H\u00e9lo\u00efse Pelloquet, Makha Bao Fall, Camille Virgile Andr\u00e9 Guihard - Musique et d\u00e9cors :\u2026","rel":"","context":"Article similaire","block_context":{"text":"Article similaire","link":""},"img":{"alt_text":"","src":"","width":0,"height":0},"classes":[]}],"_links":{"self":[{"href":"https:\/\/asurb.com\/asurb3\/index.php?rest_route=\/wp\/v2\/pages\/780","targetHints":{"allow":["GET"]}}],"collection":[{"href":"https:\/\/asurb.com\/asurb3\/index.php?rest_route=\/wp\/v2\/pages"}],"about":[{"href":"https:\/\/asurb.com\/asurb3\/index.php?rest_route=\/wp\/v2\/types\/page"}],"author":[{"embeddable":true,"href":"https:\/\/asurb.com\/asurb3\/index.php?rest_route=\/wp\/v2\/users\/1"}],"replies":[{"embeddable":true,"href":"https:\/\/asurb.com\/asurb3\/index.php?rest_route=%2Fwp%2Fv2%2Fcomments&post=780"}],"version-history":[{"count":2,"href":"https:\/\/asurb.com\/asurb3\/index.php?rest_route=\/wp\/v2\/pages\/780\/revisions"}],"predecessor-version":[{"id":782,"href":"https:\/\/asurb.com\/asurb3\/index.php?rest_route=\/wp\/v2\/pages\/780\/revisions\/782"}],"up":[{"embeddable":true,"href":"https:\/\/asurb.com\/asurb3\/index.php?rest_route=\/wp\/v2\/pages\/26"}],"wp:attachment":[{"href":"https:\/\/asurb.com\/asurb3\/index.php?rest_route=%2Fwp%2Fv2%2Fmedia&parent=780"}],"curies":[{"name":"wp","href":"https:\/\/api.w.org\/{rel}","templated":true}]}}