{"id":798,"date":"2016-06-20T22:54:03","date_gmt":"2016-06-20T20:54:03","guid":{"rendered":"http:\/\/www.test.asurb.com\/?page_id=798"},"modified":"2016-06-20T22:54:03","modified_gmt":"2016-06-20T20:54:03","slug":"a-tropical-sunday-dimanche-tropical","status":"publish","type":"page","link":"https:\/\/asurb.com\/asurb3\/?page_id=798","title":{"rendered":"A tropical sunday (Dimanche tropical)"},"content":{"rendered":"<p><strong>De Fabian RIBEZZO \u2013 14 min \u2013\u00a0 Mozambique \u2013 2013\u00a0 fiction \u2013 couleur \u2013 VO portugais STF<\/strong><\/p>\n<p>Sc\u00e9nario: Fabian Ribezzo ; Image : Pipas Forjaz ; Montage : Dario Zanasi, Fabian\u00a0 Ribezzo; Musique : Roland Pickl ; Son : Renato Quaresma<br \/>\nInterpr\u00e9tation : Odette Chissano, Fabiao Machava, Z\u00e9 Zimila, Batista Goca &#8211; Co-production : Silvia Bottone.<br \/>\nS\u00e9lectionn\u00e9 au Festival du court-m\u00e9trage de Clermont-Ferrand\u00a0 2014.<\/p>\n<h4><span style=\"color: #ff0000;\">Synopsis<\/span><\/h4>\n<p>Maputo au Mozambique. Lisa, Babu, Gito et Nuno vivent dans la rue. Le dimanche, ils passent leur\u00a0 journ\u00e9e \u00e0 la f\u00eate foraine esp\u00e9rant resquiller quelques tours de man\u00e8ge\u2026<\/p>\n<h4><span style=\"color: #ff0000;\">Le r\u00e9alisateur<\/span><\/h4>\n<p>Fabian Ribezzo est d&rsquo;origine argentine et vit depuis 10 ans au Mozambique.<\/p>\n","protected":false},"excerpt":{"rendered":"<p>De Fabian RIBEZZO \u2013 14 min \u2013\u00a0 Mozambique \u2013 2013\u00a0 fiction \u2013 couleur \u2013 VO portugais STF Sc\u00e9nario: Fabian Ribezzo ; Image : Pipas Forjaz ; Montage : Dario Zanasi, [&hellip;]<\/p>\n","protected":false},"author":1,"featured_media":0,"parent":26,"menu_order":0,"comment_status":"closed","ping_status":"closed","template":"","meta":{"footnotes":""},"class_list":["post-798","page","type-page","status-publish","hentry"],"jetpack_sharing_enabled":true,"jetpack_shortlink":"https:\/\/wp.me\/P7C6tF-cS","jetpack-related-posts":[{"id":577,"url":"https:\/\/asurb.com\/asurb3\/?page_id=577","url_meta":{"origin":798,"position":0},"title":"Programme 2014","author":"webmaster","date":"7 juin 2016","format":false,"excerpt":"Sommaire \u2022 S\u00e9ances ouvertes au public \u2022 S\u00e9ances scolaires \u2022 Partenaires \u2022 Membres du comit\u00e9 de parrainage \u2022 Remerciements \u2022 Pour se rendre sur les lieux \u2022 Les s\u00e9ances ouvertes au public Vendredi 21 novembre MJC Louise Michel - 94260 Fresnes 19h00 : accueil avec la chorale \u00ab La voix\u2026","rel":"","context":"Article similaire","block_context":{"text":"Article similaire","link":""},"img":{"alt_text":"","src":"https:\/\/i0.wp.com\/asurb.com\/AsurB\/D_Images\/D_Gif_bl\/Blanc120.gif?resize=350%2C200&ssl=1","width":350,"height":200},"classes":[]},{"id":795,"url":"https:\/\/asurb.com\/asurb3\/?page_id=795","url_meta":{"origin":798,"position":1},"title":"Virgem Margarida","author":"webmaster","date":"20 juin 2016","format":false,"excerpt":"De Licinio AZEVEDO - 87 min - Mozambique - 2012\u00a0 fiction - couleur - Portugais STF. Sc\u00e9nario : Licinio Azevedo, Jacques Akchoti ; Images : Mario Masini\u00a0 ; Montage : Nadia Ben Rachid ; Musique : Moreira Chongui\u00e7a ; Son : Gita Cerveira, Branko Neskov ; Interpr\u00e9tation : Sumeia Maculuva,\u2026","rel":"","context":"Article similaire","block_context":{"text":"Article similaire","link":""},"img":{"alt_text":"","src":"","width":0,"height":0},"classes":[]},{"id":2573,"url":"https:\/\/asurb.com\/asurb3\/?page_id=2573","url_meta":{"origin":798,"position":2},"title":"Mabata Bata","author":"webmaster","date":"8 octobre 2019","format":false,"excerpt":"Mabata Bata de Sol de Carvalho \u2013 Mozambique \u2013 2017 - 74 min \u2013 Fiction \u2013 VOSTF \u00a0Prix de la meilleure image et du meilleur montage au FESPACO 2019 Sc\u00e9nario : Sol de Carvalho, Jos\u00e9 Magro - Image : Jorge Quintela - Montage : Andr\u00e9 Guiomar - Son : Dinis\u2026","rel":"","context":"Article similaire","block_context":{"text":"Article similaire","link":""},"img":{"alt_text":"","src":"","width":0,"height":0},"classes":[]},{"id":669,"url":"https:\/\/asurb.com\/asurb3\/?page_id=669","url_meta":{"origin":798,"position":3},"title":"Granma nineteen and the soviet&rsquo;s secret (Grand-m\u00e8re dix-neuf et le secret du sovi\u00e9tique)","author":"webmaster","date":"14 juin 2016","format":false,"excerpt":"'sDe Jo\u00e3o Ribeiro \u2013 Mozambique\/Portugal \u2013 2020 - 94 min \u2013 fiction \u2013 couleur \u2013 VO portugais STF S\u00e9lectionn\u00e9 en 2021 pour le Festival du film africain de Luxor et le festival des cin\u00e9mas d\u2019Afrique du pays d\u2019Apt. Sc\u00e9nario\u00a0: Jo\u00e3o Nunes \u2013 Image\u00a0: Jos\u00e9 Ant\u00f3nio Loureiro \u2013 Interpr\u00e9tation\u00a0: Keanu dos\u2026","rel":"","context":"Article similaire","block_context":{"text":"Article similaire","link":""},"img":{"alt_text":"","src":"","width":0,"height":0},"classes":[]},{"id":3490,"url":"https:\/\/asurb.com\/asurb3\/?page_id=3490","url_meta":{"origin":798,"position":4},"title":"Breaking Ground","author":"webmaster","date":"8 novembre 2022","format":false,"excerpt":"De In\u00e8s Girihirwe -Rwanda\u2013 2020 \u2013 13 min - fiction - VOSTF Ce court m\u00e9trage a \u00e9t\u00e9 projet\u00e9 et r\u00e9compens\u00e9 dans plusieurs festivals de par le monde\u00a0: au Festival International du Film de Seattle (Mention Sp\u00e9ciale du Jury), au Festival du court m\u00e9trage d\u2019Uppsala (Prix Ingmar Bergman), au Festival Cin\u00e9matographique\u2026","rel":"","context":"Article similaire","block_context":{"text":"Article similaire","link":""},"img":{"alt_text":"","src":"","width":0,"height":0},"classes":[]},{"id":3503,"url":"https:\/\/asurb.com\/asurb3\/?page_id=3503","url_meta":{"origin":798,"position":5},"title":"I am afraid to forget your face (J&rsquo;ai peur d&rsquo;oublier ton visage)","author":"webmaster","date":"8 novembre 2022","format":false,"excerpt":"De Sameh Alaa- Egypte - 2020 - 15 min - fiction \u2013 VO STF Premier film \u00e9gyptien s\u00e9lectionn\u00e9 au Festival de Cannes 2020 dans la cat\u00e9gorie courts m\u00e9trages depuis 50 ans. Synopsis \u00c9loign\u00e9 de celle qu'il aime depuis 82 jours, Adam est pr\u00eat \u00e0 tout pour braver la distance qui\u2026","rel":"","context":"Article similaire","block_context":{"text":"Article similaire","link":""},"img":{"alt_text":"","src":"","width":0,"height":0},"classes":[]}],"_links":{"self":[{"href":"https:\/\/asurb.com\/asurb3\/index.php?rest_route=\/wp\/v2\/pages\/798","targetHints":{"allow":["GET"]}}],"collection":[{"href":"https:\/\/asurb.com\/asurb3\/index.php?rest_route=\/wp\/v2\/pages"}],"about":[{"href":"https:\/\/asurb.com\/asurb3\/index.php?rest_route=\/wp\/v2\/types\/page"}],"author":[{"embeddable":true,"href":"https:\/\/asurb.com\/asurb3\/index.php?rest_route=\/wp\/v2\/users\/1"}],"replies":[{"embeddable":true,"href":"https:\/\/asurb.com\/asurb3\/index.php?rest_route=%2Fwp%2Fv2%2Fcomments&post=798"}],"version-history":[{"count":3,"href":"https:\/\/asurb.com\/asurb3\/index.php?rest_route=\/wp\/v2\/pages\/798\/revisions"}],"predecessor-version":[{"id":803,"href":"https:\/\/asurb.com\/asurb3\/index.php?rest_route=\/wp\/v2\/pages\/798\/revisions\/803"}],"up":[{"embeddable":true,"href":"https:\/\/asurb.com\/asurb3\/index.php?rest_route=\/wp\/v2\/pages\/26"}],"wp:attachment":[{"href":"https:\/\/asurb.com\/asurb3\/index.php?rest_route=%2Fwp%2Fv2%2Fmedia&parent=798"}],"curies":[{"name":"wp","href":"https:\/\/api.w.org\/{rel}","templated":true}]}}