{"id":965,"date":"2016-10-08T10:48:44","date_gmt":"2016-10-08T08:48:44","guid":{"rendered":"http:\/\/www.asurb.com\/asurb3\/?page_id=965"},"modified":"2016-10-08T10:48:44","modified_gmt":"2016-10-08T08:48:44","slug":"test-slider","status":"publish","type":"page","link":"https:\/\/asurb.com\/asurb3\/?page_id=965","title":{"rendered":"test slider"},"content":{"rendered":"<p>[huge_it_slider id=\u00a0\u00bb1&Prime;]<\/p>\n","protected":false},"excerpt":{"rendered":"<p>[huge_it_slider id=\u00a0\u00bb1&Prime;]<\/p>\n","protected":false},"author":1,"featured_media":0,"parent":0,"menu_order":0,"comment_status":"closed","ping_status":"closed","template":"","meta":{"footnotes":""},"class_list":["post-965","page","type-page","status-publish","hentry"],"jetpack_sharing_enabled":true,"jetpack_shortlink":"https:\/\/wp.me\/P7C6tF-fz","jetpack-related-posts":[{"id":18,"url":"https:\/\/asurb.com\/asurb3\/?page_id=18","url_meta":{"origin":965,"position":0},"title":"Contact","author":"webmaster","date":"31 mai 2016","format":false,"excerpt":"Vous pouvez nous envoyer un courriel en utilisant le formulaire ci-dessous. ou en \u00e9crivant \u00e0\u00a0 :\u00a0 \"asurb@laposte.net\" [contact-form-7 id=\"43\" title=\"Formulaire de contact 1\"]","rel":"","context":"Article similaire","block_context":{"text":"Article similaire","link":""},"img":{"alt_text":"","src":"","width":0,"height":0},"classes":[]},{"id":1487,"url":"https:\/\/asurb.com\/asurb3\/?page_id=1487","url_meta":{"origin":965,"position":1},"title":"Diaporama 2016","author":"webmaster","date":"8 d\u00e9cembre 2016","format":false,"excerpt":"[huge_it_gallery id=\"6\"]","rel":"","context":"Article similaire","block_context":{"text":"Article similaire","link":""},"img":{"alt_text":"","src":"","width":0,"height":0},"classes":[]},{"id":2604,"url":"https:\/\/asurb.com\/asurb3\/?page_id=2604","url_meta":{"origin":965,"position":2},"title":"Chambre n\u00b01","author":"webmaster","date":"9 octobre 2019","format":false,"excerpt":"Chambre No 1 de Leila N'Deye Thiam - R\u00e9publique centrafricaine \u2013 France \u2013 2018 - 29 min- documentaire -VOF Synopsis\u00a0 Dans la salle no 1 du service de traumatologie de l'H\u00f4pital communautaire de Bangui, dix femmes attendent de pouvoir enfin sortir et rentrer chez elles. Elles ont chacune v\u00e9cu diff\u00e9rentes\u2026","rel":"","context":"Article similaire","block_context":{"text":"Article similaire","link":""},"img":{"alt_text":"","src":"","width":0,"height":0},"classes":[]},{"id":469,"url":"https:\/\/asurb.com\/asurb3\/?page_id=469","url_meta":{"origin":965,"position":3},"title":"Un h\u00e9ros","author":"webmaster","date":"5 juin 2016","format":false,"excerpt":"De Z\u00e9z\u00e9 GAMBOA - 97 min - Angola - 2004 Fiction - couleur - 35mm - version originale en portugais sous-titr\u00e9 en fran\u00e7ais Sc\u00e9nario : Carla Batista, Pierre-Marie Goulet ; Images : Mario Masini ; Montage : Anna Ruiz ; Musique : David Linx et Diederik Wissels ; Son :\u2026","rel":"","context":"Article similaire","block_context":{"text":"Article similaire","link":""},"img":{"alt_text":"Hero_Fiche","src":"https:\/\/i0.wp.com\/asurb.com\/asurb3\/wp-content\/uploads\/2016\/06\/Hero_Fiche.jpg?resize=350%2C200&ssl=1","width":350,"height":200},"classes":[]},{"id":302,"url":"https:\/\/asurb.com\/asurb3\/?page_id=302","url_meta":{"origin":965,"position":4},"title":"La r\u00e9sidence ylang ylang","author":"webmaster","date":"4 juin 2016","format":false,"excerpt":"De Hachimiya AHAMADA - 20 min - Comores - 2008 Fiction - couleur - 35mm - version originale en comorien sous-titr\u00e9e en fran\u00e7ais - Sc\u00e9nario : Hachimiya Ahamada ; Images : Claire Mathon ; Montage :Thomas Marchand ; Musique : Nawal ; Son : Katia Madaule ; D\u00e9cor : Napalo\u2026","rel":"","context":"Article similaire","block_context":{"text":"Article similaire","link":""},"img":{"alt_text":"Residence_Fiche","src":"https:\/\/i0.wp.com\/asurb.com\/asurb3\/wp-content\/uploads\/2016\/06\/Residence_Fiche.jpg?resize=350%2C200&ssl=1","width":350,"height":200},"classes":[]},{"id":328,"url":"https:\/\/asurb.com\/asurb3\/?page_id=328","url_meta":{"origin":965,"position":5},"title":"Le grand blanc de Lambar\u00e9n\u00e9","author":"webmaster","date":"5 juin 2016","format":false,"excerpt":"De Bassek BA KOBHIO \u2013 93 min \u2013 Cameroun \u2013 1994 \u2013 VF Fiction \u2013 couleur \u2013 35 mm \u2013 Version fran\u00e7aise. Sc\u00e9nario : Bassek Ba Kobhio ; Adaptation et dialogues : Serge Lascar et Bassek Ba Kobhio ; Image : Vincenzo Marano ; Montage : Michel Klochendler ; Musique\u2026","rel":"","context":"Article similaire","block_context":{"text":"Article similaire","link":""},"img":{"alt_text":"Lambarene_fiche","src":"https:\/\/i0.wp.com\/asurb.com\/asurb3\/wp-content\/uploads\/2016\/06\/Lambarene_fiche.jpg?resize=350%2C200&ssl=1","width":350,"height":200},"classes":[]}],"_links":{"self":[{"href":"https:\/\/asurb.com\/asurb3\/index.php?rest_route=\/wp\/v2\/pages\/965","targetHints":{"allow":["GET"]}}],"collection":[{"href":"https:\/\/asurb.com\/asurb3\/index.php?rest_route=\/wp\/v2\/pages"}],"about":[{"href":"https:\/\/asurb.com\/asurb3\/index.php?rest_route=\/wp\/v2\/types\/page"}],"author":[{"embeddable":true,"href":"https:\/\/asurb.com\/asurb3\/index.php?rest_route=\/wp\/v2\/users\/1"}],"replies":[{"embeddable":true,"href":"https:\/\/asurb.com\/asurb3\/index.php?rest_route=%2Fwp%2Fv2%2Fcomments&post=965"}],"version-history":[{"count":1,"href":"https:\/\/asurb.com\/asurb3\/index.php?rest_route=\/wp\/v2\/pages\/965\/revisions"}],"predecessor-version":[{"id":966,"href":"https:\/\/asurb.com\/asurb3\/index.php?rest_route=\/wp\/v2\/pages\/965\/revisions\/966"}],"wp:attachment":[{"href":"https:\/\/asurb.com\/asurb3\/index.php?rest_route=%2Fwp%2Fv2%2Fmedia&parent=965"}],"curies":[{"name":"wp","href":"https:\/\/api.w.org\/{rel}","templated":true}]}}