{"id":989,"date":"2016-10-12T19:31:03","date_gmt":"2016-10-12T17:31:03","guid":{"rendered":"http:\/\/www.asurb.com\/asurb3\/?page_id=989"},"modified":"2016-10-22T13:42:49","modified_gmt":"2016-10-22T11:42:49","slug":"dans-ma-tete-un-rond-point","status":"publish","type":"page","link":"https:\/\/asurb.com\/asurb3\/?page_id=989","title":{"rendered":"Dans ma t\u00eate un rond-point"},"content":{"rendered":"<p style=\"text-align: justify;\"><strong>De Hassen FERHANI \u00a0&#8211;\u00a0Alg\u00e9rie \u2013 2015<\/strong><\/p>\n<p><a href=\"https:\/\/i0.wp.com\/asurb.com\/asurb3\/wp-content\/uploads\/2016\/10\/rond-point.jpg?ssl=1\"><img data-recalc-dims=\"1\" loading=\"lazy\" decoding=\"async\" data-attachment-id=\"1031\" data-permalink=\"https:\/\/asurb.com\/asurb3\/?attachment_id=1031\" data-orig-file=\"https:\/\/i0.wp.com\/asurb.com\/asurb3\/wp-content\/uploads\/2016\/10\/rond-point.jpg?fit=1024%2C577&amp;ssl=1\" data-orig-size=\"1024,577\" data-comments-opened=\"1\" data-image-meta=\"{&quot;aperture&quot;:&quot;0&quot;,&quot;credit&quot;:&quot;&quot;,&quot;camera&quot;:&quot;&quot;,&quot;caption&quot;:&quot;&quot;,&quot;created_timestamp&quot;:&quot;0&quot;,&quot;copyright&quot;:&quot;&quot;,&quot;focal_length&quot;:&quot;0&quot;,&quot;iso&quot;:&quot;0&quot;,&quot;shutter_speed&quot;:&quot;0&quot;,&quot;title&quot;:&quot;&quot;,&quot;orientation&quot;:&quot;0&quot;}\" data-image-title=\"rond-point\" data-image-description=\"\" data-image-caption=\"\" data-large-file=\"https:\/\/i0.wp.com\/asurb.com\/asurb3\/wp-content\/uploads\/2016\/10\/rond-point.jpg?fit=900%2C507&amp;ssl=1\" class=\"alignnone size-medium wp-image-1031\" src=\"https:\/\/i0.wp.com\/asurb.com\/asurb3\/wp-content\/uploads\/2016\/10\/rond-point.jpg?resize=300%2C169&#038;ssl=1\" alt=\"rond-point\" width=\"300\" height=\"169\" srcset=\"https:\/\/i0.wp.com\/asurb.com\/asurb3\/wp-content\/uploads\/2016\/10\/rond-point.jpg?resize=300%2C169&amp;ssl=1 300w, https:\/\/i0.wp.com\/asurb.com\/asurb3\/wp-content\/uploads\/2016\/10\/rond-point.jpg?resize=100%2C56&amp;ssl=1 100w, https:\/\/i0.wp.com\/asurb.com\/asurb3\/wp-content\/uploads\/2016\/10\/rond-point.jpg?w=1024&amp;ssl=1 1024w\" sizes=\"auto, (max-width: 300px) 100vw, 300px\" \/><\/a><\/p>\n<p style=\"text-align: justify;\">De Hassen FERHANI &#8211;\u00a0Alg\u00e9rie \u2013 2015 \u2013 100 min \u2013 documentaire &#8211; couleur \u2013 DCP &#8211; VOSTF.<br \/>\nImage : Hassen Ferhani \u2013 Son\u00a0: Djamel Kerkar \u2013 Montage\u00a0: Narimane Mari, Hassen Ferhani, Corentin Doucet, Myriam Ay\u00e7aguer \u2013 Production\u00a0: Allers Retours Films, Centrale \u00c9lectrique \u2013 Distribution\u00a0: Les Films de l\u2019Atalante (contact\u00a0: programmation@lesfilmsdelatalante.fr \/ 01 45 65 34 41).<br \/>\nPrix du documentaire sur grand \u00e9cran et prix de la critique au 35\u00e8me Festival international du film d\u2019Amiens &#8211; Meilleur documentaire international au 33\u00e8me Festival du film de Turin &#8211; Prix de la comp\u00e9tition fran\u00e7aise au FID Marseille (2015) &#8211; Prix du Public au festival Entrevues de Belfort (2015) &#8211; Tanit d\u2019or aux Journ\u00e9es Cin\u00e9matographiques de Carthage (2015).<\/p>\n<h4 style=\"text-align: justify;\"><span style=\"color: #ff0000;\">Synopsis<\/span><\/h4>\n<p style=\"text-align: justify;\">Un jeune ouvrier qui actionne une manivelle, un vieil homme qui dit un po\u00e8me o\u00f9 il est question de mort, et tous les autres qui vont et viennent dans le huis-clos d\u2019un abattoir d\u2019Alger et de ses alentours imm\u00e9diats\u2026\u00a0; d\u2019embl\u00e9e le film nous installe au plus pr\u00e8s de ces travailleurs et nous met \u00e0 leur \u00e9coute. Nous ne les voyons gu\u00e8re dans l\u2019exercice de leurs t\u00e2ches, nous les suivons plut\u00f4t dans les temps morts o\u00f9 ils jouent aux dominos, tentent d\u2019orienter une parabole pour capter un match de foot \u00e0 la t\u00e9l\u00e9, et surtout discutent entre eux, voire dialoguent directement avec le r\u00e9alisateur.<br \/>\nTrois figures \u00e9mergent du groupe. Il y a d\u2019abord le jeune Youcef et son copain \u00ab\u00a0le kabyle\u00a0\u00bb\u00a0 qui parlent beaucoup d\u2019amour, de r\u00e9volution impossible face \u00e0 un \u00e9tat insaisissable, d\u2019un avenir sans issue. Il y aussi Amou avec sa mouette venue d\u2019Angleterre et son invraisemblable histoire de cigogne emprisonn\u00e9e et tortur\u00e9e par des soldats fran\u00e7ais lors de la guerre d\u2019ind\u00e9pendance.\u00a0.. \u00ab\u00a0Dans ma t\u00eate un rond-point\u00a0\u00bb est bien un film non pas \u00ab\u00a0sur\u00a0\u00bb mais \u00ab\u00a0avec\u00a0\u00bb des hommes qui nous deviennent proches. Et des images et des paroles que nous offre ce documentaire, \u00e9mane une po\u00e9sie port\u00e9e par les m\u00e9lodies du Chaabi et du Ra\u00ef qui rythment le film.<\/p>\n<h4 style=\"text-align: justify;\"><span style=\"color: #ff0000;\">Le r\u00e9alisateur<\/span><\/h4>\n<p style=\"text-align: justify;\">N\u00e9 en 1984 \u00e0 Alger, Hassen Ferhani a d\u2019abord men\u00e9 une carri\u00e8re d\u2019assistant r\u00e9alisateur. A partir de 2006, il r\u00e9alise des courts m\u00e9trages documentaires\u00a0sur la ville d\u2019Alger\u00a0: \u00ab\u00a0Les baies d\u2019Alger\u00a0\u00bb, \u00ab\u00a0En remontant Cervant\u00e8s (un \u00e9t\u00e9 \u00e0 Alger)\u00a0\u00bb, \u00ab\u00a0Tarzan, Don Quichotte et nous\u00a0\u00bb. \u00ab\u00a0Dans ma t\u00eate un rond-point\u00a0\u00bb est son premier long m\u00e9trage qui a \u00e9t\u00e9 s\u00e9lectionn\u00e9 et prim\u00e9 dans de nombreux festivals.<\/p>\n","protected":false},"excerpt":{"rendered":"<p>De Hassen FERHANI \u00a0&#8211;\u00a0Alg\u00e9rie \u2013 2015 De Hassen FERHANI &#8211;\u00a0Alg\u00e9rie \u2013 2015 \u2013 100 min \u2013 documentaire &#8211; couleur \u2013 DCP &#8211; VOSTF. Image : Hassen Ferhani \u2013 Son\u00a0: Djamel [&hellip;]<\/p>\n","protected":false},"author":1,"featured_media":0,"parent":26,"menu_order":0,"comment_status":"closed","ping_status":"closed","template":"","meta":{"footnotes":""},"class_list":["post-989","page","type-page","status-publish","hentry"],"jetpack_sharing_enabled":true,"jetpack_shortlink":"https:\/\/wp.me\/P7C6tF-fX","jetpack-related-posts":[{"id":2807,"url":"https:\/\/asurb.com\/asurb3\/?page_id=2807","url_meta":{"origin":989,"position":0},"title":"143 rue du d\u00e9sert","author":"webmaster","date":"8 ao\u00fbt 2020","format":false,"excerpt":"De\u00a0Hassen FERHANI - Alg\u00e9rie\/France\/Qatar - 2020 \u2013 103 min \u2013 Documentaire \u2013- Couleur - VO arabe STF - DCP Sc\u00e9nario\u00a0et Image : Hassen Ferhani\u2013 Montage\u00a0:\u00a0St\u00e9phanie Sicard, Nadia Ben Rachid, Nina Khada, Hassen Ferhani \u2013 Musique\u00a0: \u00a0Mohamed Guetal - Son\u00a0Mohamed Ilyas Guetal, Antoine Morin - Interpr\u00e9tation\u00a0Malika, Samir El Hakin, Chawki Amari\u2026","rel":"","context":"Article similaire","block_context":{"text":"Article similaire","link":""},"img":{"alt_text":"","src":"","width":0,"height":0},"classes":[]},{"id":663,"url":"https:\/\/asurb.com\/asurb3\/?page_id=663","url_meta":{"origin":989,"position":1},"title":"Dix mille neuf cent quarante neuf (10949) femmes","author":"webmaster","date":"14 juin 2016","format":false,"excerpt":"De Nassima GUESSOUM - 75 min - Alg\u00e9rie - 2014 De Nassima GUESSOUM - Alg\u00e9rie - 2014 - 75 min - documentaire - couleur - DCP -\u00a0 version originale en fran\u00e7ais et en arabe sous-titr\u00e9e en fran\u00e7ais Sc\u00e9nario : Nassima GUESSOUM - Image : Houssem BOKHARI, Nassima GUESSOUM - Son:\u2026","rel":"","context":"Article similaire","block_context":{"text":"Article similaire","link":""},"img":{"alt_text":"","src":"","width":0,"height":0},"classes":[]},{"id":929,"url":"https:\/\/asurb.com\/asurb3\/?page_id=929","url_meta":{"origin":989,"position":2},"title":"Programme 2016","author":"webmaster","date":"5 octobre 2016","format":false,"excerpt":"Sommaire \u2022 S\u00e9ances ouvertes au public \u2022 S\u00e9ances scolaires \u2022 Partenaires \u2022 Membres du comit\u00e9 de parrainage \u2022 Remerciements \u2022 Pour se rendre sur les lieux MJC Louise Michel \u2013 Fresnes \u00a0vendredi 18 novembre 19h00 : restauration possible ambiance \u00e9thiopienne 20h30 : DIFRET de Zeresenay Berhane Mehari \u2013 Ethiopie \u2013\u2026","rel":"","context":"Article similaire","block_context":{"text":"Article similaire","link":""},"img":{"alt_text":"","src":"http:\/\/i1.wp.com\/www.asurb.com\/AsurB\/D_Images\/D_Gif_bl\/Blanc120.gif?resize=350%2C200","width":350,"height":200},"classes":[]},{"id":3999,"url":"https:\/\/asurb.com\/asurb3\/?page_id=3999","url_meta":{"origin":989,"position":3},"title":"L&rsquo;envoy\u00e9e de Dieu","author":"webmaster","date":"11 d\u00e9cembre 2023","format":false,"excerpt":"De Amina Abdoulaye Mamani - Niger\/Burkina Faso - 23 min - fiction -VOSTFEn comp\u00e9tition officielle au FESPACO 2023, ce court m\u00e9trage coproduit par Diam Production, Karekezi Film Production\u00a0et Tabou Production \u00a0a remport\u00e9 quatre prix sp\u00e9ciaux et une mention sp\u00e9ciale pour sa sensibilit\u00e9. Synopsis\u00a0 Le film retrace le parcours de Fatima,\u2026","rel":"","context":"Article similaire","block_context":{"text":"Article similaire","link":""},"img":{"alt_text":"","src":"","width":0,"height":0},"classes":[]},{"id":1053,"url":"https:\/\/asurb.com\/asurb3\/?page_id=1053","url_meta":{"origin":989,"position":4},"title":"Anay ly lalana (La rue est \u00e0 moi)","author":"webmaster","date":"18 octobre 2016","format":false,"excerpt":"De Nantenaina Fifaliana - Madagascar - 2015 De Nantenaina Fifaliana - Madagascar - 2015 - 11 min - documentaire. Production : Endemika Films.\u00a0Distribution : Endemika Films.\u00a0Format de Distribution (DVD, DCP) Une version work-in-progress \u00a0a \u00e9t\u00e9 s\u00e9lectionn\u00e9e aux RFC 2015 et a re\u00e7u le 1er Prix aux Rencontres du Film Documentaire\u2026","rel":"","context":"Article similaire","block_context":{"text":"Article similaire","link":""},"img":{"alt_text":"","src":"","width":0,"height":0},"classes":[]},{"id":279,"url":"https:\/\/asurb.com\/asurb3\/?page_id=279","url_meta":{"origin":989,"position":5},"title":"La maison jaune","author":"webmaster","date":"4 juin 2016","format":false,"excerpt":"De Amor HAKKAR - 80 min - Alg\u00e9rie - 2007 Fiction - couleur - 35mm - version originale en chaoui sous-titr\u00e9e en fran\u00e7ais Sc\u00e9nario : Amor Hakkar ; Image : Nicolas Roche ; Montage : Amor Hakkar, Lyonnel Garnier, Jean Dubreuil ; Musique : Fay\u00e7al Salhi, Joseph Macera ; Son\u2026","rel":"","context":"Article similaire","block_context":{"text":"Article similaire","link":""},"img":{"alt_text":"Maison_jaune_Fiche","src":"https:\/\/i0.wp.com\/asurb.com\/asurb3\/wp-content\/uploads\/2016\/06\/Maison_jaune_Fiche.jpg?resize=350%2C200&ssl=1","width":350,"height":200},"classes":[]}],"_links":{"self":[{"href":"https:\/\/asurb.com\/asurb3\/index.php?rest_route=\/wp\/v2\/pages\/989","targetHints":{"allow":["GET"]}}],"collection":[{"href":"https:\/\/asurb.com\/asurb3\/index.php?rest_route=\/wp\/v2\/pages"}],"about":[{"href":"https:\/\/asurb.com\/asurb3\/index.php?rest_route=\/wp\/v2\/types\/page"}],"author":[{"embeddable":true,"href":"https:\/\/asurb.com\/asurb3\/index.php?rest_route=\/wp\/v2\/users\/1"}],"replies":[{"embeddable":true,"href":"https:\/\/asurb.com\/asurb3\/index.php?rest_route=%2Fwp%2Fv2%2Fcomments&post=989"}],"version-history":[{"count":5,"href":"https:\/\/asurb.com\/asurb3\/index.php?rest_route=\/wp\/v2\/pages\/989\/revisions"}],"predecessor-version":[{"id":1081,"href":"https:\/\/asurb.com\/asurb3\/index.php?rest_route=\/wp\/v2\/pages\/989\/revisions\/1081"}],"up":[{"embeddable":true,"href":"https:\/\/asurb.com\/asurb3\/index.php?rest_route=\/wp\/v2\/pages\/26"}],"wp:attachment":[{"href":"https:\/\/asurb.com\/asurb3\/index.php?rest_route=%2Fwp%2Fv2%2Fmedia&parent=989"}],"curies":[{"name":"wp","href":"https:\/\/api.w.org\/{rel}","templated":true}]}}