{"id":995,"date":"2016-10-12T19:28:33","date_gmt":"2016-10-12T17:28:33","guid":{"rendered":"http:\/\/www.asurb.com\/asurb3\/?page_id=995"},"modified":"2016-10-22T13:44:22","modified_gmt":"2016-10-22T11:44:22","slug":"difret","status":"publish","type":"page","link":"https:\/\/asurb.com\/asurb3\/?page_id=995","title":{"rendered":"Difret"},"content":{"rendered":"<p style=\"text-align: justify;\"><strong>De Zeresenay Berhane MEHARI &#8211; Ethiopie \u2013 2014<\/strong><\/p>\n<p><a href=\"https:\/\/i0.wp.com\/asurb.com\/asurb3\/wp-content\/uploads\/2016\/10\/Difret.jpg?ssl=1\"><img data-recalc-dims=\"1\" loading=\"lazy\" decoding=\"async\" data-attachment-id=\"1028\" data-permalink=\"https:\/\/asurb.com\/asurb3\/?attachment_id=1028\" data-orig-file=\"https:\/\/i0.wp.com\/asurb.com\/asurb3\/wp-content\/uploads\/2016\/10\/Difret.jpg?fit=1000%2C536&amp;ssl=1\" data-orig-size=\"1000,536\" data-comments-opened=\"1\" data-image-meta=\"{&quot;aperture&quot;:&quot;0&quot;,&quot;credit&quot;:&quot;&quot;,&quot;camera&quot;:&quot;&quot;,&quot;caption&quot;:&quot;&quot;,&quot;created_timestamp&quot;:&quot;0&quot;,&quot;copyright&quot;:&quot;&quot;,&quot;focal_length&quot;:&quot;0&quot;,&quot;iso&quot;:&quot;0&quot;,&quot;shutter_speed&quot;:&quot;0&quot;,&quot;title&quot;:&quot;&quot;,&quot;orientation&quot;:&quot;0&quot;}\" data-image-title=\"difret\" data-image-description=\"\" data-image-caption=\"\" data-large-file=\"https:\/\/i0.wp.com\/asurb.com\/asurb3\/wp-content\/uploads\/2016\/10\/Difret.jpg?fit=900%2C482&amp;ssl=1\" class=\"alignnone size-medium wp-image-1028\" src=\"https:\/\/i0.wp.com\/asurb.com\/asurb3\/wp-content\/uploads\/2016\/10\/Difret.jpg?resize=300%2C161&#038;ssl=1\" alt=\"difret\" width=\"300\" height=\"161\" srcset=\"https:\/\/i0.wp.com\/asurb.com\/asurb3\/wp-content\/uploads\/2016\/10\/Difret.jpg?resize=300%2C161&amp;ssl=1 300w, https:\/\/i0.wp.com\/asurb.com\/asurb3\/wp-content\/uploads\/2016\/10\/Difret.jpg?resize=100%2C54&amp;ssl=1 100w, https:\/\/i0.wp.com\/asurb.com\/asurb3\/wp-content\/uploads\/2016\/10\/Difret.jpg?w=1000&amp;ssl=1 1000w\" sizes=\"auto, (max-width: 300px) 100vw, 300px\" \/><\/a><\/p>\n<p>De Zeresenay MEHARI &#8211; Ethiopie \u2013 2014 &#8211; 1h39 \u2013 fiction \u2013 couleur \u2013 VO amharique STF \u2013 DCP<\/p>\n<p style=\"text-align: justify;\">Sc\u00e9nario\u00a0: Zeresenay Berhane MEHARI &#8211; Image\u00a0: Monika Lenczewska \u2013 Musique : David Schommer &amp; David Eggar &#8211; Montage\u00a0: Agnieszka Glinska &#8211; Interpr\u00e9tation\u00a0: Meron Getnet, Tizita Hagere, Haregewine Assefa, Brook Sheferaw, Mekonen Laeake, Meaza Tekle. Production\u00a0:Mehret Manfredo, Leelai Demoz, Z.B. Mehari \u2013 Productrice associ\u00e9e\u00a0: Angelina Jolie &#8211; Distribution\u00a0: Ad Vitam Distribution 71 rue de la Fontaine au Roi, Paris 11\u00b0 &#8211; contact@advitamdistribution.com.<br \/>\nPrix du public aux festivals 2014 de Sundance, Berlin et Amsterdam.<\/p>\n<h4 style=\"text-align: justify;\"><span style=\"color: #ff0000;\">Synopsis<\/span><\/h4>\n<p style=\"text-align: justify;\">A 300 km d\u2019Addis-Abeba, Hirut, une jeune paysanne de 14 ans, est kidnapp\u00e9e, au retour de l\u2019\u00e9cole par une bande de jeunes hommes \u00e0 cheval dont l\u2019un, \u00e2g\u00e9 de 29 ans, veut l\u2019\u00e9pouser. Encourag\u00e9 par une tradition ancestrale, que les anciens jugent \u00ab romantique \u00bb, cet homme l\u2019enl\u00e8ve, la s\u00e9questre et la viole. Hirut, refusant son sort, tue son kidnappeur. Accus\u00e9e de meurtre par la police locale, elle est mise en prison sans d\u00e9lai et risque la peine de mort alors qu\u2019elle tente de d\u00e9montrer qu&rsquo;elle a agi en l\u00e9gitime d\u00e9fense. L\u2019avocate Maeza Ashenafi, inlassable d\u00e9fenseure des droits des femmes et des enfants en Ethiopie et fondatrice d\u2019une association qui leur fournit une aide juridique, est touch\u00e9e par le courage de la jeune fille et s\u2019engage dans un combat tenace et difficile pour la sauver.<\/p>\n<p style=\"text-align: justify;\">Comme l\u2019h\u00e9ro\u00efne de cette histoire vraie qui secoua l\u2019Ethiopie en 1996, des mineures sont encore mari\u00e9es de force, mais au-del\u00e0 d\u2019un r\u00e9cit \u00e9difiant, riche en p\u00e9rip\u00e9ties et efficace, le r\u00e9alisateur s\u2019attache \u00e0 montrer les diff\u00e9rents points de vue des parties en pr\u00e9sence pour rendre compte d\u2019une soci\u00e9t\u00e9 contrast\u00e9e en pleine mutation.<\/p>\n<h4 style=\"text-align: justify;\"><span style=\"color: #ff0000;\">Le r\u00e9alisateur <\/span><\/h4>\n<p style=\"text-align: justify;\">D\u2019origine \u00e9thiopienne, Zeresenay Berhane Mehari fait ses \u00e9tudes aux \u00c9tats-Unis et signe un premier court m\u00e9trage en 2006, Coda. Il est surtout connu comme \u00e9tant le producteur du documentaire sur le soixanti\u00e8me anniversaire de Bob Marley, Africa Unite.<\/p>\n<p style=\"text-align: justify;\">Difret est son premier long m\u00e9trage en tant que r\u00e9alisateur mais surtout sa premi\u00e8re production 100% \u00e9thiopienne. Il a voulu tourner dans des d\u00e9cors naturels, avec des acteurs et des techniciens \u00e9thiopiens. Pour incarner l\u2019avocate Maeza, il a choisi une des com\u00e9diennes les plus populaires en \u00c9thiopie pour toucher un large public.<\/p>\n","protected":false},"excerpt":{"rendered":"<p>De Zeresenay Berhane MEHARI &#8211; Ethiopie \u2013 2014 De Zeresenay MEHARI &#8211; Ethiopie \u2013 2014 &#8211; 1h39 \u2013 fiction \u2013 couleur \u2013 VO amharique STF \u2013 DCP Sc\u00e9nario\u00a0: Zeresenay Berhane [&hellip;]<\/p>\n","protected":false},"author":1,"featured_media":0,"parent":26,"menu_order":0,"comment_status":"closed","ping_status":"closed","template":"","meta":{"footnotes":""},"class_list":["post-995","page","type-page","status-publish","hentry"],"jetpack_sharing_enabled":true,"jetpack_shortlink":"https:\/\/wp.me\/P7C6tF-g3","jetpack-related-posts":[{"id":694,"url":"https:\/\/asurb.com\/asurb3\/?page_id=694","url_meta":{"origin":995,"position":0},"title":"Lamb","author":"webmaster","date":"15 juin 2016","format":false,"excerpt":"De Yared Zeleke - 94 min - Ethiopie - 2014 fiction - VO STF - DCP Sc\u00e9nario\/dialogues : Yared Zeleke - Image: Jos\u00e9e Deshaies - Montage: V\u00e9ronique Bruque\u00a0 - Son : Till Heinrich Rollinghoff - Musique : Christophe Chassol Production: Dublin Films - EZEF - Gloria Films Production - T\u2026","rel":"","context":"Article similaire","block_context":{"text":"Article similaire","link":""},"img":{"alt_text":"","src":"","width":0,"height":0},"classes":[]},{"id":379,"url":"https:\/\/asurb.com\/asurb3\/?page_id=379","url_meta":{"origin":995,"position":1},"title":"Menged","author":"webmaster","date":"5 juin 2016","format":false,"excerpt":"De Daniel TAYE WORKOU \u2013 21 min \u2013 Ethiopie \u2013 2006 \u2013 VOSTF Fiction \u2013 couleur \u2013 35 mm \u2013 Version originale en amharic, sous titr\u00e9e en fran\u00e7ais Poulain d\u2019or de Yennenga au FESPACO* 2007 Sc\u00e9nario : Daniel Taye Workou ; Image : Ian Blumers ; Montage : Gregorio Sebastio\u2026","rel":"","context":"Article similaire","block_context":{"text":"Article similaire","link":""},"img":{"alt_text":"Menged_Fiche","src":"https:\/\/i0.wp.com\/asurb.com\/asurb3\/wp-content\/uploads\/2016\/06\/Menged_Fiche.jpg?resize=350%2C200&ssl=1","width":350,"height":200},"classes":[]},{"id":451,"url":"https:\/\/asurb.com\/asurb3\/?page_id=451","url_meta":{"origin":995,"position":2},"title":"Teza","author":"webmaster","date":"5 juin 2016","format":false,"excerpt":"De Hail\u00e9 GERIMA - 140 min - Ethiopie - 2008 Fiction - couleur - 35mm - version originale en amharique sous-titr\u00e9e en fran\u00e7ais Sc\u00e9nario : Hail\u00e9 Gerima ; Images : Mario Masini ; Montage : Hail\u00e9 Gerima; Musique : Vijay Lyer, Jorga Mesfin ; Son : Umbe Adan ; D\u00e9cor\u2026","rel":"","context":"Article similaire","block_context":{"text":"Article similaire","link":""},"img":{"alt_text":"Teza_Fiche","src":"https:\/\/i0.wp.com\/asurb.com\/asurb3\/wp-content\/uploads\/2016\/06\/Teza_Fiche.jpg?resize=350%2C200&ssl=1","width":350,"height":200},"classes":[]},{"id":929,"url":"https:\/\/asurb.com\/asurb3\/?page_id=929","url_meta":{"origin":995,"position":3},"title":"Programme 2016","author":"webmaster","date":"5 octobre 2016","format":false,"excerpt":"Sommaire \u2022 S\u00e9ances ouvertes au public \u2022 S\u00e9ances scolaires \u2022 Partenaires \u2022 Membres du comit\u00e9 de parrainage \u2022 Remerciements \u2022 Pour se rendre sur les lieux MJC Louise Michel \u2013 Fresnes \u00a0vendredi 18 novembre 19h00 : restauration possible ambiance \u00e9thiopienne 20h30 : DIFRET de Zeresenay Berhane Mehari \u2013 Ethiopie \u2013\u2026","rel":"","context":"Article similaire","block_context":{"text":"Article similaire","link":""},"img":{"alt_text":"","src":"http:\/\/i1.wp.com\/www.asurb.com\/AsurB\/D_Images\/D_Gif_bl\/Blanc120.gif?resize=350%2C200","width":350,"height":200},"classes":[]},{"id":2841,"url":"https:\/\/asurb.com\/asurb3\/?page_id=2841","url_meta":{"origin":995,"position":4},"title":"Le figuier","author":"webmaster","date":"11 ao\u00fbt 2020","format":false,"excerpt":"LE FIGUIER\u00a0 -\u00a0 De A\u00e4l\u00e4m-W\u00e4rqe DAVIDIAN \u2013 Ethiopie\/Isra\u00ebl \u2013 2018 -93 min \u2013 Fiction - \u00a0couleur -VOSTF Sc\u00e9nario\u00a0: A\u00e4l\u00e4m-W\u00e4rqe Davidian - Directeur de la photo\u00a0: Daniel Miller - Montage\u00a0: Arik Lahav-Leibovich - Musique\u00a0: John G\u00fcrtler, Jan Miserre - D\u00e9cors\u00a0: Danny Avshalom - Costumes\u00a0: Marine Galliano \u2013Interpr\u00e9tation\u00a0: Betalehem Asmamawe, Yohanes Muse,\u2026","rel":"","context":"Article similaire","block_context":{"text":"Article similaire","link":""},"img":{"alt_text":"","src":"","width":0,"height":0},"classes":[]},{"id":3838,"url":"https:\/\/asurb.com\/asurb3\/?page_id=3838","url_meta":{"origin":995,"position":5},"title":"Lions","author":"webmaster","date":"15 octobre 2023","format":false,"excerpt":"LIONS\u00a0 de Beru Tessema \u2013 Ethiopie \u2013 2022 \u2013 26\u2032 \u2013 fiction Produit par KG Productions - 36 Rue Lebour, 93100 Montreuil - Tel 01 49 72 06 66 - https:\/\/www.kgproductions.fr\/ Grand Prix UniFrance du meilleur court m\u00e9trage international Synopsis\u00a0 Rosie, jeune ado congolaise, est arriv\u00e9e r\u00e9cemment \u00e0 Londres. Elle\u2026","rel":"","context":"Article similaire","block_context":{"text":"Article similaire","link":""},"img":{"alt_text":"","src":"","width":0,"height":0},"classes":[]}],"_links":{"self":[{"href":"https:\/\/asurb.com\/asurb3\/index.php?rest_route=\/wp\/v2\/pages\/995","targetHints":{"allow":["GET"]}}],"collection":[{"href":"https:\/\/asurb.com\/asurb3\/index.php?rest_route=\/wp\/v2\/pages"}],"about":[{"href":"https:\/\/asurb.com\/asurb3\/index.php?rest_route=\/wp\/v2\/types\/page"}],"author":[{"embeddable":true,"href":"https:\/\/asurb.com\/asurb3\/index.php?rest_route=\/wp\/v2\/users\/1"}],"replies":[{"embeddable":true,"href":"https:\/\/asurb.com\/asurb3\/index.php?rest_route=%2Fwp%2Fv2%2Fcomments&post=995"}],"version-history":[{"count":4,"href":"https:\/\/asurb.com\/asurb3\/index.php?rest_route=\/wp\/v2\/pages\/995\/revisions"}],"predecessor-version":[{"id":1083,"href":"https:\/\/asurb.com\/asurb3\/index.php?rest_route=\/wp\/v2\/pages\/995\/revisions\/1083"}],"up":[{"embeddable":true,"href":"https:\/\/asurb.com\/asurb3\/index.php?rest_route=\/wp\/v2\/pages\/26"}],"wp:attachment":[{"href":"https:\/\/asurb.com\/asurb3\/index.php?rest_route=%2Fwp%2Fv2%2Fmedia&parent=995"}],"curies":[{"name":"wp","href":"https:\/\/api.w.org\/{rel}","templated":true}]}}