{"id":997,"date":"2016-10-12T19:25:50","date_gmt":"2016-10-12T17:25:50","guid":{"rendered":"http:\/\/www.asurb.com\/asurb3\/?page_id=997"},"modified":"2016-11-24T18:11:25","modified_gmt":"2016-11-24T17:11:25","slug":"labsence-2","status":"publish","type":"page","link":"https:\/\/asurb.com\/asurb3\/?page_id=997","title":{"rendered":"L&rsquo;absence"},"content":{"rendered":"<p style=\"text-align: justify;\"><strong>De Nad\u00e8ge Delwend\u00e9 NARE\u00a0\u2013 Burkina Faso \u2013 2015<\/strong><\/p>\n<p>&nbsp;<\/p>\n<p style=\"text-align: justify;\">De Nad\u00e8ge Delwend\u00e9 NARE \u2013 Burkina Faso \u2013 2015 \u2013 13 min \u2013 fiction \u2013 couleur \u2013 VO fran\u00e7ais.<br \/>\nProduction\u00a0: Africalia\/Isis \u2013 SE \u2013 01 BP 647- Ouagadougou 01 \u2013 Burkina Faso \u2013t\u00e9l\u00a0:00226\/25344086 \u2013 courriel\u00a0: isisse.international\u00e0gmail.com.<br \/>\nPrix du Tremplin Jeunes R\u00e9alisateurs Cin\u00e9 Regards Africains 2016 (cat\u00e9gorie courts m\u00e9trages de fiction.)<br \/>\nPrix d\u2019interpr\u00e9tation masculine pour l\u2019acteur principal et prix du meilleur son au Festival international de courts m\u00e9trages de jeunes r\u00e9alisateurs Clap Ivoire ( sept. 2016).<\/p>\n<h4 style=\"text-align: justify;\"><span style=\"color: #ff0000;\">Synopsis<\/span><\/h4>\n<p>&nbsp;<\/p>\n<p>Ali et Mamadou sont deux fr\u00e8res qui \u00e9taient unis par une grande complicit\u00e9. Lorsque Mamadou d\u00e9cide d\u2019aller tenter sa chance en Europe, cette relation est mise \u00e0 rude \u00e9preuve. L\u2019aggravation de la maladie de leur p\u00e8re et l\u2019absence prolong\u00e9e de Mamadou cr\u00e9ent des tensions au sein de la famille, notamment entre Ali et son p\u00e8re.<\/p>\n<p>Un film d\u00e9licat, un beau personnage de jeune artiste sensible et g\u00e9n\u00e9reux et une approche originale\u00a0 de la famille africaine, de l\u2019exil et du choix de rester au pays.<\/p>\n<p>&nbsp;<\/p>\n<h4 style=\"text-align: justify;\"><span style=\"color: #ff0000;\"><br \/>\nLa r\u00e9alisatrice<\/span><\/h4>\n<p style=\"text-align: justify;\">Nad\u00e8ge Delwend\u00e9 NARE est n\u00e9e en 1990 au Burkina Faso. Elle suit, \u00e0 Ouagadougou (Burkina Faso), une formation de r\u00e9alisation de cin\u00e9ma \u00e0 l\u2019\u00e9cole ISIS\/SE. Elle a obtenu un BTS et pr\u00e9pare une Licence.<br \/>\nLaur\u00e9ate du Tremplin Jeunes R\u00e9alisateurs, concours de courts-m\u00e9trages organis\u00e9 par l\u2019association Afrique sur Bi\u00e8vre pour la 10e \u00e9dition de Cin\u00e9 Regards Africains, elle a \u00e9t\u00e9 invit\u00e9e dans la r\u00e9gion parisienne pour un s\u00e9jour de deux semaines pendant la dur\u00e9e du festival. Elle\u00a0 a pr\u00e9sent\u00e9 son film au public \u00e0 Arcueil le 19 novembre 2016, en pr\u00e9sence du jury de professionnels qui lui a d\u00e9cern\u00e9 le prix pour la cat\u00e9gorie fiction.<\/p>\n","protected":false},"excerpt":{"rendered":"<p>De Nad\u00e8ge Delwend\u00e9 NARE\u00a0\u2013 Burkina Faso \u2013 2015 &nbsp; De Nad\u00e8ge Delwend\u00e9 NARE \u2013 Burkina Faso \u2013 2015 \u2013 13 min \u2013 fiction \u2013 couleur \u2013 VO fran\u00e7ais. Production\u00a0: Africalia\/Isis [&hellip;]<\/p>\n","protected":false},"author":1,"featured_media":0,"parent":26,"menu_order":0,"comment_status":"closed","ping_status":"closed","template":"","meta":{"footnotes":""},"class_list":["post-997","page","type-page","status-publish","hentry"],"jetpack_sharing_enabled":true,"jetpack_shortlink":"https:\/\/wp.me\/P7C6tF-g5","jetpack-related-posts":[{"id":59,"url":"https:\/\/asurb.com\/asurb3\/?page_id=59","url_meta":{"origin":997,"position":0},"title":"Prix \u00ab Tremplin jeunes r\u00e9alisateurs \u00bb","author":"webmaster","date":"31 mai 2016","format":false,"excerpt":"Les laur\u00e9ats du concours Les deux jurys, uniquement constitu\u00e9s de professionnels du cin\u00e9ma, se sont r\u00e9unis aujourd\u2019hui m\u00eame \u00e0 l\u2019Espace Municipal Jean Vilar pour visionner les films pr\u00e9- s\u00e9lectionn\u00e9s par l\u2019\u00e9quipe d\u2019Afrique sur Bi\u00e8vre (6 documentaires et 8 fictions) et choisir le laur\u00e9at de chacune des deux cat\u00e9gories. Le jury\u2026","rel":"","context":"Article similaire","block_context":{"text":"Article similaire","link":""},"img":{"alt_text":"Carte_Tremplin_v4","src":"https:\/\/i0.wp.com\/asurb.com\/asurb3\/wp-content\/uploads\/2016\/05\/Carte_Tremplin_v4-215x300.jpg?resize=350%2C200&ssl=1","width":350,"height":200},"classes":[]},{"id":2514,"url":"https:\/\/asurb.com\/asurb3\/?page_id=2514","url_meta":{"origin":997,"position":1},"title":"Duga (Les Charognards)","author":"webmaster","date":"18 septembre 2019","format":false,"excerpt":"De Abdoulaye DAO et Herv\u00e9 Eric LENGANI - Burkina Faso \u2013 2018 \u2013 95 min \u2013 fiction \u2013 couleur \u2013 DCP \u2013 VO STF Sc\u00e9nario : Guy D\u00e9sir\u00e9 Yam\u00e9ogo - Image : Paul Djibila, Alidou Badini,Hyacinthe Combary - Montage : Jean Constant Kabor\u00e9, B\u00e8de Modeste Ganafe-Mofedogna - Musique : Seydou\u2026","rel":"","context":"Article similaire","block_context":{"text":"Article similaire","link":""},"img":{"alt_text":"","src":"","width":0,"height":0},"classes":[]},{"id":168,"url":"https:\/\/asurb.com\/asurb3\/?page_id=168","url_meta":{"origin":997,"position":2},"title":"Bayiri ( La patrie )","author":"webmaster","date":"3 juin 2016","format":false,"excerpt":"Burkina Faso - 2011- fiction - 90 mn - couleur - VO moor\u00e9 STFR R\u00e9alisation : S.Pierre Yam\u00e9ogo Sc\u00e9nario : S.Pierre Yam\u00e9ogo Interpr\u00e9tation : Blandine Yam\u00e9ogo, Tina Hatou Ouedraogo, Bill Aka Kora, Madina Traor\u00e9, Joseph Traor\u00e9, Simon Kabor\u00e9, Delphine Ouattara, Maxime Sawadogo. Montage : Manuel Pinto Image : J\u00fcrg Hassler\u2026","rel":"","context":"Article similaire","block_context":{"text":"Article similaire","link":""},"img":{"alt_text":"BAYIRI_1_Fiche","src":"https:\/\/i0.wp.com\/asurb.com\/asurb3\/wp-content\/uploads\/2016\/06\/BAYIRI_1_Fiche.jpg?resize=350%2C200&ssl=1","width":350,"height":200},"classes":[]},{"id":110,"url":"https:\/\/asurb.com\/asurb3\/?page_id=110","url_meta":{"origin":997,"position":3},"title":"Festival 2009","author":"webmaster","date":"3 juin 2016","format":false,"excerpt":"Du 15 au 28 novembre 2009, l'association Afrique sur Bi\u00e8vre a organis\u00e9 la 3\u00e8me \u00e9dition du CINE REGARDS AFRICAINS \u2013 Films en Festival Dans quatre salles Cin\u00e9ma la Pl\u00e9iade - 94230 CACHAN Espace municipal Jean Vilar - 94110 ARCUEIL MJC de Fresnes - 94260 FRESNES Cin\u00e9ma la Tournelle - 94240\u2026","rel":"","context":"Article similaire","block_context":{"text":"Article similaire","link":""},"img":{"alt_text":"","src":"","width":0,"height":0},"classes":[]},{"id":251,"url":"https:\/\/asurb.com\/asurb3\/?page_id=251","url_meta":{"origin":997,"position":4},"title":"Ke\u00efta, l&rsquo;h\u00e9ritage du griot","author":"webmaster","date":"4 juin 2016","format":false,"excerpt":"De Dani KOUYAT\u00c9 - 94 min - Burkina Faso - 1995 Fiction - couleur - 35mm - version originale en bambara (sous-titr\u00e9e en fran\u00e7ais) et fran\u00e7ais Sc\u00e9nario : Dani Kouyat\u00e9; Images : Robert Milli\u00e9 ; Montage : Zo\u00e9 Durouchoux ; Musique : Sotigui Kouyat\u00e9 ; Son : Pierre Mertens ;\u2026","rel":"","context":"Article similaire","block_context":{"text":"Article similaire","link":""},"img":{"alt_text":"Keita_Fiche","src":"https:\/\/i0.wp.com\/asurb.com\/asurb3\/wp-content\/uploads\/2016\/06\/Keita_Fiche.jpg?resize=350%2C200&ssl=1","width":350,"height":200},"classes":[]},{"id":288,"url":"https:\/\/asurb.com\/asurb3\/?page_id=288","url_meta":{"origin":997,"position":5},"title":"La nuit de la v\u00e9rit\u00e9","author":"webmaster","date":"4 juin 2016","format":false,"excerpt":"De Fanta R\u00e9gina NACRO - 100 min - Burkina Faso - 2004 Fiction - couleur - 35mm - version originale en fran\u00e7ais, moor\u00e9 et dioula sous-titr\u00e9e en fan\u00e7ais Sc\u00e9nario : Marc Gautron, Fanta R\u00e9gina Nacro ; Images : Nara K\u00e9o Kosal ; Montage : Andr\u00e9e Davanture ; Musique : Troupe\u2026","rel":"","context":"Article similaire","block_context":{"text":"Article similaire","link":""},"img":{"alt_text":"Fanta_Regina_Nacro_Fiche","src":"https:\/\/i0.wp.com\/asurb.com\/asurb3\/wp-content\/uploads\/2016\/06\/Fanta_Regina_Nacro_Fiche.jpg?resize=350%2C200&ssl=1","width":350,"height":200},"classes":[]}],"_links":{"self":[{"href":"https:\/\/asurb.com\/asurb3\/index.php?rest_route=\/wp\/v2\/pages\/997","targetHints":{"allow":["GET"]}}],"collection":[{"href":"https:\/\/asurb.com\/asurb3\/index.php?rest_route=\/wp\/v2\/pages"}],"about":[{"href":"https:\/\/asurb.com\/asurb3\/index.php?rest_route=\/wp\/v2\/types\/page"}],"author":[{"embeddable":true,"href":"https:\/\/asurb.com\/asurb3\/index.php?rest_route=\/wp\/v2\/users\/1"}],"replies":[{"embeddable":true,"href":"https:\/\/asurb.com\/asurb3\/index.php?rest_route=%2Fwp%2Fv2%2Fcomments&post=997"}],"version-history":[{"count":8,"href":"https:\/\/asurb.com\/asurb3\/index.php?rest_route=\/wp\/v2\/pages\/997\/revisions"}],"predecessor-version":[{"id":1136,"href":"https:\/\/asurb.com\/asurb3\/index.php?rest_route=\/wp\/v2\/pages\/997\/revisions\/1136"}],"up":[{"embeddable":true,"href":"https:\/\/asurb.com\/asurb3\/index.php?rest_route=\/wp\/v2\/pages\/26"}],"wp:attachment":[{"href":"https:\/\/asurb.com\/asurb3\/index.php?rest_route=%2Fwp%2Fv2%2Fmedia&parent=997"}],"curies":[{"name":"wp","href":"https:\/\/api.w.org\/{rel}","templated":true}]}}